{"id":27572,"date":"2023-09-20T13:07:55","date_gmt":"2023-09-20T13:07:55","guid":{"rendered":"https:\/\/alex-elec.eu\/?post_type=product&#038;p=27572"},"modified":"2023-09-20T13:07:55","modified_gmt":"2023-09-20T13:07:55","slug":"bureau-container-prefabrique-v5-132m2","status":"publish","type":"product","link":"https:\/\/alex-elec.eu\/nl\/product\/bureau-container-prefabrique-v5-132m2\/","title":{"rendered":"Geprefabriceerde kantoorcontainer V5 \/ 13.2M2"},"content":{"rendered":"<p><strong>Dit geprefabriceerde kantoor is afkomstig van de recycling van een zeecontainer en heeft een totaal binnenoppervlak van 13,2 m2.<\/strong><\/p>\n<p><strong>De V5 prefab kantoorcontainer wordt gebruiksklaar geleverd.<\/strong>\u00a0Zodra hij is uitgeladen op de gekozen locatie, sluit je hem aan en kun je hem gaan gebruiken.<\/p>\n<p>Deze kantoorcontainer voor het hele jaar is standaard uitgerust met hoogwaardige onderdelen voor comfort en duurzaamheid:<\/p>\n<ul>\n<li>houten bekleding<\/li>\n<li>massief eiken parket<\/li>\n<li>ramen en deuren met dubbele beglazing van topkwaliteit<\/li>\n<li>stopcontacten<\/li>\n<li>LED-armatuur<\/li>\n<li>houten lambrisering interieur<\/li>\n<\/ul>\n<p>Daarom zijn ze, in tegenstelling tot \"goedkope\" geprefabriceerde kantoren, goed bestand tegen veroudering en kunnen ze gemakkelijk worden verplaatst. Je hoeft niet langer te kiezen tussen een tijdelijke huur die te lang duurt en een overhaaste, ondoordachte aankoop van onroerend goed.<\/p>\n<p>De kleur van de V5 prefab kantoorcontainer kan worden aangepast, zodat hij harmonieus opgaat in zijn omgeving. Bovendien kun je hem dankzij zijn veelzijdigheid ombouwen tot een vergaderruimte, showroom of zelfs een logeerkamer of tuinatelier, afhankelijk van je behoeften en wensen!<\/p>\n<p>&nbsp;<\/p>\n<p>Beschrijving<\/p>\n<table>\n<tbody>\n<tr>\n<td><strong>Uitwendige lengte:<\/strong><\/td>\n<td>6,03 m<\/td>\n<td><strong>Buitendiepte:<\/strong><\/td>\n<td>2,48 m<\/td>\n<\/tr>\n<tr>\n<td><strong>Inwendige hoogte:<\/strong><\/td>\n<td>2,59 m<\/td>\n<td><strong>Binnenoppervlak:<\/strong><\/td>\n<td>13,2 m2<\/td>\n<\/tr>\n<tr>\n<td><strong>Buitenoppervlak:<\/strong><\/td>\n<td>14,6 m2<\/td>\n<td><strong>Volume:<\/strong><\/td>\n<td>32.12 m3<\/td>\n<\/tr>\n<tr>\n<td><strong>Gewicht:<\/strong><\/td>\n<td>3,1 ton<\/td>\n<td><strong>Levering:<\/strong><\/td>\n<td>Montage<\/td>\n<\/tr>\n<\/tbody>\n<\/table>","protected":false},"excerpt":{"rendered":"<p>Ce bureau pr\u00e9fabriqu\u00e9 provient du recyclage d\u2019un container maritime et totalise 13.2 m2 de surface int\u00e9rieur. Le bureau container pr\u00e9fabriqu\u00e9 V5 est livr\u00e9 pr\u00eat \u00e0 l\u2019emploi.\u00a0D\u00e8s son d\u00e9chargement sur le lieu choisi, vous le branchez et pouvez le mettre en fonction. Ce mod\u00e8le de bureau container habitable toute l\u2019ann\u00e9e est \u00e9quip\u00e9 de s\u00e9rie de composants [&hellip;]<\/p>","protected":false},"featured_media":27573,"comment_status":"open","ping_status":"closed","template":"","meta":{"_monsterinsights_skip_tracking":false,"_monsterinsights_sitenote_active":false,"_monsterinsights_sitenote_note":"","_monsterinsights_sitenote_category":0},"product_cat":[15,104],"product_tag":[],"aioseo_notices":[],"_links":{"self":[{"href":"https:\/\/alex-elec.eu\/nl\/wp-json\/wp\/v2\/product\/27572"}],"collection":[{"href":"https:\/\/alex-elec.eu\/nl\/wp-json\/wp\/v2\/product"}],"about":[{"href":"https:\/\/alex-elec.eu\/nl\/wp-json\/wp\/v2\/types\/product"}],"replies":[{"embeddable":true,"href":"https:\/\/alex-elec.eu\/nl\/wp-json\/wp\/v2\/comments?post=27572"}],"wp:featuredmedia":[{"embeddable":true,"href":"https:\/\/alex-elec.eu\/nl\/wp-json\/wp\/v2\/media\/27573"}],"wp:attachment":[{"href":"https:\/\/alex-elec.eu\/nl\/wp-json\/wp\/v2\/media?parent=27572"}],"wp:term":[{"taxonomy":"product_cat","embeddable":true,"href":"https:\/\/alex-elec.eu\/nl\/wp-json\/wp\/v2\/product_cat?post=27572"},{"taxonomy":"product_tag","embeddable":true,"href":"https:\/\/alex-elec.eu\/nl\/wp-json\/wp\/v2\/product_tag?post=27572"}],"curies":[{"name":"wp","href":"https:\/\/api.w.org\/{rel}","templated":true}]}}