{"id":27535,"date":"2023-09-20T12:52:57","date_gmt":"2023-09-20T12:52:57","guid":{"rendered":"https:\/\/alex-elec.eu\/?post_type=product&#038;p=27535"},"modified":"2023-09-20T12:52:57","modified_gmt":"2023-09-20T12:52:57","slug":"conteneur-maritime-sauna-cabin-v7","status":"publish","type":"product","link":"https:\/\/alex-elec.eu\/nl\/product\/conteneur-maritime-sauna-cabin-v7\/","title":{"rendered":"Verscheepte container saunacabine V7"},"content":{"rendered":"<p>De volledig ge\u00efsoleerde V-7 containersauna heeft een familiesaunaruimte die gemakkelijk plaats biedt aan vier tot vijf personen. Hij wordt kant-en-klaar, ongemonteerd geleverd. U hoeft alleen maar uw containersauna aan te sluiten en de sauna kan meteen aan. De standaarduitvoering heeft een houten buitenkant, mooi eiken parket in de entree en teakhouten vloeren in de sauna en douche. Daarnaast zijn er hoogwaardige deuren en ramen met dubbele beglazing, stopcontacten, LED-verlichting, houten bekleding, een volledig uitgeruste saunaruimte met glazen deur en saunakachel, evenals een douche met Adora-douche en 30-liter boiler.<\/p>\n<p>&nbsp;<\/p>\n<p>Keuken (+\u20ac2.700,00)<\/p>\n<p>&nbsp;<\/p>\n<p>Technische details:<\/p>\n<table>\n<tbody>\n<tr>\n<td>Voorplein:<\/td>\n<td>14.6m\u00b2<\/td>\n<td>Hoogte:<\/td>\n<td>2,59 miljoen<\/td>\n<\/tr>\n<tr>\n<td>Interieur:<\/td>\n<td>13.2m\u00b2<\/td>\n<td>Volume:<\/td>\n<td>32.12m\u00b3<\/td>\n<\/tr>\n<tr>\n<td>Lengte:<\/td>\n<td>6,03 miljoen<\/td>\n<td>Gewicht:<\/td>\n<td>3,5 ton<\/td>\n<\/tr>\n<tr>\n<td>Diepte:<\/td>\n<td>2,48 miljoen<\/td>\n<td>Levering:<\/td>\n<td>Volledig gemonteerd<\/td>\n<\/tr>\n<\/tbody>\n<\/table>\n<p>Meer informatie<\/p>\n<p>Elk jaar worden er wereldwijd duizenden tonnen staal verspild in wegwerpcontainers. Wij hebben een manier gevonden om ze te hergebruiken door er prachtige tuinhuisjes van te maken. Dit geeft de container een geheel nieuwe functie in het leven en voorkomt afvalvervuiling. Al het staal dat we snijden voor de ramen en deuren wordt gerecycled. Elke container heeft een leven in de scheepvaart en heeft een lange weg afgelegd. Net als lachrimpels op menselijke gezichten hebben containers onderweg krassen en eigenaardigheden. Elke container is uniek en deze onvolkomenheden blijven zichtbaar op de cabine, maar doen niets af aan de schoonheid ervan.<\/p>\n<p>&nbsp;<\/p>\n<table>\n<tbody>\n<tr>\n<td>Buitenbekleding:<\/td>\n<\/tr>\n<tr>\n<td><\/td>\n<td>Buitenbekleding in 20 x 95 mm Siberisch lariks<\/td>\n<\/tr>\n<tr>\n<td>Siberisch larikshout is zeer harsrijk en extreem resistent. Het is een van de duurzaamste en duurzaamste zachthoutsoorten ter wereld. Siberisch lariks heeft een indrukwekkende dimensiestabiliteit, lage kosten, weinig onderhoud en hoge productienormen.<\/td>\n<\/tr>\n<tr>\n<td>Raam:<\/td>\n<\/tr>\n<tr>\n<td>Deuren en ramen met zwarte PVC kozijnen. 6 + 6 mm argon gevuld dubbel gehard glas. De kleur van de kozijnen is variabel binnen het kader van de aanbiedingen van de raamfabrikant.<\/td>\n<\/tr>\n<tr>\n<td>Isolatie:<\/td>\n<\/tr>\n<tr>\n<td>Als isolatie werd polyurethaanschuim met gesloten cellen gebruikt. Het polyurethaanschuim sluit alle luchtruimtes af. Zo blijft uw V7 saunacabine koel in de zomer en warm in de winter zonder dat uw financi\u00ebn onder druk komen te staan. Het dak is van binnenuit ge\u00efsoleerd met een 150 mm dikke laag, de muren van binnenuit met een 50 mm dikke laag en de vloer met een 100 mm dikke laag.<\/td>\n<\/tr>\n<tr>\n<td>Interieurbekleding:<\/td>\n<\/tr>\n<tr>\n<td><\/td>\n<td>De binnenwanden en het plafond zijn bekleed met Scandinavisch vurenhout. Het sparrenhout is beschermd met OSMO houtwas, waardoor het een water- en vuilafstotend oppervlak heeft.<\/td>\n<\/tr>\n<tr>\n<td>Aarde:<\/td>\n<\/tr>\n<tr>\n<td>De containervloer werd verwijderd en vervangen door een nieuwe thermisch ge\u00efsoleerde vloer. De eiken vloer werd gebruikt als vloerbedekking. Voor jou betekent dit comfort, stijl en duurzaamheid die generaties lang meegaat.<\/td>\n<\/tr>\n<tr>\n<td>Installatie van verlichting en stopcontacten :<\/td>\n<\/tr>\n<tr>\n<td>\n<ul>\n<li>LED plafondverlichting in het hele Tiny-House<\/li>\n<li>Een buitenlamp<\/li>\n<li>Drie externe aansluitingen<\/li>\n<li>Zes interne stopcontacten<\/li>\n<\/ul>\n<\/td>\n<\/tr>\n<tr>\n<td>Doucheruimte:<\/td>\n<\/tr>\n<tr>\n<td><\/td>\n<td>50L boiler, Adora douchekraan. De kleur van de douchekraan kan worden gekozen - goud, chroom of zwart.<\/td>\n<\/tr>\n<tr>\n<td><\/td>\n<td>De sauna is uitgerust met elzenhout. De HUUM saunakachel is een bekroond ontwerp<\/td>\n<\/tr>\n<\/tbody>\n<\/table>","protected":false},"excerpt":{"rendered":"<p>Le sauna \u00e0 conteneurs enti\u00e8rement isol\u00e9 V-7 dispose d\u2019une salle de sauna familiale pouvant accueillir facilement quatre \u00e0 cinq personnes. Il est livr\u00e9 cl\u00e9 en main d\u00e9mont\u00e9. Il vous suffit de connecter votre sauna en conteneur et vous pouvez d\u00e9marrer le sauna imm\u00e9diatement. La version standard dispose d\u2019un rev\u00eatement ext\u00e9rieur en bois, d\u2019un magnifique parquet [&hellip;]<\/p>","protected":false},"featured_media":27536,"comment_status":"open","ping_status":"closed","template":"","meta":{"_monsterinsights_skip_tracking":false,"_monsterinsights_sitenote_active":false,"_monsterinsights_sitenote_note":"","_monsterinsights_sitenote_category":0},"product_cat":[15,104],"product_tag":[],"aioseo_notices":[],"_links":{"self":[{"href":"https:\/\/alex-elec.eu\/nl\/wp-json\/wp\/v2\/product\/27535"}],"collection":[{"href":"https:\/\/alex-elec.eu\/nl\/wp-json\/wp\/v2\/product"}],"about":[{"href":"https:\/\/alex-elec.eu\/nl\/wp-json\/wp\/v2\/types\/product"}],"replies":[{"embeddable":true,"href":"https:\/\/alex-elec.eu\/nl\/wp-json\/wp\/v2\/comments?post=27535"}],"wp:featuredmedia":[{"embeddable":true,"href":"https:\/\/alex-elec.eu\/nl\/wp-json\/wp\/v2\/media\/27536"}],"wp:attachment":[{"href":"https:\/\/alex-elec.eu\/nl\/wp-json\/wp\/v2\/media?parent=27535"}],"wp:term":[{"taxonomy":"product_cat","embeddable":true,"href":"https:\/\/alex-elec.eu\/nl\/wp-json\/wp\/v2\/product_cat?post=27535"},{"taxonomy":"product_tag","embeddable":true,"href":"https:\/\/alex-elec.eu\/nl\/wp-json\/wp\/v2\/product_tag?post=27535"}],"curies":[{"name":"wp","href":"https:\/\/api.w.org\/{rel}","templated":true}]}}