{"id":27488,"date":"2023-09-20T06:03:26","date_gmt":"2023-09-20T06:03:26","guid":{"rendered":"https:\/\/alex-elec.eu\/?post_type=product&#038;p=27488"},"modified":"2023-09-20T06:03:26","modified_gmt":"2023-09-20T06:03:26","slug":"container-frigorifique-40-pieds","status":"publish","type":"product","link":"https:\/\/alex-elec.eu\/nl\/product\/container-frigorifique-40-pieds\/","title":{"rendered":"40-VOET KOELCONTAINER"},"content":{"rendered":"<p>De tweedehands koelcontainer van 40 voet wordt steeds groter! Hij biedt een indrukwekkende opslagcapaciteit. In een 40-voet container kunnen tussen 20 en 24 pallets worden opgeslagen.<\/p>\n<p>Oppervlakte: 30 m\u00b2<br \/>\nLengte: 12,19 m<br \/>\nInhoud: 68 m3<br \/>\nGewicht: 4590 kg<\/p>","protected":false},"excerpt":{"rendered":"<p>Le conteneur frigorifique 40 pieds d\u2019occasion est un container toujours plus grand ! Il offre une capacit\u00e9 de stockage impressionnante. Le nombre de palettes pouvant \u00eatre stock\u00e9es dans le container 40 pieds est de 20 \u00e0 24 palettes. Surface: 30 m\u00b2 Longueur : 12.19 m Capacit\u00e9 : 68 m3 Poids : 4590 kg<\/p>","protected":false},"featured_media":27489,"comment_status":"open","ping_status":"closed","template":"","meta":{"_monsterinsights_skip_tracking":false,"_monsterinsights_sitenote_active":false,"_monsterinsights_sitenote_note":"","_monsterinsights_sitenote_category":0},"product_cat":[15,105],"product_tag":[],"aioseo_notices":[],"_links":{"self":[{"href":"https:\/\/alex-elec.eu\/nl\/wp-json\/wp\/v2\/product\/27488"}],"collection":[{"href":"https:\/\/alex-elec.eu\/nl\/wp-json\/wp\/v2\/product"}],"about":[{"href":"https:\/\/alex-elec.eu\/nl\/wp-json\/wp\/v2\/types\/product"}],"replies":[{"embeddable":true,"href":"https:\/\/alex-elec.eu\/nl\/wp-json\/wp\/v2\/comments?post=27488"}],"wp:featuredmedia":[{"embeddable":true,"href":"https:\/\/alex-elec.eu\/nl\/wp-json\/wp\/v2\/media\/27489"}],"wp:attachment":[{"href":"https:\/\/alex-elec.eu\/nl\/wp-json\/wp\/v2\/media?parent=27488"}],"wp:term":[{"taxonomy":"product_cat","embeddable":true,"href":"https:\/\/alex-elec.eu\/nl\/wp-json\/wp\/v2\/product_cat?post=27488"},{"taxonomy":"product_tag","embeddable":true,"href":"https:\/\/alex-elec.eu\/nl\/wp-json\/wp\/v2\/product_tag?post=27488"}],"curies":[{"name":"wp","href":"https:\/\/api.w.org\/{rel}","templated":true}]}}