{"id":27478,"date":"2023-09-20T05:44:50","date_gmt":"2023-09-20T05:44:50","guid":{"rendered":"https:\/\/alex-elec.eu\/?post_type=product&#038;p=27478"},"modified":"2023-09-20T05:44:51","modified_gmt":"2023-09-20T05:44:51","slug":"container-10-pieds-isotherme-neuf","status":"publish","type":"product","link":"https:\/\/alex-elec.eu\/nl\/product\/container-10-pieds-isotherme-neuf\/","title":{"rendered":"10-voet ge\u00efsoleerde container Nieuw"},"content":{"rendered":"<p>Le\u00a0<strong>10-voet isothermische container 1e reis<\/strong>\u00a0ook bekend als\u00a0<strong>10-voet isothermische koelcontainer<\/strong>Hij wordt veel gebruikt voor het bewaren van verse producten. Met zijn kleine voetafdruk past de 10-voet isothermische container er zeker in! Houdt de temperatuur in de container zonder motor.<\/p>\n<p>&nbsp;<\/p>\n<p>&nbsp;<\/p>\n<p>Technische specificaties.<\/p>\n<p><strong>Afmetingen binnen<\/strong><\/p>\n<p>-Lengte: 2.389 mm<\/p>\n<p>-Breedte: 2 294 mm<\/p>\n<p>-Hoogte: 2.273 mm<\/p>\n<p>-Binnenhoogte (tot laadlimiet): 2.173 mm<\/p>\n<p>&nbsp;<\/p>\n<p><strong>Uitwendige afmetingen<\/strong><\/p>\n<p>-Lengte: 2.991 mm<\/p>\n<p>-Breedte: 2.438 mm<\/p>\n<p>-Hoogte: 2.591 mm<\/p>\n<p>&nbsp;<\/p>\n<p><strong>Afmetingen deur<\/strong><\/p>\n<p>-Breedte: 2.292 mm<\/p>\n<p>-Hoogte: 2.264 mm<\/p>\n<p><strong>Structuur :\u00a0<\/strong>CORTEN en STAINLESS STAAL<\/p>\n<p><strong>Vloer<\/strong><\/p>\n<p>VLAKKE ALUMINIUM VLOER<\/p>\n<p>270\u00b0 deuropening<\/p>\n<p><strong>Meer informatie<\/strong><\/p>\n<p>- Oppervlakte interieur: 5,48 m2<\/p>\n<p>- Aantal EURO-pallets: 4<\/p>\n<p>-Maximale belasting: 15.000 kg<\/p>\n<p>-Leeggewicht: 2.600 kg<\/p>\n<p>-Maximaal gewicht: 12.400 kg<\/p>\n<p>-Totaal binnenvolume: 12,45 m3<\/p>\n<p>-Bruikbaar intern volume (tot maximale ventilatielijn): 11,91 m3<\/p>\n<p>&nbsp;<\/p>\n<p>Voordelen :<\/p>\n<p>&nbsp;<\/p>\n<p>- Geleverd en klaar voor gebruik<\/p>\n<p>- Geregelde koeleenheid<\/p>\n<p>- 70 mm dikke isolatie<\/p>\n<p>- Gebruiksvriendelijk<\/p>","protected":false},"excerpt":{"rendered":"<p>Le\u00a0conteneur 10 pieds isotherme 1er voyage\u00a0ou appel\u00e9 \u00e9galement\u00a0container 10 pieds isotherme frigorifique, est tr\u00e8s utilis\u00e9 pour l\u2019activit\u00e9 de stockage de produit frais. Avec son faible encombrement, le conteneur 10 pieds isotherme trouve sa place ! Permet de conserver la temp\u00e9rature \u00e0 l\u2019int\u00e9rieur du container sans moteur. &nbsp; &nbsp; Caract\u00e9ristiques techniques. Dimensions int\u00e9rieures -Longueur : 2 [&hellip;]<\/p>","protected":false},"featured_media":27479,"comment_status":"open","ping_status":"closed","template":"","meta":{"_monsterinsights_skip_tracking":false,"_monsterinsights_sitenote_active":false,"_monsterinsights_sitenote_note":"","_monsterinsights_sitenote_category":0},"product_cat":[15,105],"product_tag":[],"aioseo_notices":[],"_links":{"self":[{"href":"https:\/\/alex-elec.eu\/nl\/wp-json\/wp\/v2\/product\/27478"}],"collection":[{"href":"https:\/\/alex-elec.eu\/nl\/wp-json\/wp\/v2\/product"}],"about":[{"href":"https:\/\/alex-elec.eu\/nl\/wp-json\/wp\/v2\/types\/product"}],"replies":[{"embeddable":true,"href":"https:\/\/alex-elec.eu\/nl\/wp-json\/wp\/v2\/comments?post=27478"}],"wp:featuredmedia":[{"embeddable":true,"href":"https:\/\/alex-elec.eu\/nl\/wp-json\/wp\/v2\/media\/27479"}],"wp:attachment":[{"href":"https:\/\/alex-elec.eu\/nl\/wp-json\/wp\/v2\/media?parent=27478"}],"wp:term":[{"taxonomy":"product_cat","embeddable":true,"href":"https:\/\/alex-elec.eu\/nl\/wp-json\/wp\/v2\/product_cat?post=27478"},{"taxonomy":"product_tag","embeddable":true,"href":"https:\/\/alex-elec.eu\/nl\/wp-json\/wp\/v2\/product_tag?post=27478"}],"curies":[{"name":"wp","href":"https:\/\/api.w.org\/{rel}","templated":true}]}}