{"id":27464,"date":"2023-09-20T05:29:58","date_gmt":"2023-09-20T05:29:58","guid":{"rendered":"https:\/\/alex-elec.eu\/?post_type=product&#038;p=27464"},"modified":"2023-09-20T05:29:59","modified_gmt":"2023-09-20T05:29:59","slug":"container-10-pieds-frigorifique-reefer-neuf","status":"publish","type":"product","link":"https:\/\/alex-elec.eu\/nl\/product\/container-10-pieds-frigorifique-reefer-neuf\/","title":{"rendered":"Reefer 10ft koelcontainer Nieuw"},"content":{"rendered":"<p>Le\u00a0<strong>nieuwe 10-voet koelcontainer<\/strong>\u00a0ook bekend als\u00a0<strong>3m koelcontainer<\/strong>\u00a0kan een groot aantal voedingsmiddelen en niet-voedingsproducten opslaan in een gecontroleerde atmosfeer. Omdat deze container vrij zeldzaam is op de tweedehandsmarkt, is hij op maat gemaakt van een 20-voet koelcontainer.<\/p>\n<p>Deze transformaties vereisen een werkplaatsbezoek en rechtvaardigen de hogere prijs dan een standaard 20' of 40' container. De container is zeer schok- en weerbestendig, waterdicht en luchtdicht en voldoet aan alle voorwaarden voor transport buiten Frankrijk (CSC-normen, goedkeuring, enz.).<\/p>\n<p>&nbsp;<\/p>\n<p>&nbsp;<\/p>\n<p>Technische specificaties.<\/p>\n<p><strong>Afmetingen binnen<\/strong><\/p>\n<p>-Lengte: 2.389 mm<\/p>\n<p>-Breedte: 2 294 mm<\/p>\n<p>-Hoogte: 2.273 mm<\/p>\n<p>-Binnenhoogte (tot laadlimiet): 2.173 mm<\/p>\n<p>&nbsp;<\/p>\n<p><strong>Uitwendige afmetingen<\/strong><\/p>\n<p>-Lengte: 2.991 mm<\/p>\n<p>-Breedte: 2.438 mm<\/p>\n<p>-Hoogte: 2.591 mm<\/p>\n<p>&nbsp;<\/p>\n<p><strong>Afmetingen deur<\/strong><\/p>\n<p>-Breedte: 2.292 mm<\/p>\n<p>-Hoogte: 2.264 mm<\/p>\n<p>&nbsp;<\/p>\n<p><strong>Temperatuur :\u00a0\u00a0<\/strong>-25 tot 25\u00b0C<\/p>\n<p>&nbsp;<\/p>\n<p><strong>Koelmiddel<\/strong><\/p>\n<p>-R134 A<\/p>\n<p>-R404<\/p>\n<p>-R442 op aanvraag<\/p>\n<p>&nbsp;<\/p>\n<p><strong>Structuur :\u00a0<\/strong>CORTEN en STAINLESS STAAL<\/p>\n<p><strong>Vloer<\/strong><\/p>\n<p>T-VORMIGE ALUMINIUM RAIL<\/p>\n<p>Beheer via een bedieningspaneel van Daikin, Thermoking of Carrier<\/p>\n<p>Dubbele vleugelopening aan \u00e9\u00e9n kant<\/p>\n<p>270\u00b0 deuropening<\/p>\n<p>&nbsp;<\/p>\n<p><strong>Meer informatie<\/strong><\/p>\n<p>-Maximale belasting: 12.400 kg<\/p>\n<p>-Leeggewicht: 2.600 kg<\/p>\n<p>-Maximaal gewicht: 15.000 kg<\/p>\n<p>-Bruikbaar intern volume (tot maximale ventilatielijn): 11,91 m3<\/p>\n<p>-Totaal binnenvolume: 12,45 m3<\/p>\n<p>&nbsp;<\/p>\n<p>Voordelen :<\/p>\n<p>&nbsp;<\/p>\n<p>-Temperatuurregeling van -25 tot +25\u00b0 door thermostaat<\/p>\n<p>-Nauwkeurig tot +\/- 0,1\u00b0c<\/p>\n<p>-Gebruiksvriendelijk<\/p>\n<p>-Geleverd en klaar voor gebruik<\/p>\n<p>-Gecontroleerde koeleenheid<\/p>\n<p>-70 mm dikke isolatie<\/p>\n<p>-Conformiteit ISO type 12R1 - ISO groep 12RT<\/p>\n<p>Geschikt voor HACCP-plannen (Hazard Analysis Critical Control Point)<\/p>","protected":false},"excerpt":{"rendered":"<p>Le\u00a0container 10 pieds reefer neuf\u00a0, appel\u00e9 aussi\u00a0conteneur 3m frigorifique\u00a0permet de stocker une multitude de produits alimentaires ou non-alimentaires dans une atmosph\u00e8re contr\u00f4l\u00e9e. Ce container \u00e9tant assez rare sur le march\u00e9 de l\u2019occasion, il est alors fabriqu\u00e9 sur mesure \u00e0 partir d\u2019un container 20 pieds reefer. Ces transformations n\u00e9cessitent un passage en atelier et justifient le [&hellip;]<\/p>","protected":false},"featured_media":27465,"comment_status":"open","ping_status":"closed","template":"","meta":{"_monsterinsights_skip_tracking":false,"_monsterinsights_sitenote_active":false,"_monsterinsights_sitenote_note":"","_monsterinsights_sitenote_category":0},"product_cat":[15,105],"product_tag":[],"aioseo_notices":[],"_links":{"self":[{"href":"https:\/\/alex-elec.eu\/nl\/wp-json\/wp\/v2\/product\/27464"}],"collection":[{"href":"https:\/\/alex-elec.eu\/nl\/wp-json\/wp\/v2\/product"}],"about":[{"href":"https:\/\/alex-elec.eu\/nl\/wp-json\/wp\/v2\/types\/product"}],"replies":[{"embeddable":true,"href":"https:\/\/alex-elec.eu\/nl\/wp-json\/wp\/v2\/comments?post=27464"}],"wp:featuredmedia":[{"embeddable":true,"href":"https:\/\/alex-elec.eu\/nl\/wp-json\/wp\/v2\/media\/27465"}],"wp:attachment":[{"href":"https:\/\/alex-elec.eu\/nl\/wp-json\/wp\/v2\/media?parent=27464"}],"wp:term":[{"taxonomy":"product_cat","embeddable":true,"href":"https:\/\/alex-elec.eu\/nl\/wp-json\/wp\/v2\/product_cat?post=27464"},{"taxonomy":"product_tag","embeddable":true,"href":"https:\/\/alex-elec.eu\/nl\/wp-json\/wp\/v2\/product_tag?post=27464"}],"curies":[{"name":"wp","href":"https:\/\/api.w.org\/{rel}","templated":true}]}}