{"id":27441,"date":"2023-09-20T05:15:57","date_gmt":"2023-09-20T05:15:57","guid":{"rendered":"https:\/\/alex-elec.eu\/?post_type=product&#038;p=27441"},"modified":"2023-09-20T05:15:57","modified_gmt":"2023-09-20T05:15:57","slug":"container-40-pieds-frigorifique-reefer-neuf","status":"publish","type":"product","link":"https:\/\/alex-elec.eu\/nl\/product\/container-40-pieds-frigorifique-reefer-neuf\/","title":{"rendered":"Koelcontainer 40ft Nieuw"},"content":{"rendered":"<p>Le\u00a0<strong>nieuwe 40-voet koelcontainer<\/strong>\u00a0ook bekend als\u00a0<strong>12m koelcontainer<\/strong>wordt veel gebruikt voor de opslag van verse producten. De 40\u2032 koelcontainer werkt met een 380V stopcontact. Hij is uitgerust met machines die werken met een temperatuurbereik van +25\u00b0C tot -25\u00b0C.<\/p>\n<p>Al onze koelcontainers worden geleverd met een CSC V\u00e9ritas-certificaat en een geldige PTI-test (koeleenheidstest).<\/p>\n<p>We werken met motoren van Carrier, Thermoking, Daikin en Starcool.<\/p>\n<p>&nbsp;<\/p>\n<p>&nbsp;<\/p>\n<p>Technische specificaties.<\/p>\n<p><strong>Afmetingen binnen<\/strong><\/p>\n<p>-Lengte: 11.583 mm<\/p>\n<p>-Breedte: 2 294 mm<\/p>\n<p>-Hoogte: 2.569 mm<\/p>\n<p>-Binnenhoogte (tot laadlimiet): 2.469 mm<\/p>\n<p>&nbsp;<\/p>\n<p><strong>Uitwendige afmetingen<\/strong><\/p>\n<p>-Lengte: 12.192 mm<\/p>\n<p>-Breedte: 2.438 mm<\/p>\n<p>-Hoogte: 2.896 mm<\/p>\n<p>&nbsp;<\/p>\n<p><strong>Afmetingen deur<\/strong><\/p>\n<p>-Breedte: 2.292 mm<\/p>\n<p>-Hoogte: 2.562 mm<\/p>\n<p>&nbsp;<\/p>\n<p><strong>Temperatuur :\u00a0\u00a0<\/strong>-25 tot 25\u00b0C<\/p>\n<p>&nbsp;<\/p>\n<p><strong>Koelmiddel<\/strong><\/p>\n<p>-R134 A<\/p>\n<p>-R404<\/p>\n<p>-R442 op aanvraag<\/p>\n<p>&nbsp;<\/p>\n<p><strong>Structuur :\u00a0<\/strong>CORTEN en STAINLESS STAAL<\/p>\n<p><strong>Vloer<\/strong><\/p>\n<p>T-VORMIGE ALUMINIUM RAIL<\/p>\n<p>Beheer via een bedieningspaneel van Daikin, Thermoking of Carrier<\/p>\n<p>Opslag voor maximaal 23 europallets<\/p>\n<p>Dubbele vleugelopening aan \u00e9\u00e9n kant<\/p>\n<p>270\u00b0 deuropening<\/p>\n<p>&nbsp;<\/p>\n<p><strong>Meer informatie<\/strong><\/p>\n<p>-Maximale belasting: 29,350 kg<\/p>\n<p>-Leeggewicht: 4.650 kg<\/p>\n<p>-Maximaal gewicht: 34.000 kg<\/p>\n<p>-Bruikbaar intern volume (tot maximale ventilatielijn): 65,60 m3<\/p>\n<p>&nbsp;<\/p>\n<p>Voordelen :<\/p>\n<p>&nbsp;<\/p>\n<p>-Temperatuurregeling van -25 tot +25\u00b0 door thermostaat<\/p>\n<p>-Nauwkeurig tot +\/- 0,1\u00b0c<\/p>\n<p>-Gebruiksvriendelijk<\/p>\n<p>-Geleverd en klaar voor gebruik<\/p>\n<p>-Gecontroleerde koeleenheid<\/p>\n<p>-Temperatuurregeling van -25 tot +25\u00b0 door thermostaat<\/p>\n<p>-70 mm dikke isolatie<\/p>\n<p>-Conformiteit ISO type 45R1 - ISO groep 45RT<\/p>\n<p>Geschikt voor HACCP-plannen (Hazard Analysis Critical Control Point)<\/p>","protected":false},"excerpt":{"rendered":"<p>Le\u00a0container 40 pieds reefer neuf\u00a0ou appel\u00e9 \u00e9galement\u00a0conteneur 12m frigorifique reefer, est tr\u00e8s utilis\u00e9 pour l\u2019activit\u00e9 de stockage de produits frais. Le conteneur 40\u2032 r\u00e9frig\u00e9r\u00e9 fonctionne avec une prise en 380V. Il vient \u00e9quip\u00e9 de machinerie fonctionnant avec une plage de temp\u00e9rature allant de +25\u00b0C \u00e0 -25\u00b0C. Tous nos containers frigorifique Reefer sont livr\u00e9s avec un [&hellip;]<\/p>","protected":false},"featured_media":27442,"comment_status":"open","ping_status":"closed","template":"","meta":{"_monsterinsights_skip_tracking":false,"_monsterinsights_sitenote_active":false,"_monsterinsights_sitenote_note":"","_monsterinsights_sitenote_category":0},"product_cat":[15,105],"product_tag":[],"aioseo_notices":[],"_links":{"self":[{"href":"https:\/\/alex-elec.eu\/nl\/wp-json\/wp\/v2\/product\/27441"}],"collection":[{"href":"https:\/\/alex-elec.eu\/nl\/wp-json\/wp\/v2\/product"}],"about":[{"href":"https:\/\/alex-elec.eu\/nl\/wp-json\/wp\/v2\/types\/product"}],"replies":[{"embeddable":true,"href":"https:\/\/alex-elec.eu\/nl\/wp-json\/wp\/v2\/comments?post=27441"}],"wp:featuredmedia":[{"embeddable":true,"href":"https:\/\/alex-elec.eu\/nl\/wp-json\/wp\/v2\/media\/27442"}],"wp:attachment":[{"href":"https:\/\/alex-elec.eu\/nl\/wp-json\/wp\/v2\/media?parent=27441"}],"wp:term":[{"taxonomy":"product_cat","embeddable":true,"href":"https:\/\/alex-elec.eu\/nl\/wp-json\/wp\/v2\/product_cat?post=27441"},{"taxonomy":"product_tag","embeddable":true,"href":"https:\/\/alex-elec.eu\/nl\/wp-json\/wp\/v2\/product_tag?post=27441"}],"curies":[{"name":"wp","href":"https:\/\/api.w.org\/{rel}","templated":true}]}}