{"id":27433,"date":"2023-09-20T05:10:40","date_gmt":"2023-09-20T05:10:40","guid":{"rendered":"https:\/\/alex-elec.eu\/?post_type=product&#038;p=27433"},"modified":"2023-09-20T05:10:40","modified_gmt":"2023-09-20T05:10:40","slug":"container-40-pieds-isotherme-neuf","status":"publish","type":"product","link":"https:\/\/alex-elec.eu\/nl\/product\/container-40-pieds-isotherme-neuf\/","title":{"rendered":"40ft ge\u00efsoleerde container nieuw"},"content":{"rendered":"<p>Le\u00a0<strong>40-voet ge\u00efsoleerde container 1e reis<\/strong>\u00a0ook bekend als\u00a0<strong>40-voet isothermische koelcontainer<\/strong>Hij wordt veel gebruikt voor het opslaan van verse producten. Met zijn kleine voetafdruk past de 40-voet isothermische container perfect! Houdt de temperatuur in de container zonder motor.<\/p>\n<p>&nbsp;<\/p>\n<p>&nbsp;<\/p>\n<p>Technische specificaties.<\/p>\n<p><strong>Afmetingen binnen<\/strong><\/p>\n<p>-Lengte: 11.583 mm<\/p>\n<p>-Breedte: 2 294 mm<\/p>\n<p>-Totale hoogte: 2.569 mm<\/p>\n<p>-Bruikbare hoogte: 2.469 mm<\/p>\n<p>&nbsp;<\/p>\n<p><strong>Uitwendige afmetingen<\/strong><\/p>\n<p>-Lengte: 12.192 mm<\/p>\n<p>-Breedte: 2.438 mm<\/p>\n<p>-Hoogte: 2.896 mm<\/p>\n<p>&nbsp;<\/p>\n<p><strong>Afmetingen deur<\/strong><\/p>\n<p>-Breedte: 2.292 mm<\/p>\n<p>-Hoogte: 2.562 mm<\/p>\n<p><strong>Structuur :\u00a0<\/strong>CORTEN en STAINLESS STAAL<\/p>\n<p><strong>Vloer<\/strong><\/p>\n<p>VLAKKE ALUMINIUM VLOER<\/p>\n<p>270\u00b0 deuropening<\/p>\n<p><strong>Meer informatie<\/strong><\/p>\n<p>- Binnenoppervlak: 26,57 m2<\/p>\n<p>- Aantal EURO-pallets: 23<\/p>\n<p>-Maximale belasting: 34.000 kg<\/p>\n<p>-Leeggewicht: 4.650 kg<\/p>\n<p>-Maximaal gewicht: 29.350 kg<\/p>\n<p>-Totaal binnenvolume: 68,26 m3<\/p>\n<p>-Bruikbaar intern volume (tot maximale ventilatielijn): 65,60 m3<\/p>\n<p>&nbsp;<\/p>\n<p>Voordelen :<\/p>\n<p>&nbsp;<\/p>\n<p>- Geleverd en klaar voor gebruik<\/p>\n<p>- Geregelde koeleenheid<\/p>\n<p>- 70 mm dikke isolatie<\/p>\n<p>- Gebruiksvriendelijk<\/p>","protected":false},"excerpt":{"rendered":"<p>Le\u00a0conteneur 40 pieds isotherme 1er voyage\u00a0ou appel\u00e9 \u00e9galement\u00a0container 40 pieds isotherme frigorifique, est tr\u00e8s utilis\u00e9 pour l\u2019activit\u00e9 de stockage de produit frais. Avec son faible encombrement, le conteneur 40 pieds isotherme trouve sa place ! Permet de conserver la temp\u00e9rature \u00e0 l\u2019int\u00e9rieur du container sans moteur. &nbsp; &nbsp; Caract\u00e9ristiques techniques. Dimensions int\u00e9rieures -Longueur : 11 [&hellip;]<\/p>","protected":false},"featured_media":27434,"comment_status":"open","ping_status":"closed","template":"","meta":{"_monsterinsights_skip_tracking":false,"_monsterinsights_sitenote_active":false,"_monsterinsights_sitenote_note":"","_monsterinsights_sitenote_category":0},"product_cat":[15,105],"product_tag":[],"aioseo_notices":[],"_links":{"self":[{"href":"https:\/\/alex-elec.eu\/nl\/wp-json\/wp\/v2\/product\/27433"}],"collection":[{"href":"https:\/\/alex-elec.eu\/nl\/wp-json\/wp\/v2\/product"}],"about":[{"href":"https:\/\/alex-elec.eu\/nl\/wp-json\/wp\/v2\/types\/product"}],"replies":[{"embeddable":true,"href":"https:\/\/alex-elec.eu\/nl\/wp-json\/wp\/v2\/comments?post=27433"}],"wp:featuredmedia":[{"embeddable":true,"href":"https:\/\/alex-elec.eu\/nl\/wp-json\/wp\/v2\/media\/27434"}],"wp:attachment":[{"href":"https:\/\/alex-elec.eu\/nl\/wp-json\/wp\/v2\/media?parent=27433"}],"wp:term":[{"taxonomy":"product_cat","embeddable":true,"href":"https:\/\/alex-elec.eu\/nl\/wp-json\/wp\/v2\/product_cat?post=27433"},{"taxonomy":"product_tag","embeddable":true,"href":"https:\/\/alex-elec.eu\/nl\/wp-json\/wp\/v2\/product_tag?post=27433"}],"curies":[{"name":"wp","href":"https:\/\/api.w.org\/{rel}","templated":true}]}}