{"id":27405,"date":"2023-09-19T23:27:08","date_gmt":"2023-09-19T23:27:08","guid":{"rendered":"https:\/\/alex-elec.eu\/?post_type=product&#038;p=27405"},"modified":"2023-09-19T23:27:08","modified_gmt":"2023-09-19T23:27:08","slug":"container-frigorifique-maritime-reefer-20-pieds-occasion","status":"publish","type":"product","link":"https:\/\/alex-elec.eu\/nl\/product\/container-frigorifique-maritime-reefer-20-pieds-occasion\/","title":{"rendered":"Gebruikte 20ft zeecontainer"},"content":{"rendered":"<p>De 20-voet Reefer occasion koelcontainer, ook wel bekend als de 20' koelcontainer, wordt voornamelijk gebruikt voor het opslaan van verse producten.<\/p>\n<p>Je kunt maar liefst 12,9m3 aan goederen opslaan op een oppervlakte van 5,9m2, voor een totale voetafdruk van 6,9m2. Perfect beveiligd met zijn twee (2) rubberen deuren.  De koelcontainer is het perfecte compromis voor mobiele opslag.<\/p>\n<p>&nbsp;<\/p>\n<p>Maritieme koelcontainer,\u00a0<strong>Reefer<\/strong>met draageenheid\u00a0<strong>Dunne lijn<\/strong>Temperatuurbereik\u00a0<strong>-30\u00b0<\/strong>\u00a0\u00e0\u00a0<strong>30\u00b0C<\/strong>\u00a0aanpasbaar.<\/p>\n<p>Interieur van deur met ontgrendeling\u00a0<strong>anti-paniek<\/strong>.<\/p>\n<p>&nbsp;<\/p>\n<p><strong>Afmetingen<\/strong><\/p>\n<p><strong>Lengte: 6,06 m<\/strong><\/p>\n<p><strong>Breedte: 2,44 m,<\/strong><\/p>\n<p><strong>Hoogte: 2,60 m<\/strong><\/p>\n<p><strong>Gewicht: ca. 2990 kg<\/strong><\/p>\n<p><strong>Status: Gebruikt<\/strong><\/p>\n<p>&nbsp;<\/p>\n<p>Prijs die alle huidige concurrentie tart.<\/p>\n<p>Verantwoordelijk voor transport en levering tot installatie op locatie<\/p>","protected":false},"excerpt":{"rendered":"<p>Le\u00a0container frigorifique 20 pieds Reefer\u00a0occasion\u00a0 ou appel\u00e9 \u00e9galement\u00a0container frigorifique 20\u2019\u00a0(20 pieds) est principalement utilis\u00e9 pour le stockage de produits frais. Vous pouvez stocker sur une surface de\u00a05,9m2\u00a0pas moins de\u00a012,9m3\u00a0de marchandise, pour un encombrement total de\u00a06,9m2. Parfaitement s\u00e9curis\u00e9 avec ses portes \u00e0 deux (2) battants joint\u00e9s en caoutchouc pour l\u2019\u00e9tanch\u00e9it\u00e9.\u00a0 Le container frigorifique est un parfait [&hellip;]<\/p>","protected":false},"featured_media":27406,"comment_status":"open","ping_status":"closed","template":"","meta":{"_monsterinsights_skip_tracking":false,"_monsterinsights_sitenote_active":false,"_monsterinsights_sitenote_note":"","_monsterinsights_sitenote_category":0},"product_cat":[15,105],"product_tag":[],"aioseo_notices":[],"_links":{"self":[{"href":"https:\/\/alex-elec.eu\/nl\/wp-json\/wp\/v2\/product\/27405"}],"collection":[{"href":"https:\/\/alex-elec.eu\/nl\/wp-json\/wp\/v2\/product"}],"about":[{"href":"https:\/\/alex-elec.eu\/nl\/wp-json\/wp\/v2\/types\/product"}],"replies":[{"embeddable":true,"href":"https:\/\/alex-elec.eu\/nl\/wp-json\/wp\/v2\/comments?post=27405"}],"wp:featuredmedia":[{"embeddable":true,"href":"https:\/\/alex-elec.eu\/nl\/wp-json\/wp\/v2\/media\/27406"}],"wp:attachment":[{"href":"https:\/\/alex-elec.eu\/nl\/wp-json\/wp\/v2\/media?parent=27405"}],"wp:term":[{"taxonomy":"product_cat","embeddable":true,"href":"https:\/\/alex-elec.eu\/nl\/wp-json\/wp\/v2\/product_cat?post=27405"},{"taxonomy":"product_tag","embeddable":true,"href":"https:\/\/alex-elec.eu\/nl\/wp-json\/wp\/v2\/product_tag?post=27405"}],"curies":[{"name":"wp","href":"https:\/\/api.w.org\/{rel}","templated":true}]}}