{"id":28083,"date":"2023-09-21T18:39:37","date_gmt":"2023-09-21T18:39:37","guid":{"rendered":"https:\/\/alex-elec.eu\/?post_type=product&#038;p=28083"},"modified":"2023-09-23T16:42:02","modified_gmt":"2023-09-23T16:42:02","slug":"conteneur-maritime-doccasion-de-20-pieds-flat-rack","status":"publish","type":"product","link":"https:\/\/alex-elec.eu\/it\/product\/conteneur-maritime-doccasion-de-20-pieds-flat-rack\/","title":{"rendered":"Container marittimo di 20 piedi usato - flat-rack"},"content":{"rendered":"<ul>\n<li>Questo container rack piatto da 20 piedi usato \u00e8 disponibile per la vendita e la consegna. Disponibili in container rack piatti da 20 piedi e 40 piedi, sono ideali per carichi ingombranti e pesanti che non possono essere caricati in un container convenzionale. I container flat rack sono privi di sponde e le estremit\u00e0 possono essere fisse o pieghevoli.\n<p>Il vantaggio del design pieghevole \u00e8 che i contenitori vuoti possono essere impilati per occupare meno spazio.<\/p>\n<p>L'unit\u00e0 comprende anelli di fissaggio nelle guide laterali, nei pianali e nei montanti d'angolo per consentire il fissaggio e il vincolo del carico. Le unit\u00e0 sono disponibili con o senza tasche per forche.<\/p>\n<p>CARATTERISTICHE<\/p>\n<ul>\n<li>Nessuna parete laterale<\/li>\n<li>Anelli di ancoraggio per fissare il carico<\/li>\n<li>Placcato per la spedizione e l'impilamento quando \u00e8 carico (vedere la targhetta per i dettagli)<\/li>\n<\/ul>\n<p>BENEFICI<\/p>\n<ul>\n<li>Ideale per carichi ingombranti, pesanti o insoliti<\/li>\n<li>Popolare per il riutilizzo come ponti e piattaforme<\/li>\n<\/ul>\n<\/li>\n<\/ul>\n<p>&nbsp;<\/p>\n<p>&nbsp;<\/p>\n<p>SPECIFICHE DEL PRODOTTO<\/p>\n<table style=\"height: 251px;\" width=\"288\">\n<tbody>\n<tr>\n<th>Lunghezza esterna (m)<\/th>\n<td>6.06<\/td>\n<\/tr>\n<tr>\n<th>Larghezza esterna (m)<\/th>\n<td>2.44<\/td>\n<\/tr>\n<tr>\n<th>Altezza esterna (m)<\/th>\n<td>2.59<\/td>\n<\/tr>\n<tr>\n<th>Lunghezza interna (m)<\/th>\n<td>5.84<\/td>\n<\/tr>\n<tr>\n<th>Larghezza interna (m)<\/th>\n<td>2.35<\/td>\n<\/tr>\n<tr>\n<th>Altezza interna (m)<\/th>\n<td>2.39<\/td>\n<\/tr>\n<tr>\n<th>Larghezza della porta (m)<\/th>\n<td>2.34<\/td>\n<\/tr>\n<tr>\n<th>Altezza della porta (m)<\/th>\n<td>2.28<\/td>\n<\/tr>\n<\/tbody>\n<\/table>","protected":false},"excerpt":{"rendered":"<p>Ce conteneur flat rack d\u2019occasion de 20 pieds est disponible \u00e0 la vente et \u00e0 la livraison.Disponibles en\u00a0conteneurs plats de 20 pieds et 40 pieds, ils sont id\u00e9aux pour les charges volumineuses et lourdes qui ne peuvent pas \u00eatre charg\u00e9es dans un conteneur conventionnel\u00a0.\u00a0Il n\u2019y a pas de c\u00f4t\u00e9s du tout sur un conteneur \u00e0 [&hellip;]<\/p>","protected":false},"featured_media":28087,"comment_status":"open","ping_status":"closed","template":"","meta":{"_monsterinsights_skip_tracking":false,"_monsterinsights_sitenote_active":false,"_monsterinsights_sitenote_note":"","_monsterinsights_sitenote_category":0},"product_cat":[15,101],"product_tag":[],"aioseo_notices":[],"_links":{"self":[{"href":"https:\/\/alex-elec.eu\/it\/wp-json\/wp\/v2\/product\/28083"}],"collection":[{"href":"https:\/\/alex-elec.eu\/it\/wp-json\/wp\/v2\/product"}],"about":[{"href":"https:\/\/alex-elec.eu\/it\/wp-json\/wp\/v2\/types\/product"}],"replies":[{"embeddable":true,"href":"https:\/\/alex-elec.eu\/it\/wp-json\/wp\/v2\/comments?post=28083"}],"wp:featuredmedia":[{"embeddable":true,"href":"https:\/\/alex-elec.eu\/it\/wp-json\/wp\/v2\/media\/28087"}],"wp:attachment":[{"href":"https:\/\/alex-elec.eu\/it\/wp-json\/wp\/v2\/media?parent=28083"}],"wp:term":[{"taxonomy":"product_cat","embeddable":true,"href":"https:\/\/alex-elec.eu\/it\/wp-json\/wp\/v2\/product_cat?post=28083"},{"taxonomy":"product_tag","embeddable":true,"href":"https:\/\/alex-elec.eu\/it\/wp-json\/wp\/v2\/product_tag?post=28083"}],"curies":[{"name":"wp","href":"https:\/\/api.w.org\/{rel}","templated":true}]}}