{"id":28077,"date":"2023-09-21T18:36:16","date_gmt":"2023-09-21T18:36:16","guid":{"rendered":"https:\/\/alex-elec.eu\/?post_type=product&#038;p=28077"},"modified":"2023-09-23T16:43:31","modified_gmt":"2023-09-23T16:43:31","slug":"conteneur-maritime-20-pieds-modifie-en-bureau","status":"publish","type":"product","link":"https:\/\/alex-elec.eu\/it\/product\/conteneur-maritime-20-pieds-modifie-en-bureau\/","title":{"rendered":"Container da 20 piedi modificato per uso ufficio"},"content":{"rendered":"<p>DETTAGLI DEL PRODOTTO<\/p>\n<p>Questa scrivania per container da 20 piedi \u00e8 una delle nostre pi\u00f9 popolari conversioni per container in vendita. Si basa su un container standard di 20 piedi x 8 piedi ed \u00e8 stato convertito dal nostro team interno di specialisti per essere utilizzato come ufficio domestico, ufficio in giardino o sala hobby.<\/p>\n<p>Un lato lungo di un container standard da 20 piedi x 8 piedi \u00e8 stato completamente rimosso e dotato di porte scorrevoli a tutta altezza con doppio vetro e veneziane integrate.<\/p>\n<p>Telai montati e isolati con isolante Dritherm Earthwool di 50 mm di spessore sulle pareti e isolante Dritherm per solai di 100 mm di spessore sul soffitto, rivestiti con cartongesso da 12,5 mm - pronti per essere rasati o rifiniti a seconda delle esigenze.<\/p>\n<p>Dal punto di vista elettrico, l'unit\u00e0 \u00e8 dotata di un impianto elettrico a incasso e di un cablaggio conforme alle specifiche elevate previste e alle linee pulite della finitura skim. Le specifiche elettriche comprendono 3 strip LED, 4 prese doppie da 13 A e 2 isolatori posteriori da 32 A per le unit\u00e0 di condizionamento dell'aria, se necessario.<\/p>\n<p>Questo tavolo da giardino \u00e8 disponibile per la vendita e la consegna in tutto il Regno Unito.<\/p>\n<p>VANTAGGI DELL'UFFICIO CONTAINER<\/p>\n<ul>\n<li>In magazzino. Pronto per la spedizione<\/li>\n<li>Estetica superiore grazie all'impianto elettrico a incasso e alla preparazione per una finitura a intonaco senza soluzione di continuit\u00e0<\/li>\n<li>Tende di facile utilizzo, protette all'interno della vetrata<\/li>\n<li>Luminoso e spazioso<\/li>\n<li>Ideale per l'uso come ufficio domestico, ufficio aziendale, sala per il tempo libero o sala per la meditazione<\/li>\n<\/ul>\n<p>Questo tavolo contenitore \u00e8 rifinito in RAL6007 (verde). Tuttavia, possiamo riverniciare in qualsiasi colore RAL standard (costo aggiuntivo).<\/p>\n<p>Se siete interessati a personalizzare questa casa\/ufficio da giardino, contattate il nostro team di conversione dei container che sar\u00e0 lieto di discutere le vostre esigenze specifiche.<\/p>\n<p>&nbsp;<\/p>\n<table>\n<tbody>\n<tr>\n<th>Lunghezza esterna (m)<\/th>\n<td>6.058<\/td>\n<\/tr>\n<tr>\n<th>Larghezza esterna (m)<\/th>\n<td>2.438<\/td>\n<\/tr>\n<tr>\n<th>Altezza esterna (m)<\/th>\n<td>2.591<\/td>\n<\/tr>\n<tr>\n<th>Larghezza della porta (m)<\/th>\n<td>2.34<\/td>\n<\/tr>\n<tr>\n<th>Altezza della porta (m)<\/th>\n<td>2.28<\/td>\n<\/tr>\n<tr>\n<th>Numero di strisce o luci LED<\/th>\n<td>3<\/td>\n<\/tr>\n<tr>\n<th>Numero di prese gemelle da 13A<\/th>\n<td>4<\/td>\n<\/tr>\n<\/tbody>\n<\/table>","protected":false},"excerpt":{"rendered":"<p>D\u00c9TAILS DU PRODUIT Ce bureau de conteneur de 20 pieds est l\u2019une de nos\u00a0conversions de conteneurs maritimes\u00a0les plus populaires \u00e0 vendre.\u00a0Il est bas\u00e9 sur un\u00a0conteneur d\u2019exp\u00e9dition standard de 20 pieds x 8 pieds\u00a0et a \u00e9t\u00e9 converti par notre \u00e9quipe interne de sp\u00e9cialistes pour \u00eatre utilis\u00e9 comme bureau \u00e0 domicile, bureau de jardin ou salle de [&hellip;]<\/p>","protected":false},"featured_media":28078,"comment_status":"open","ping_status":"closed","template":"","meta":{"_monsterinsights_skip_tracking":false,"_monsterinsights_sitenote_active":false,"_monsterinsights_sitenote_note":"","_monsterinsights_sitenote_category":0},"product_cat":[15,101],"product_tag":[],"aioseo_notices":[],"_links":{"self":[{"href":"https:\/\/alex-elec.eu\/it\/wp-json\/wp\/v2\/product\/28077"}],"collection":[{"href":"https:\/\/alex-elec.eu\/it\/wp-json\/wp\/v2\/product"}],"about":[{"href":"https:\/\/alex-elec.eu\/it\/wp-json\/wp\/v2\/types\/product"}],"replies":[{"embeddable":true,"href":"https:\/\/alex-elec.eu\/it\/wp-json\/wp\/v2\/comments?post=28077"}],"wp:featuredmedia":[{"embeddable":true,"href":"https:\/\/alex-elec.eu\/it\/wp-json\/wp\/v2\/media\/28078"}],"wp:attachment":[{"href":"https:\/\/alex-elec.eu\/it\/wp-json\/wp\/v2\/media?parent=28077"}],"wp:term":[{"taxonomy":"product_cat","embeddable":true,"href":"https:\/\/alex-elec.eu\/it\/wp-json\/wp\/v2\/product_cat?post=28077"},{"taxonomy":"product_tag","embeddable":true,"href":"https:\/\/alex-elec.eu\/it\/wp-json\/wp\/v2\/product_tag?post=28077"}],"curies":[{"name":"wp","href":"https:\/\/api.w.org\/{rel}","templated":true}]}}