{"id":28066,"date":"2023-09-21T18:31:59","date_gmt":"2023-09-21T18:31:59","guid":{"rendered":"https:\/\/alex-elec.eu\/?post_type=product&#038;p=28066"},"modified":"2023-09-21T18:31:59","modified_gmt":"2023-09-21T18:31:59","slug":"container-maritime-40-pieds-1er-voyage-bleu-ral-5013","status":"publish","type":"product","link":"https:\/\/alex-elec.eu\/it\/product\/container-maritime-40-pieds-1er-voyage-bleu-ral-5013\/","title":{"rendered":"Container Maritime 40 Pieds 1er voyage Blu (RAL 5013)"},"content":{"rendered":"<p>Con una capacit\u00e0 di stoccaggio di quasi 2.500 piedi cubi, i nostri container marittimi ISO da 40' x 8' offrono uno stoccaggio economico e sicuro per carichi ingombranti e voluminosi.<\/p>\n<p>Si tratta di contenitori nuovi (una volta spediti) prodotti in Cina secondo i rigorosi standard ISO.<\/p>\n<p>CARATTERISTICHE DEL NUOVO CONTAINER MARITTIMO DA 40 PIEDI (BLUE RAL 5013)<\/p>\n<ul>\n<li>Nuovo container da 40 piedi (una volta spedito)<\/li>\n<li>CSC placcato (peso lordo) max: 30 tonnellate<\/li>\n<li>Struttura interamente in acciaio Cor-Ten<\/li>\n<li>Doppie porte esterne a battente in fondo<\/li>\n<li>4 Venti<\/li>\n<li>Due barre di bloccaggio su ogni porta<\/li>\n<li>Cassetta di sicurezza montata in fabbrica<\/li>\n<li>2 tasche per carrelli elevatori su ciascun lato<\/li>\n<li>Pavimento in compensato marino da 28 mm su traversine in acciaio<\/li>\n<\/ul>\n<p>Questo contenitore \u00e8 disponibile per l'acquisto online e pu\u00f2 essere consegnato ovunque nel Regno Unito.<\/p>\n<p>Per qualsiasi domanda, contattate il nostro cordiale team di vendita di container.<\/p>","protected":false},"excerpt":{"rendered":"<p>Avec une capacit\u00e9 de stockage de pr\u00e8s de 2 500 pieds cubes, nos conteneurs maritimes ISO de 40 pieds x 8 pieds offrent un stockage \u00e9conomique et s\u00e9curis\u00e9 pour les charges volumineuses \/ volumineuses. Ce sont de nouveaux conteneurs (une fois exp\u00e9di\u00e9s) fabriqu\u00e9s en Chine selon des normes ISO rigoureuses. CARACT\u00c9RISTIQUES DU NOUVEAU CONTENEUR MARITIME [&hellip;]<\/p>","protected":false},"featured_media":28068,"comment_status":"open","ping_status":"closed","template":"","meta":{"_monsterinsights_skip_tracking":false,"_monsterinsights_sitenote_active":false,"_monsterinsights_sitenote_note":"","_monsterinsights_sitenote_category":0},"product_cat":[15,101],"product_tag":[],"aioseo_notices":[],"_links":{"self":[{"href":"https:\/\/alex-elec.eu\/it\/wp-json\/wp\/v2\/product\/28066"}],"collection":[{"href":"https:\/\/alex-elec.eu\/it\/wp-json\/wp\/v2\/product"}],"about":[{"href":"https:\/\/alex-elec.eu\/it\/wp-json\/wp\/v2\/types\/product"}],"replies":[{"embeddable":true,"href":"https:\/\/alex-elec.eu\/it\/wp-json\/wp\/v2\/comments?post=28066"}],"wp:featuredmedia":[{"embeddable":true,"href":"https:\/\/alex-elec.eu\/it\/wp-json\/wp\/v2\/media\/28068"}],"wp:attachment":[{"href":"https:\/\/alex-elec.eu\/it\/wp-json\/wp\/v2\/media?parent=28066"}],"wp:term":[{"taxonomy":"product_cat","embeddable":true,"href":"https:\/\/alex-elec.eu\/it\/wp-json\/wp\/v2\/product_cat?post=28066"},{"taxonomy":"product_tag","embeddable":true,"href":"https:\/\/alex-elec.eu\/it\/wp-json\/wp\/v2\/product_tag?post=28066"}],"curies":[{"name":"wp","href":"https:\/\/api.w.org\/{rel}","templated":true}]}}