{"id":28053,"date":"2023-09-21T18:26:43","date_gmt":"2023-09-21T18:26:43","guid":{"rendered":"https:\/\/alex-elec.eu\/?post_type=product&#038;p=28053"},"modified":"2023-09-23T16:54:12","modified_gmt":"2023-09-23T16:54:12","slug":"20-pieds-standard-6m","status":"publish","type":"product","link":"https:\/\/alex-elec.eu\/it\/product\/20-pieds-standard-6m\/","title":{"rendered":"20 piedi standard - 6 m"},"content":{"rendered":"<p><strong>Contenitore standard da 20 piedi<\/strong><br \/>\nIl nostro container standard da 20 piedi \u00e8 il re del pannello intermodale. Non c'\u00e8 da stupirsi: ha tutto per piacere. Con la certificazione CSC, \u00e8 adatto al trasporto intermodale. Offre molto spazio, ma \u00e8 facile da trasportare. \u00c8 conforme allo standard ISO e pu\u00f2 quindi essere impilato. Grazie al suo solido pavimento, \u00e8 la migliore soluzione di spedizione e stoccaggio al mondo.<\/p>\n<p>&nbsp;<\/p>\n<p>Caratteristiche<\/p>\n<ul>\n<li>Certificazione ISO<\/li>\n<li>Certificazione CSC<\/li>\n<li>Tenuta al vento e all'acqua<\/li>\n<li>Degno di essere trasportato<\/li>\n<li>Pavimento in legno<\/li>\n<\/ul>\n<p>&nbsp;<\/p>\n<p>Dimensioni<\/p>\n<table>\n<tbody>\n<tr>\n<th><\/th>\n<th>Dimensioni esterne<\/th>\n<th>Dimensioni interne<\/th>\n<\/tr>\n<tr>\n<th>Lunghezza<\/th>\n<td>6036 mm<\/td>\n<td>5898 mm<\/td>\n<\/tr>\n<tr>\n<th>Larghezza<\/th>\n<td>2438 mm<\/td>\n<td>2362 mm<\/td>\n<\/tr>\n<tr>\n<th>Altezza<\/th>\n<td>2591 mm<\/td>\n<td>2393 mm<\/td>\n<\/tr>\n<tr>\n<th>Tara<\/th>\n<th>Carico utile massimo<\/th>\n<th>MMA<\/th>\n<\/tr>\n<tr>\n<td>2280 kg<\/td>\n<td>28.200 kg<\/td>\n<td>30480 kg<\/td>\n<\/tr>\n<\/tbody>\n<\/table>","protected":false},"excerpt":{"rendered":"<p>Conteneur de 20 pieds standard Notre conteneur de 20 pieds standard est le roi du panel intermodal. Rien d&rsquo;\u00e9tonnant : il a tout pour plaire. Certifi\u00e9 CSC, il est apte au transport intermodal. Il offre plein d&rsquo;espace, tout en \u00e9tant facilement transportable. Il est conforme \u00e0 la norme ISO et donc empilable. Gr\u00e2ce \u00e0 son [&hellip;]<\/p>","protected":false},"featured_media":28055,"comment_status":"open","ping_status":"closed","template":"","meta":{"_monsterinsights_skip_tracking":false,"_monsterinsights_sitenote_active":false,"_monsterinsights_sitenote_note":"","_monsterinsights_sitenote_category":0},"product_cat":[15,101],"product_tag":[],"aioseo_notices":[],"_links":{"self":[{"href":"https:\/\/alex-elec.eu\/it\/wp-json\/wp\/v2\/product\/28053"}],"collection":[{"href":"https:\/\/alex-elec.eu\/it\/wp-json\/wp\/v2\/product"}],"about":[{"href":"https:\/\/alex-elec.eu\/it\/wp-json\/wp\/v2\/types\/product"}],"replies":[{"embeddable":true,"href":"https:\/\/alex-elec.eu\/it\/wp-json\/wp\/v2\/comments?post=28053"}],"wp:featuredmedia":[{"embeddable":true,"href":"https:\/\/alex-elec.eu\/it\/wp-json\/wp\/v2\/media\/28055"}],"wp:attachment":[{"href":"https:\/\/alex-elec.eu\/it\/wp-json\/wp\/v2\/media?parent=28053"}],"wp:term":[{"taxonomy":"product_cat","embeddable":true,"href":"https:\/\/alex-elec.eu\/it\/wp-json\/wp\/v2\/product_cat?post=28053"},{"taxonomy":"product_tag","embeddable":true,"href":"https:\/\/alex-elec.eu\/it\/wp-json\/wp\/v2\/product_tag?post=28053"}],"curies":[{"name":"wp","href":"https:\/\/api.w.org\/{rel}","templated":true}]}}