{"id":28037,"date":"2023-09-21T18:18:10","date_gmt":"2023-09-21T18:18:10","guid":{"rendered":"https:\/\/alex-elec.eu\/?post_type=product&#038;p=28037"},"modified":"2023-09-21T18:18:10","modified_gmt":"2023-09-21T18:18:10","slug":"container-high-cube-pallet-wide-45-pieds-occasion-classe-c","status":"publish","type":"product","link":"https:\/\/alex-elec.eu\/it\/product\/container-high-cube-pallet-wide-45-pieds-occasion-classe-c\/","title":{"rendered":"Contenitore Alto Cubo Pallet Largo 45 Piedi Occasione (Classe C)"},"content":{"rendered":"<p><strong>Il container usato High Cube da 45 piedi<\/strong>\u00a0\u00e8 adatto per il trasporto marittimo, lo stoccaggio e l'allestimento. Il container cubo di 45 piedi di altezza \u00e8 particolarmente robusto, in quanto l'intera struttura in acciaio Corten \u00e8 costituita da pareti e sponde in lamiera ondulata su cui \u00e8 posato un pavimento in compensato marino di 28 mm.<\/p>\n<p>&nbsp;<\/p>\n<p>&nbsp;<\/p>\n<p>&nbsp;<\/p>\n<p>Specifiche tecniche.<\/p>\n<p>Dimensioni interne:<\/p>\n<p>- Lunghezza: 13.557 mm<br \/>\n- Larghezza: 2.414 mm<br \/>\n- Altezza: 2.690 mm<\/p>\n<p>Dimensioni esterne:<\/p>\n<p>- Lunghezza: 13.716 mm<br \/>\n- Larghezza: 2.438 mm<br \/>\n- Altezza: 2.896 mm<\/p>\n<p>Dimensioni della porta:<\/p>\n<p>- Larghezza: 2 340 mm<br \/>\n- Altezza: 2.580 mm<\/p>\n<p>Struttura: CORTEN completamente saldato<\/p>\n<p>Pavimento: compensato marino da 28 mm<\/p>\n<p>Due robuste porte si aprono all'esterno<br \/>\nSerrature per impieghi gravosi con 4 catenacci verticali a cremonese<br \/>\nLe porte si aprono a 270\u00b0.<\/p>\n<p>Ulteriori informazioni:<\/p>\n<p>- Carico massimo: 25.600 kg<br \/>\n- Peso a vuoto: 4.820 kg<br \/>\n- Peso massimo: 30.420 kg<\/p>\n<p>&nbsp;<\/p>\n<p>Vantaggi :<\/p>\n<p>- Pi\u00f9 30 cm di altezza<br \/>\n- Sicuro e a tenuta stagna<br \/>\n- Magazzino aggiuntivo<br \/>\n- Impilabile in 7 altezze<br \/>\n- Installazione semplice e illimitata<br \/>\n- Struttura autoportante<br \/>\n- Conformit\u00e0 a ISO Tipo 42G1 - Gruppo ISO 42GP<\/p>\n<p>&nbsp;<\/p>\n<p>Il parere dell'esperto :<\/p>\n<p>Il container marittimo 45 HC si apre verso l'esterno a un'estremit\u00e0 ed \u00e8 dotato di una doppia porta bloccabile con due catenacci su ciascuna apertura.<br \/>\n\u00c8 una soluzione multimodale: strada, ferrovia, chiatta e mare. Pu\u00f2 essere trasportato e consegnato con modalit\u00e0 diverse.<br \/>\nIl container da 45 piedi \u00e8 disponibile nella versione a pallet larghi, che consente di aumentare la capacit\u00e0 di disposizione o il numero di europallet (33 pallet o 25% di stoccaggio aggiuntivo).<br \/>\nTutti i nostri nuovi container da 45 piedi a cubo alto (primi viaggi) e i container di seconda mano (ultimi viaggi) sono conformi allo standard CSC (Container Safety Certificate - piastra CSC), che certifica e garantisce la tenuta stagna dei container.<\/p>","protected":false},"excerpt":{"rendered":"<p>Le Container 45 pieds High Cube occasion\u00a0est adapt\u00e9 pour le fret maritime, le stockage et l\u2019am\u00e9nagement. Le conteneur 45 pieds high cube est particuli\u00e8rement r\u00e9sistant car l\u2019int\u00e9gralit\u00e9 de sa structure en acier Corten est compos\u00e9e de parois en t\u00f4le ondul\u00e9e et de longerons sur lequel r\u00e9side un plancher en contreplaqu\u00e9 marine en 28mm. &nbsp; &nbsp; [&hellip;]<\/p>","protected":false},"featured_media":28038,"comment_status":"open","ping_status":"closed","template":"","meta":{"_monsterinsights_skip_tracking":false,"_monsterinsights_sitenote_active":false,"_monsterinsights_sitenote_note":"","_monsterinsights_sitenote_category":0},"product_cat":[15,101],"product_tag":[],"aioseo_notices":[],"_links":{"self":[{"href":"https:\/\/alex-elec.eu\/it\/wp-json\/wp\/v2\/product\/28037"}],"collection":[{"href":"https:\/\/alex-elec.eu\/it\/wp-json\/wp\/v2\/product"}],"about":[{"href":"https:\/\/alex-elec.eu\/it\/wp-json\/wp\/v2\/types\/product"}],"replies":[{"embeddable":true,"href":"https:\/\/alex-elec.eu\/it\/wp-json\/wp\/v2\/comments?post=28037"}],"wp:featuredmedia":[{"embeddable":true,"href":"https:\/\/alex-elec.eu\/it\/wp-json\/wp\/v2\/media\/28038"}],"wp:attachment":[{"href":"https:\/\/alex-elec.eu\/it\/wp-json\/wp\/v2\/media?parent=28037"}],"wp:term":[{"taxonomy":"product_cat","embeddable":true,"href":"https:\/\/alex-elec.eu\/it\/wp-json\/wp\/v2\/product_cat?post=28037"},{"taxonomy":"product_tag","embeddable":true,"href":"https:\/\/alex-elec.eu\/it\/wp-json\/wp\/v2\/product_tag?post=28037"}],"curies":[{"name":"wp","href":"https:\/\/api.w.org\/{rel}","templated":true}]}}