{"id":27995,"date":"2023-09-21T17:53:42","date_gmt":"2023-09-21T17:53:42","guid":{"rendered":"https:\/\/alex-elec.eu\/?post_type=product&#038;p=27995"},"modified":"2023-09-21T17:53:42","modified_gmt":"2023-09-21T17:53:42","slug":"snack-box-20%e2%80%b2-3-faces","status":"publish","type":"product","link":"https:\/\/alex-elec.eu\/it\/product\/snack-box-20%e2%80%b2-3-faces\/","title":{"rendered":"Snack-BOX 20\u2032 \"3 Facce"},"content":{"rendered":"<p><strong>Attrezzatura:<\/strong>\u00a0Contenitore Snack-BOX<br \/>\n<strong>Modello:<\/strong>\u00a020\u2032 ft DRY Transform\u00e9<br \/>\n<strong>Stato:<\/strong>\u00a0EX 1er voyage<br \/>\n<strong>L'anno:<\/strong>\u00a02017<\/p>\n<p><strong>Colore:<\/strong>\u00a09010 (blanc)<br \/>\n<strong>Riferimento:<\/strong>\u00a0FAMU202168-5<br \/>\n<strong>Opzioni incluse:<\/strong>\u00a0Protection cadenas + Am\u00e9nagement + rev\u00eatement de sol en t\u00f4le larm\u00e9e aluminium<br \/>\n<strong>Dettagli del layout:<\/strong><br \/>\n\u2013 5 Vantaux relevables 2.50m x 1.10m<br \/>\n\u2013 \u00c9l\u00e9vation ext: 1.10m int: 0.90m<br \/>\n\u2013 Verrouillage des vantaux depuis l\u2019int\u00e9rieur<br \/>\n\u2013 4 V\u00e9rins r\u00e9glables (en compression n\u00e9gative)<br \/>\n\u2013 3 Appuis bars relevables 0.30m dont PMR<br \/>\n- 1 Raccordo per ricezione PRM<br \/>\n\u2013 Couverture des appuis bars INOX<br \/>\n\u2013 Portillon acc\u00e8s inclus dans la partie PMR<br \/>\n- Dipingere gli elementi modificati<br \/>\n<strong>Dimensioni esterne:<\/strong>\u00a06,05 m X 2,43 m X 2,59 m<br \/>\n<strong>Peso:<\/strong>\u00a02350 kg<br \/>\n<strong>Volume:<\/strong>\u00a033 m3<br \/>\n<strong>Superficie:\u00a0<\/strong>15 m2<br \/>\n<strong>Carico massimo<\/strong>\u00a028.000 kg<\/p>","protected":false},"excerpt":{"rendered":"<p>Mat\u00e9riel:\u00a0Container Snack-BOX Mod\u00e8le:\u00a020\u2032 ft DRY Transform\u00e9 Etat:\u00a0EX 1er voyage Ann\u00e9e:\u00a02017 Couleur:\u00a09010 (blanc) R\u00e9f\u00e9rence:\u00a0FAMU202168-5 Options incluses:\u00a0Protection cadenas + Am\u00e9nagement + rev\u00eatement de sol en t\u00f4le larm\u00e9e aluminium D\u00e9tails de l\u2019am\u00e9nagement: \u2013 5 Vantaux relevables 2.50m x 1.10m \u2013 \u00c9l\u00e9vation ext: 1.10m int: 0.90m \u2013 Verrouillage des vantaux depuis l\u2019int\u00e9rieur \u2013 4 V\u00e9rins r\u00e9glables (en compression n\u00e9gative) [&hellip;]<\/p>","protected":false},"featured_media":27996,"comment_status":"open","ping_status":"closed","template":"","meta":{"_monsterinsights_skip_tracking":false,"_monsterinsights_sitenote_active":false,"_monsterinsights_sitenote_note":"","_monsterinsights_sitenote_category":0},"product_cat":[15,101],"product_tag":[],"aioseo_notices":[],"_links":{"self":[{"href":"https:\/\/alex-elec.eu\/it\/wp-json\/wp\/v2\/product\/27995"}],"collection":[{"href":"https:\/\/alex-elec.eu\/it\/wp-json\/wp\/v2\/product"}],"about":[{"href":"https:\/\/alex-elec.eu\/it\/wp-json\/wp\/v2\/types\/product"}],"replies":[{"embeddable":true,"href":"https:\/\/alex-elec.eu\/it\/wp-json\/wp\/v2\/comments?post=27995"}],"wp:featuredmedia":[{"embeddable":true,"href":"https:\/\/alex-elec.eu\/it\/wp-json\/wp\/v2\/media\/27996"}],"wp:attachment":[{"href":"https:\/\/alex-elec.eu\/it\/wp-json\/wp\/v2\/media?parent=27995"}],"wp:term":[{"taxonomy":"product_cat","embeddable":true,"href":"https:\/\/alex-elec.eu\/it\/wp-json\/wp\/v2\/product_cat?post=27995"},{"taxonomy":"product_tag","embeddable":true,"href":"https:\/\/alex-elec.eu\/it\/wp-json\/wp\/v2\/product_tag?post=27995"}],"curies":[{"name":"wp","href":"https:\/\/api.w.org\/{rel}","templated":true}]}}