{"id":27972,"date":"2023-09-21T17:36:21","date_gmt":"2023-09-21T17:36:21","guid":{"rendered":"https:\/\/alex-elec.eu\/?post_type=product&#038;p=27972"},"modified":"2023-09-21T17:36:21","modified_gmt":"2023-09-21T17:36:21","slug":"conteneur-dacces-lateral-cote-complet-de-20-pieds-occasion","status":"publish","type":"product","link":"https:\/\/alex-elec.eu\/it\/product\/conteneur-dacces-lateral-cote-complet-de-20-pieds-occasion\/","title":{"rendered":"Container 20' full side access"},"content":{"rendered":"<p>Nos conteneurs d\u2019exp\u00e9dition lat\u00e9raux ouverts de 20 pieds usag\u00e9s ont une paire de portes \u00e0 double charni\u00e8re le long d\u2019un c\u00f4t\u00e9 du conteneur donnant un acc\u00e8s lat\u00e9ral complet (FSA) &#8211; ainsi qu\u2019une paire de portes doubles \u00e0 l\u2019extr\u00e9mit\u00e9.<\/p>\n<p>Ces conteneurs FSA sont disponibles \u00e0 la vente en ligne ou en contactant notre \u00e9quipe de vente de conteneurs.<\/p>\n<p>CARACT\u00c9RISTIQUES DU CONTENEUR OUVERT DE 20 PIEDS USAG\u00c9<\/p>\n<ul>\n<li>Occasion \u2013 Wind &amp; Watertight<\/li>\n<li>CSC plaqu\u00e9 (poids brut) max: 24 tonnes<\/li>\n<li>Toute la construction Corten Steel<\/li>\n<li>Une paire de portes doubles \u00e0 l\u2019extr\u00e9mit\u00e9 et une paire de doubles portes \u00e0 charni\u00e8res le long d\u2019un c\u00f4t\u00e9<\/li>\n<li>Due barre di bloccaggio su ogni porta<\/li>\n<li>2 x poches de chariot \u00e9l\u00e9vateur de chaque c\u00f4t\u00e9<\/li>\n<li>Pavimento in compensato marino da 28 mm su traversine in acciaio<\/li>\n<li>8 \u00c9vents<\/li>\n<\/ul>\n<p>&nbsp;<\/p>\n<p>SPECIFICHE DEL PRODOTTO<\/p>\n<table>\n<tbody>\n<tr>\n<th>Lunghezza esterna (m)<\/th>\n<td>6.06<\/td>\n<\/tr>\n<tr>\n<th>Larghezza esterna (m)<\/th>\n<td>2.44<\/td>\n<\/tr>\n<tr>\n<th>Altezza esterna (m)<\/th>\n<td>2.59<\/td>\n<\/tr>\n<tr>\n<th>Lunghezza interna (m)<\/th>\n<td>5.90<\/td>\n<\/tr>\n<tr>\n<th>Larghezza interna (m)<\/th>\n<td>2.29<\/td>\n<\/tr>\n<tr>\n<th>Altezza interna (m)<\/th>\n<td>2.39<\/td>\n<\/tr>\n<tr>\n<th>Larghezza della porta (m)<\/th>\n<td>2.23<\/td>\n<\/tr>\n<tr>\n<th>Largeur de la porte lat\u00e9rale (m)<\/th>\n<td>5.82<\/td>\n<\/tr>\n<tr>\n<th>Altezza della porta (m)<\/th>\n<td>2.14<\/td>\n<\/tr>\n<tr>\n<th>Peso (kg)<\/th>\n<td>3120<\/td>\n<\/tr>\n<tr>\n<th>Tipo di pavimento<\/th>\n<td>Piegatura marina da 28 mm<\/td>\n<\/tr>\n<\/tbody>\n<\/table>","protected":false},"excerpt":{"rendered":"<p>Nos conteneurs d\u2019exp\u00e9dition lat\u00e9raux ouverts de 20 pieds usag\u00e9s ont une paire de portes \u00e0 double charni\u00e8re le long d\u2019un c\u00f4t\u00e9 du conteneur donnant un acc\u00e8s lat\u00e9ral complet (FSA) &#8211; ainsi qu\u2019une paire de portes doubles \u00e0 l\u2019extr\u00e9mit\u00e9. Ces conteneurs FSA sont disponibles \u00e0 la vente en ligne ou en contactant notre \u00e9quipe de vente [&hellip;]<\/p>","protected":false},"featured_media":27976,"comment_status":"open","ping_status":"closed","template":"","meta":{"_monsterinsights_skip_tracking":false,"_monsterinsights_sitenote_active":false,"_monsterinsights_sitenote_note":"","_monsterinsights_sitenote_category":0},"product_cat":[15,101],"product_tag":[],"aioseo_notices":[],"_links":{"self":[{"href":"https:\/\/alex-elec.eu\/it\/wp-json\/wp\/v2\/product\/27972"}],"collection":[{"href":"https:\/\/alex-elec.eu\/it\/wp-json\/wp\/v2\/product"}],"about":[{"href":"https:\/\/alex-elec.eu\/it\/wp-json\/wp\/v2\/types\/product"}],"replies":[{"embeddable":true,"href":"https:\/\/alex-elec.eu\/it\/wp-json\/wp\/v2\/comments?post=27972"}],"wp:featuredmedia":[{"embeddable":true,"href":"https:\/\/alex-elec.eu\/it\/wp-json\/wp\/v2\/media\/27976"}],"wp:attachment":[{"href":"https:\/\/alex-elec.eu\/it\/wp-json\/wp\/v2\/media?parent=27972"}],"wp:term":[{"taxonomy":"product_cat","embeddable":true,"href":"https:\/\/alex-elec.eu\/it\/wp-json\/wp\/v2\/product_cat?post=27972"},{"taxonomy":"product_tag","embeddable":true,"href":"https:\/\/alex-elec.eu\/it\/wp-json\/wp\/v2\/product_tag?post=27972"}],"curies":[{"name":"wp","href":"https:\/\/api.w.org\/{rel}","templated":true}]}}