{"id":27964,"date":"2023-09-21T17:26:57","date_gmt":"2023-09-21T17:26:57","guid":{"rendered":"https:\/\/alex-elec.eu\/?post_type=product&#038;p=27964"},"modified":"2023-09-21T17:26:57","modified_gmt":"2023-09-21T17:26:57","slug":"container-de-stockage-neuf-15-pieds","status":"publish","type":"product","link":"https:\/\/alex-elec.eu\/it\/product\/container-de-stockage-neuf-15-pieds\/","title":{"rendered":"Nuovo container di stoccaggio da 15 piedi"},"content":{"rendered":"<p>Le\u00a0<strong>Nuovo container di stoccaggio da 15 piedi<\/strong>\u00a0\u00e8 il modello precedente a quello da 20 piedi, con una capacit\u00e0 di stoccaggio di\u00a0<strong>18 m\u00b3<\/strong>\u00a0e 9000 kg, per un peso a vuoto di 1400 kg.<\/p>\n<p>&nbsp;<\/p>\n<div>Descrizione<\/div>\n<div>\n<div>\n<p>Contenitore di stoccaggio 15 piedi Nuovo<\/p>\n<p>I nostri container di stoccaggio possono essere utilizzati per soddisfare le esigenze di stoccaggio nei cantieri, nei magazzini, nei depositi all'aperto, nei terreni agricoli o a casa. Si tratta di container di stoccaggio NUOVI, direttamente dalla fabbrica, non di container marittimi \"1\u00b0 viaggio\" che hanno gi\u00e0 navigato.<\/p>\n<p>Il nostro container di stoccaggio da 15 piedi ha un telaio realizzato in<strong>\u00a0sezioni in acciaio, spessore 3 mm<\/strong>,<strong>\u00a0completamente saldato<\/strong>. Le pareti e il soffitto sono realizzati in\u00a0<strong>Lamiera laminata di 1,5 mm di spessore<\/strong>\u00a0e il pavimento \u00e8 fatto di\u00a0<strong>Legno massiccio, spessore 25 mm<\/strong>a prova di umidit\u00e0. \u00c8 dotato di uno sportello di protezione per il lucchetto.<\/p>\n<p>La movimentazione \u00e8 possibile con imbracature o ganci di sollevamento grazie alle 4 prese sul tetto, oppure con un carrello elevatore grazie al passaggio forche nella sottostruttura. Le forche sono posizionate lateralmente, con un interasse di 90 cm.<\/p>\n<p>Specifiche tecniche<\/p>\n<p>DIMENSIONI ESTERNE<\/p>\n<ul>\n<li>Altezza: 225 cm<\/li>\n<li>Larghezza: 220 cm<\/li>\n<li>Profondit\u00e0: 450 cm<\/li>\n<\/ul>\n<p>DIMENSIONI INTERNE<\/p>\n<ul>\n<li>Altezza: 202 cm<\/li>\n<li>Larghezza: 207 cm<\/li>\n<li>Profondit\u00e0: 430 cm<\/li>\n<\/ul>\n<p>TELAIO<\/p>\n<ul>\n<li>Materiale: Profili in acciaio completamente saldati e laccati<\/li>\n<li>Colore: Bianco RAL 9010<\/li>\n<li>Spessore: 3 mm<\/li>\n<li>Movimentazione: 4 prese sul tetto per ganci di sollevamento. Sottotelaio con passaggio forche per carrello elevatore dotato di forche lunghe (250 cm).<\/li>\n<\/ul>\n<p>PARETI E SOFFITTO<\/p>\n<ul>\n<li>Materiale: Lamiera d'acciaio laminata laccata bianca RAL 9010<\/li>\n<li>Spessore: 1,5 mm<\/li>\n<li>Ventilazione: 4 prese d'aria<\/li>\n<\/ul>\n<p>PORTE<\/p>\n<ul>\n<li>Materiale: Acciaio laminato laccato bianco RAL 9010<\/li>\n<li>Ubicazione: attraverso l'ampiezza<\/li>\n<li>A battente: 2<\/li>\n<li>Guarnizioni: guarnizioni in gomma nera<\/li>\n<li>Sicurezza: sportello di protezione per lucchetto<\/li>\n<\/ul>\n<p>PAVIMENTO<\/p>\n<ul>\n<li>Materiale: legno massiccio resistente all'umidit\u00e0<\/li>\n<li>Spessore: 25 mm<\/li>\n<li>Capacit\u00e0: 700 kg\/m\u00b2.<\/li>\n<\/ul>\n<p>SPOSTAMENTO \/ SOLLEVAMENTO<\/p>\n<ul>\n<li>Con carrello elevatore: forche a 90 cm di distanza tra loro per tutta la larghezza<\/li>\n<li>Con la gru: 4 uscite sul tetto per ganci di sollevamento o imbracature<\/li>\n<li>Peso a vuoto: 1400 kg<\/li>\n<\/ul>\n<p>CAPACIT\u00c0<\/p>\n<ul>\n<li>Carico: 9000 kg<\/li>\n<li>Volume: 18 m\u00b3<\/li>\n<\/ul>\n<p>Opzioni possibili<\/p>\n<ul>\n<li>Installazione elettrica (1 interruttore + 2 neon LED + 2 prese, con quadro elettrico e scatola di derivazione)<\/li>\n<li>Pavimento in acciaio<\/li>\n<li>Colori specifici (secondo la tavolozza RAL)<\/li>\n<li>Lucchetto<\/li>\n<\/ul>\n<\/div>\n<\/div>","protected":false},"excerpt":{"rendered":"<p>Le\u00a0Container de stockage neuf de 15 pieds\u00a0est le mod\u00e8le avant le mod\u00e8le 20 pieds, avec une capacit\u00e9 de stockage de\u00a018 m\u00b3\u00a0et de 9000kg, pour un poids \u00e0 vide de 1400 kg. &nbsp; Description Container de Stockage 15 pieds Neuf Nos containers de stockage permettent de r\u00e9pondre aux besoins de stockage sur les chantiers, dans les [&hellip;]<\/p>","protected":false},"featured_media":27965,"comment_status":"open","ping_status":"closed","template":"","meta":{"_monsterinsights_skip_tracking":false,"_monsterinsights_sitenote_active":false,"_monsterinsights_sitenote_note":"","_monsterinsights_sitenote_category":0},"product_cat":[15,102],"product_tag":[],"aioseo_notices":[],"_links":{"self":[{"href":"https:\/\/alex-elec.eu\/it\/wp-json\/wp\/v2\/product\/27964"}],"collection":[{"href":"https:\/\/alex-elec.eu\/it\/wp-json\/wp\/v2\/product"}],"about":[{"href":"https:\/\/alex-elec.eu\/it\/wp-json\/wp\/v2\/types\/product"}],"replies":[{"embeddable":true,"href":"https:\/\/alex-elec.eu\/it\/wp-json\/wp\/v2\/comments?post=27964"}],"wp:featuredmedia":[{"embeddable":true,"href":"https:\/\/alex-elec.eu\/it\/wp-json\/wp\/v2\/media\/27965"}],"wp:attachment":[{"href":"https:\/\/alex-elec.eu\/it\/wp-json\/wp\/v2\/media?parent=27964"}],"wp:term":[{"taxonomy":"product_cat","embeddable":true,"href":"https:\/\/alex-elec.eu\/it\/wp-json\/wp\/v2\/product_cat?post=27964"},{"taxonomy":"product_tag","embeddable":true,"href":"https:\/\/alex-elec.eu\/it\/wp-json\/wp\/v2\/product_tag?post=27964"}],"curies":[{"name":"wp","href":"https:\/\/api.w.org\/{rel}","templated":true}]}}