{"id":27946,"date":"2023-09-21T17:13:51","date_gmt":"2023-09-21T17:13:51","guid":{"rendered":"https:\/\/alex-elec.eu\/?post_type=product&#038;p=27946"},"modified":"2023-09-21T17:13:51","modified_gmt":"2023-09-21T17:13:51","slug":"container-20-pieds-open-side-neuf","status":"publish","type":"product","link":"https:\/\/alex-elec.eu\/it\/product\/container-20-pieds-open-side-neuf\/","title":{"rendered":"Contenitore 20 piedi lato aperto Nuovo"},"content":{"rendered":"<p>Le\u00a0<strong>Contenitore laterale aperto da 20 piedi<\/strong>\u00a0 nuovo. Il container da 20 piedi ad apertura laterale \u00e8 molto robusto, con la sua struttura in acciaio corten e la copertura con lucchetto, che garantisce la sicurezza dei prodotti stoccati.<\/p>\n<p>&nbsp;<\/p>\n<p>&nbsp;<\/p>\n<p>Specifiche tecniche.<\/p>\n<p>Dimensioni interne:<\/p>\n<p>- Lunghezza: 5844 mm<br \/>\n- Larghezza: 2350 mm<br \/>\n- Altezza: 2495 mm<\/p>\n<p>Dimensioni esterne:<\/p>\n<p>- Lunghezza: 6058 mm<br \/>\n- Larghezza: 2438 mm<br \/>\n- Altezza: 2591 mm<\/p>\n<p>Dimensioni della porta:<\/p>\n<p>- Larghezza: 2114 mm<br \/>\n- Altezza: 2474 mm<\/p>\n<p><strong>Apertura porta laterale: 5508 mm<\/strong><\/p>\n<p>Struttura: CORTEN completamente saldato<\/p>\n<p>Pavimento: OSB 22 mm \/ Compensato marino 21 mm \/ Pavimento in acciaio 3+1 mm<\/p>\n<p>Le porte si aprono a 270\u00b0.<\/p>\n<p>Ulteriori informazioni:<\/p>\n<p>-Peso: 3.400 kg<\/p>\n<p>-Carico massimo: 20.100 kg<\/p>\n<p>-Peso massimo: 24.600 kg<\/p>\n<p>&nbsp;<\/p>\n<p>Le\u00a0<strong>Contenitore laterale aperto da 20 piedi<\/strong>\u00a0 1st trip o anche noto come nuovo container laterale aperto da 20'. Il container laterale aperto da 20' \u00e8 molto robusto, grazie alla sua struttura in acciaio corten e alla copertura con lucchetto, che garantisce la sicurezza dei prodotti stoccati.<\/p>\n<p>&nbsp;<\/p>\n<p>Fianchi e fronte in lamiera d'acciaio con ventilazione laterale, porta a due ante con barre di chiusura. Angoli ISO e tasche portaforche, a tenuta d'acqua e d'aria, pavimento in legno su traversine in acciaio.<\/p>","protected":false},"excerpt":{"rendered":"<p>Le\u00a0conteneur 20 pieds open side\u00a0 neuf. Le container 20 pieds ouverture lat\u00e9rale est tr\u00e8s robuste avec sa structure en acier corten et son cache cadenas, il vous garantit la s\u00e9curit\u00e9 des produits stock\u00e9. &nbsp; &nbsp; Caract\u00e9ristiques techniques. Dimensions int\u00e9rieures: &#8211; Longueur : 5844 mm &#8211; Largeur :\u00a0 \u00a02350 mm &#8211; Hauteur :\u00a0 \u00a02495 mm Dimensions [&hellip;]<\/p>","protected":false},"featured_media":27947,"comment_status":"open","ping_status":"closed","template":"","meta":{"_monsterinsights_skip_tracking":false,"_monsterinsights_sitenote_active":false,"_monsterinsights_sitenote_note":"","_monsterinsights_sitenote_category":0},"product_cat":[15,102],"product_tag":[],"aioseo_notices":[],"_links":{"self":[{"href":"https:\/\/alex-elec.eu\/it\/wp-json\/wp\/v2\/product\/27946"}],"collection":[{"href":"https:\/\/alex-elec.eu\/it\/wp-json\/wp\/v2\/product"}],"about":[{"href":"https:\/\/alex-elec.eu\/it\/wp-json\/wp\/v2\/types\/product"}],"replies":[{"embeddable":true,"href":"https:\/\/alex-elec.eu\/it\/wp-json\/wp\/v2\/comments?post=27946"}],"wp:featuredmedia":[{"embeddable":true,"href":"https:\/\/alex-elec.eu\/it\/wp-json\/wp\/v2\/media\/27947"}],"wp:attachment":[{"href":"https:\/\/alex-elec.eu\/it\/wp-json\/wp\/v2\/media?parent=27946"}],"wp:term":[{"taxonomy":"product_cat","embeddable":true,"href":"https:\/\/alex-elec.eu\/it\/wp-json\/wp\/v2\/product_cat?post=27946"},{"taxonomy":"product_tag","embeddable":true,"href":"https:\/\/alex-elec.eu\/it\/wp-json\/wp\/v2\/product_tag?post=27946"}],"curies":[{"name":"wp","href":"https:\/\/api.w.org\/{rel}","templated":true}]}}