{"id":27937,"date":"2023-09-21T17:10:31","date_gmt":"2023-09-21T17:10:31","guid":{"rendered":"https:\/\/alex-elec.eu\/?post_type=product&#038;p=27937"},"modified":"2023-09-21T17:10:31","modified_gmt":"2023-09-21T17:10:31","slug":"container-15-pieds-open-side-stockage-neuf","status":"publish","type":"product","link":"https:\/\/alex-elec.eu\/it\/product\/container-15-pieds-open-side-stockage-neuf\/","title":{"rendered":"Contenitore di stoccaggio laterale aperto di 15 piedi Nuovo"},"content":{"rendered":"<p>Le\u00a0<strong>Contenitore di stoccaggio laterale aperto da 15' nuovo<\/strong>\u00a0\u00e8 ampiamente utilizzato per i cantieri edili e per il self-storage. Il container da 15 piedi ad apertura laterale ha una porta a due ante con copertura a lucchetto.<\/p>\n<p>&nbsp;<\/p>\n<p>&nbsp;<\/p>\n<p>Specifiche tecniche.<\/p>\n<p>Dimensioni interne:<\/p>\n<p>- Lunghezza: 4300 mm<br \/>\n- Larghezza: 2308 mm<br \/>\n- Altezza: 2361 mm<\/p>\n<p>Dimensioni esterne:<\/p>\n<p>- Lunghezza: 4500 mm<br \/>\n- Larghezza: 2438 mm<br \/>\n- Altezza: 2591 mm<\/p>\n<p>Dimensioni della porta:<\/p>\n<p>- Larghezza: 2340 mm<br \/>\n- Altezza: 2280 mm<\/p>\n<p>Struttura: CORTEN completamente saldato<\/p>\n<p>Pavimento: OSB 22 mm \/ Compensato marino 21 mm \/ Pavimento in acciaio 3+1 mm<\/p>\n<p>Le porte si aprono a 270\u00b0.<\/p>\n<p>Ulteriori informazioni:<\/p>\n<p>-Peso: 980 kg<\/p>\n<p>-Carico massimo: kg<\/p>\n<p>-Peso massimo: kg<\/p>\n<p>&nbsp;<\/p>\n<p>Il container aperto da 15 piedi per il nuovo stoccaggio \u00e8 ampiamente utilizzato nei cantieri edili o per il self-storage. Il container aperto da 15 piedi ha una porta a due ante con copertura a lucchetto.<\/p>\n<p>La struttura dei container laterali aperti \u00e8 realizzata in acciaio profilato di 4 mm di spessore. Le pareti e i soffitti sono in acciaio profilato di 1,5 mm di spessore con prese d'aria. Sono dotati di una porta a 4 ante per tutta la lunghezza con sistema antieffrazione. Il container di stoccaggio OS da 15 piedi \u00e8 dotato di 4 angoli iso per l'imbracatura e la base consente il passaggio delle forche dei carrelli elevatori. Il pavimento \u00e8 in legno massiccio di 25 mm di spessore, con trattamento antiumidit\u00e0.<\/p>","protected":false},"excerpt":{"rendered":"<p>Le\u00a0Conteneur 15 pieds open side stockage neuf\u00a0est tr\u00e8s utilis\u00e9 pour les chantiers ou pour l\u2019activit\u00e9 de self-stockage. Le container 15 pieds ouverture lat\u00e9rale est \u00e9quip\u00e9 d\u2019une porte \u00e0 double battant avec cache cadenas. &nbsp; &nbsp; Caract\u00e9ristiques techniques. Dimensions int\u00e9rieures: &#8211; Longueur : 4300 mm &#8211; Largeur :\u00a0 \u00a02308 mm &#8211; Hauteur :\u00a0 \u00a02361 mm Dimensions [&hellip;]<\/p>","protected":false},"featured_media":27938,"comment_status":"open","ping_status":"closed","template":"","meta":{"_monsterinsights_skip_tracking":false,"_monsterinsights_sitenote_active":false,"_monsterinsights_sitenote_note":"","_monsterinsights_sitenote_category":0},"product_cat":[15,102],"product_tag":[],"aioseo_notices":[],"_links":{"self":[{"href":"https:\/\/alex-elec.eu\/it\/wp-json\/wp\/v2\/product\/27937"}],"collection":[{"href":"https:\/\/alex-elec.eu\/it\/wp-json\/wp\/v2\/product"}],"about":[{"href":"https:\/\/alex-elec.eu\/it\/wp-json\/wp\/v2\/types\/product"}],"replies":[{"embeddable":true,"href":"https:\/\/alex-elec.eu\/it\/wp-json\/wp\/v2\/comments?post=27937"}],"wp:featuredmedia":[{"embeddable":true,"href":"https:\/\/alex-elec.eu\/it\/wp-json\/wp\/v2\/media\/27938"}],"wp:attachment":[{"href":"https:\/\/alex-elec.eu\/it\/wp-json\/wp\/v2\/media?parent=27937"}],"wp:term":[{"taxonomy":"product_cat","embeddable":true,"href":"https:\/\/alex-elec.eu\/it\/wp-json\/wp\/v2\/product_cat?post=27937"},{"taxonomy":"product_tag","embeddable":true,"href":"https:\/\/alex-elec.eu\/it\/wp-json\/wp\/v2\/product_tag?post=27937"}],"curies":[{"name":"wp","href":"https:\/\/api.w.org\/{rel}","templated":true}]}}