{"id":27898,"date":"2023-09-21T12:27:34","date_gmt":"2023-09-21T12:27:34","guid":{"rendered":"https:\/\/alex-elec.eu\/?post_type=product&#038;p=27898"},"modified":"2023-09-21T12:27:35","modified_gmt":"2023-09-21T12:27:35","slug":"container-flat-20","status":"publish","type":"product","link":"https:\/\/alex-elec.eu\/it\/product\/container-flat-20\/","title":{"rendered":"Contenitore Flat 20"},"content":{"rendered":"<p><strong>Les Containers flat 20 pieds<\/strong>\u00a0sono disponibili con pareti terminali fisse o pieghevoli. Vengono utilizzati per il trasporto di carichi pesanti.<\/p>\n<p>I container sono controllati meticolosamente prima della consegna e hanno una data CSC valida, a garanzia della qualit\u00e0 e della sicurezza degli standard internazionali;<\/p>\n<p>I contenitori possono essere spediti in tutto il mondo.<\/p>\n<p>&nbsp;<\/p>\n<p>&nbsp;<\/p>\n<p>Specifiche tecniche.<\/p>\n<p>Dimensioni interne:<\/p>\n<p>&#8211; Longueur : 5 960 mm<br \/>\n&#8211; Largeur : 2 400 mm<br \/>\n&#8211; Hauteur :\u00a0 2 290 mm<\/p>\n<p>Dimensioni esterne:<\/p>\n<p>- Lunghezza: 6.058 mm<br \/>\n- Larghezza: 2.438 mm<br \/>\n- Altezza: 2.591 mm<\/p>\n<p>Ulteriori informazioni:<\/p>\n<p>-Poids \u00e0 vide : 3050 kg<br \/>\n-Capacit\u00e9 de chargement : 23500 kg<br \/>\n-Poids brut : 30480 kg<br \/>\n-Contenu solide : 17,5 m\u00b3<\/p>\n<p>&nbsp;<\/p>\n<p>Vantaggi :<\/p>\n<p>- Dedicato alle attrezzature standard fuori misura<\/p>\n<p>- Carichi pesanti fino a 50 tonnellate<br \/>\n- Realizzato per l'import-export<br \/>\n- Soluzione multimodale<br \/>\n- Trasporto facile e illimitato<br \/>\n&nbsp;<\/p>\n<p>Il parere dell'esperto :<\/p>\n<p>Le container maritime 20 Flat est utilis\u00e9 pour le chargement de marchandises encombrantes telles que des v\u00e9hicules, des grumes de bois, engins agricoles, machinerie lourde, engins miniers, cuve de stockage, couronne de tuyauterie, tourets de c\u00e2bles, bobines d\u2019acier, etc.<\/p>\n<p>Il contenitore piatto \u00e8 fatto apposta per voi, poich\u00e9 supera la larghezza e l'altezza standard ed \u00e8 impermeabile alle intemperie.<\/p>\n<p>Il contenitore Flat \u00e8 disponibile in 3 forme:<\/p>\n<p>Le container 20 pieds Flat platform : Plateformes simple avec un passage de fourches pour manipuler le container.<\/p>\n<p>Le container 20 pieds Flat Fix Hands : Plateformes avec 4 poteaux ou deux parois fixes avec des coins iso.<\/p>\n<p>Le container 20\u00a0 pieds Flat Rack Collapsible : Plateformes avec 2 parois amovibles et encastrables. C\u2019est une solution id\u00e9ale pour stocker un grand nombre de containers flat sur un espace restreint.<\/p>\n<p>\u00c8 particolarmente resistente perch\u00e9 l'intera struttura \u00e8 realizzata in acciaio Corten. Non ha pareti, tranne che sui lati di alcuni prodotti. Il pavimento \u00e8 in lamiera rinforzata o in legno.<\/p>\n<p>\u00c8 una soluzione multimodale, su strada, ferrovia, chiatta e mare. Pu\u00f2 essere trasportato e consegnato con diversi mezzi.<\/p>","protected":false},"excerpt":{"rendered":"<p>Les Containers flat 20 pieds\u00a0existent avec des parois d&rsquo;extr\u00e9mit\u00e9 fixes ou rabattables. Ils sont utilis\u00e9s pour empoter des cargaisons lourdes. Les conteneurs sont minutieusement contr\u00f4l\u00e9s avant la livraison et qu&rsquo;ils ont un CSC-date valide, ce qui garantit la qualit\u00e9 et la s\u00e9curit\u00e9 des normes internationales; Les conteneurs peuvent \u00eatre exp\u00e9di\u00e9s dans le monde entier. &nbsp; [&hellip;]<\/p>","protected":false},"featured_media":27899,"comment_status":"open","ping_status":"closed","template":"","meta":{"_monsterinsights_skip_tracking":false,"_monsterinsights_sitenote_active":false,"_monsterinsights_sitenote_note":"","_monsterinsights_sitenote_category":0},"product_cat":[15,102],"product_tag":[],"aioseo_notices":[],"_links":{"self":[{"href":"https:\/\/alex-elec.eu\/it\/wp-json\/wp\/v2\/product\/27898"}],"collection":[{"href":"https:\/\/alex-elec.eu\/it\/wp-json\/wp\/v2\/product"}],"about":[{"href":"https:\/\/alex-elec.eu\/it\/wp-json\/wp\/v2\/types\/product"}],"replies":[{"embeddable":true,"href":"https:\/\/alex-elec.eu\/it\/wp-json\/wp\/v2\/comments?post=27898"}],"wp:featuredmedia":[{"embeddable":true,"href":"https:\/\/alex-elec.eu\/it\/wp-json\/wp\/v2\/media\/27899"}],"wp:attachment":[{"href":"https:\/\/alex-elec.eu\/it\/wp-json\/wp\/v2\/media?parent=27898"}],"wp:term":[{"taxonomy":"product_cat","embeddable":true,"href":"https:\/\/alex-elec.eu\/it\/wp-json\/wp\/v2\/product_cat?post=27898"},{"taxonomy":"product_tag","embeddable":true,"href":"https:\/\/alex-elec.eu\/it\/wp-json\/wp\/v2\/product_tag?post=27898"}],"curies":[{"name":"wp","href":"https:\/\/api.w.org\/{rel}","templated":true}]}}