{"id":27893,"date":"2023-09-21T12:24:50","date_gmt":"2023-09-21T12:24:50","guid":{"rendered":"https:\/\/alex-elec.eu\/?post_type=product&#038;p=27893"},"modified":"2023-09-21T12:24:50","modified_gmt":"2023-09-21T12:24:50","slug":"container-flat-40-neuf","status":"publish","type":"product","link":"https:\/\/alex-elec.eu\/it\/product\/container-flat-40-neuf\/","title":{"rendered":"Container Flat 40 Nuovo"},"content":{"rendered":"<p><strong>Contenitori piatti da 40 piedi<\/strong>\u00a0sono disponibili con pareti terminali fisse o pieghevoli. Vengono utilizzati per il trasporto di carichi pesanti.<\/p>\n<p>I container sono controllati meticolosamente prima della consegna e hanno una data CSC valida, a garanzia della qualit\u00e0 e della sicurezza degli standard internazionali;<\/p>\n<p>I contenitori possono essere spediti in tutto il mondo.<\/p>\n<p>&nbsp;<\/p>\n<p>&nbsp;<\/p>\n<p>Specifiche tecniche.<\/p>\n<p>Dimensioni interne:<\/p>\n<p>- Lunghezza: 11.650 mm<br \/>\n- Larghezza: 2 350 mm<br \/>\n- Altezza: 1.960 mm<\/p>\n<p>Dimensioni esterne:<\/p>\n<p>- Lunghezza: 12.192 mm<br \/>\n- Larghezza: 2.438 mm<br \/>\n- Altezza: 2 591 mm<\/p>\n<p>Ulteriori informazioni:<\/p>\n<p>-Capacit\u00e0 di carico: 44.650 kg<\/p>\n<p>&nbsp;<\/p>\n<p>Vantaggi :<\/p>\n<p>- Dedicato alle attrezzature standard fuori misura<\/p>\n<p>- Carichi pesanti fino a 50 tonnellate<br \/>\n- Realizzato per l'import-export<br \/>\n- Soluzione multimodale<br \/>\n- Trasporto facile e illimitato<br \/>\n&nbsp;<\/p>\n<p>Il parere dell'esperto :<\/p>\n<p>Il container marittimo 40 Flat \u00e8 utilizzato per caricare merci ingombranti come veicoli, tronchi, macchinari agricoli, macchinari pesanti, attrezzature minerarie, serbatoi di stoccaggio, bobine di tubi, bobine di cavi, bobine di acciaio, ecc.<\/p>\n<p>Il contenitore piatto \u00e8 fatto apposta per voi, poich\u00e9 supera la larghezza e l'altezza standard ed \u00e8 impermeabile alle intemperie.<\/p>\n<p>Il contenitore Flat \u00e8 disponibile in 3 forme:<\/p>\n<p>Il container da 40 piedi Piattaforma piatta: piattaforme semplici con forche per movimentare il container.<\/p>\n<p>Il container Flat Fix Hands da 40 piedi: piattaforme con 4 pali o due pareti fisse con angoli iso.<\/p>\n<p>Il contenitore Flat Rack pieghevole da 40 piedi: piattaforme con 2 pareti rimovibili e integrate. \u00c8 la soluzione ideale per stoccare un gran numero di contenitori piatti in uno spazio ridotto.<\/p>\n<p>\u00c8 particolarmente resistente perch\u00e9 l'intera struttura \u00e8 realizzata in acciaio Corten. Non ha pareti, tranne che sui lati di alcuni prodotti. Il pavimento \u00e8 in lamiera rinforzata o in legno.<\/p>\n<p>\u00c8 una soluzione multimodale, su strada, ferrovia, chiatta e mare. Pu\u00f2 essere trasportato e consegnato con diversi mezzi.<\/p>","protected":false},"excerpt":{"rendered":"<p>Les Containers flat 40 pieds\u00a0existent avec des parois d&rsquo;extr\u00e9mit\u00e9 fixes ou rabattables. Ils sont utilis\u00e9s pour empoter des cargaisons lourdes. Les conteneurs sont minutieusement contr\u00f4l\u00e9s avant la livraison et qu&rsquo;ils ont un CSC-date valide, ce qui garantit la qualit\u00e9 et la s\u00e9curit\u00e9 des normes internationales; Les conteneurs peuvent \u00eatre exp\u00e9di\u00e9s dans le monde entier. &nbsp; [&hellip;]<\/p>","protected":false},"featured_media":27894,"comment_status":"open","ping_status":"closed","template":"","meta":{"_monsterinsights_skip_tracking":false,"_monsterinsights_sitenote_active":false,"_monsterinsights_sitenote_note":"","_monsterinsights_sitenote_category":0},"product_cat":[15,102],"product_tag":[],"aioseo_notices":[],"_links":{"self":[{"href":"https:\/\/alex-elec.eu\/it\/wp-json\/wp\/v2\/product\/27893"}],"collection":[{"href":"https:\/\/alex-elec.eu\/it\/wp-json\/wp\/v2\/product"}],"about":[{"href":"https:\/\/alex-elec.eu\/it\/wp-json\/wp\/v2\/types\/product"}],"replies":[{"embeddable":true,"href":"https:\/\/alex-elec.eu\/it\/wp-json\/wp\/v2\/comments?post=27893"}],"wp:featuredmedia":[{"embeddable":true,"href":"https:\/\/alex-elec.eu\/it\/wp-json\/wp\/v2\/media\/27894"}],"wp:attachment":[{"href":"https:\/\/alex-elec.eu\/it\/wp-json\/wp\/v2\/media?parent=27893"}],"wp:term":[{"taxonomy":"product_cat","embeddable":true,"href":"https:\/\/alex-elec.eu\/it\/wp-json\/wp\/v2\/product_cat?post=27893"},{"taxonomy":"product_tag","embeddable":true,"href":"https:\/\/alex-elec.eu\/it\/wp-json\/wp\/v2\/product_tag?post=27893"}],"curies":[{"name":"wp","href":"https:\/\/api.w.org\/{rel}","templated":true}]}}