{"id":27879,"date":"2023-09-21T10:46:54","date_gmt":"2023-09-21T10:46:54","guid":{"rendered":"https:\/\/alex-elec.eu\/?post_type=product&#038;p=27879"},"modified":"2023-09-21T10:46:54","modified_gmt":"2023-09-21T10:46:54","slug":"container-de-stockage-de-20-pieds-avec-ouverture-porte-garage-sectionnelle","status":"publish","type":"product","link":"https:\/\/alex-elec.eu\/it\/product\/container-de-stockage-de-20-pieds-avec-ouverture-porte-garage-sectionnelle\/","title":{"rendered":"Contenitore di stoccaggio da 20 piedi con apertura della porta del garage sezionale"},"content":{"rendered":"<p>Questo contenitore \u00e8 una soluzione pratica ed economica per lo stoccaggio temporaneo e il trasporto di materiali e attrezzature.<\/p>\n<p>\u00c8 stato progettato per adattarsi a diversi usi e pu\u00f2 essere collocato all'interno o all'esterno. Questo tipo di contenitore pu\u00f2 essere utilizzato sia per lo stoccaggio a breve che a lungo termine.<\/p>\n<p>Resistente alla neve al suolo Sk 2,5 kN\/m\u00b2.<\/p>\n<ul>\n<li><strong>Manipolazione :<\/strong>\u00a0con gru o montacarichi<\/li>\n<li><strong>Tipo di pavimento :<\/strong>\u00a0Compensato laccato di 21 mm di spessore<\/li>\n<li><strong>Tasche centrate per le forchette :<\/strong>\u00a02050 mm di lunghezza<\/li>\n<li><strong>Peso :<\/strong>\u00a01226 Kg<\/li>\n<li><strong>Dimensioni esterne :<\/strong>\u00a06058 x 2438 x 2591 mm<\/li>\n<\/ul>\n<p>Informazioni sulle porte sezionali da garage<\/p>\n<p>Verniciatura catodica ad immersione (tono grigio) con uno spessore medio di 20\u03bcm (min. 15\u03bcm).<\/p>\n<p>Vernice secondaria in polvere a base di poliestere di alta qualit\u00e0 (qualit\u00e0 per facciate) con uno spessore medio di 70 \u03bcm (min. 60\u03bcm).<\/p>\n<p>Elevata resistenza alla corrosione e ai raggi UV.<\/p>\n<ul>\n<li><strong>Colore della porta sezionale del garage :<\/strong>\u00a0RAL 9010 bianco puro<\/li>\n<li><strong>Come ordinare:<\/strong>\u00a0Controllo manuale<\/li>\n<\/ul>\n<p>Ulteriori informazioni<\/p>\n<ul>\n<li><strong>Colore del contenitore :<\/strong>\u00a0RAL 9010 bianco puro<\/li>\n<li><strong>Struttura del telaio :<\/strong>\u00a0Profili in acciaio saldati da 2 - 3 mm<\/li>\n<li><strong>Carico utile massimo :<\/strong>\u00a010000 kg<\/li>\n<li><strong>Volume di carico :<\/strong>\u00a015,76 m\u00b3<\/li>\n<\/ul>\n<p>I contenitori devono essere impilati su 3 livelli nel rispetto delle istruzioni e dei carichi massimi.<\/p>","protected":false},"excerpt":{"rendered":"<p>Ce Conteneur de Stockage est une solution pratique et peu co\u00fbteuse pour le stockage temporaire et le transport des mat\u00e9riaux et des \u00e9quipements Il est con\u00e7u pour s&rsquo;adapter \u00e0 un certain nombre d&rsquo;utilisations diff\u00e9rentes et peut \u00eatre plac\u00e9 \u00e0 l&rsquo;int\u00e9rieur ou \u00e0 l&rsquo;ext\u00e9rieur. Ce type de conteneur de stockage peut \u00eatre utilis\u00e9 pour le stockage [&hellip;]<\/p>","protected":false},"featured_media":27880,"comment_status":"open","ping_status":"closed","template":"","meta":{"_monsterinsights_skip_tracking":false,"_monsterinsights_sitenote_active":false,"_monsterinsights_sitenote_note":"","_monsterinsights_sitenote_category":0},"product_cat":[15,102],"product_tag":[],"aioseo_notices":[],"_links":{"self":[{"href":"https:\/\/alex-elec.eu\/it\/wp-json\/wp\/v2\/product\/27879"}],"collection":[{"href":"https:\/\/alex-elec.eu\/it\/wp-json\/wp\/v2\/product"}],"about":[{"href":"https:\/\/alex-elec.eu\/it\/wp-json\/wp\/v2\/types\/product"}],"replies":[{"embeddable":true,"href":"https:\/\/alex-elec.eu\/it\/wp-json\/wp\/v2\/comments?post=27879"}],"wp:featuredmedia":[{"embeddable":true,"href":"https:\/\/alex-elec.eu\/it\/wp-json\/wp\/v2\/media\/27880"}],"wp:attachment":[{"href":"https:\/\/alex-elec.eu\/it\/wp-json\/wp\/v2\/media?parent=27879"}],"wp:term":[{"taxonomy":"product_cat","embeddable":true,"href":"https:\/\/alex-elec.eu\/it\/wp-json\/wp\/v2\/product_cat?post=27879"},{"taxonomy":"product_tag","embeddable":true,"href":"https:\/\/alex-elec.eu\/it\/wp-json\/wp\/v2\/product_tag?post=27879"}],"curies":[{"name":"wp","href":"https:\/\/api.w.org\/{rel}","templated":true}]}}