{"id":27876,"date":"2023-09-21T10:39:44","date_gmt":"2023-09-21T10:39:44","guid":{"rendered":"https:\/\/alex-elec.eu\/?post_type=product&#038;p=27876"},"modified":"2023-09-21T10:39:44","modified_gmt":"2023-09-21T10:39:44","slug":"container-de-stockage-de-10-pieds-avec-ouverture-porte-garage-sectionnelle","status":"publish","type":"product","link":"https:\/\/alex-elec.eu\/it\/product\/container-de-stockage-de-10-pieds-avec-ouverture-porte-garage-sectionnelle\/","title":{"rendered":"Contenitore di stoccaggio di 10 piedi con apertura della porta del garage sezionale"},"content":{"rendered":"<p>Ce conteneur de stockage est parfait pour stocker et\/ou transporter des marchandises<\/p>\n<p>Ce conteneur de stockage en acier peut \u00eatre empil\u00e9 et charg\u00e9 sur des camions ou des navires. Il est con\u00e7u pour offrir une s\u00e9curit\u00e9 et une protection maximales des marchandises pendant le transport. Ce type de conteneur de stockage peut \u00eatre utilis\u00e9 pour le stockage \u00e0 court terme et \u00e9galement \u00e0 long terme.<\/p>\n<p>Resistente alla neve al suolo Sk 2,5 kN\/m\u00b2.<\/p>\n<ul>\n<li><strong>Manipolazione :<\/strong>\u00a0con gru o montacarichi<\/li>\n<li><strong>Tipo di pavimento :<\/strong>\u00a0Compensato laccato di 21 mm di spessore<\/li>\n<li><strong>Tasche centrate per le forchette :<\/strong>\u00a0950 mm sur longueur<\/li>\n<li><strong>Peso :<\/strong>\u00a0792 Kg<\/li>\n<li><strong>Dimensioni esterne :<\/strong>\u00a02991 x 2438 x 2591 mm<\/li>\n<\/ul>\n<p>Informazioni sulle porte sezionali da garage<\/p>\n<p>Verniciatura catodica ad immersione (tono grigio) con uno spessore medio di 20\u03bcm (min. 15\u03bcm).<\/p>\n<p>Vernice secondaria in polvere a base di poliestere di alta qualit\u00e0 (qualit\u00e0 per facciate) con uno spessore medio di 70 \u03bcm (min. 60\u03bcm).<\/p>\n<p>Elevata resistenza alla corrosione e ai raggi UV.<\/p>\n<ul>\n<li><strong>Colore della porta sezionale del garage :<\/strong>\u00a0RAL 9010 bianco puro<\/li>\n<li><strong>Come ordinare:<\/strong>\u00a0Controllo manuale<\/li>\n<\/ul>\n<p>Ulteriori informazioni<\/p>\n<ul>\n<li><strong>Colore del contenitore :<\/strong>\u00a0RAL 9010 bianco puro<\/li>\n<li><strong>Struttura del telaio :<\/strong>\u00a0Profili in acciaio saldati da 2 - 3 mm<\/li>\n<li><strong>Carico utile massimo :<\/strong>\u00a010000 kg<\/li>\n<li><strong>Volume di carico :<\/strong>\u00a015,76 m\u00b3<\/li>\n<\/ul>\n<p>I contenitori devono essere impilati su 3 livelli nel rispetto delle istruzioni e dei carichi massimi.<\/p>","protected":false},"excerpt":{"rendered":"<p>Ce conteneur de stockage est parfait pour stocker et\/ou transporter des marchandises Ce conteneur de stockage en acier peut \u00eatre empil\u00e9 et charg\u00e9 sur des camions ou des navires. Il est con\u00e7u pour offrir une s\u00e9curit\u00e9 et une protection maximales des marchandises pendant le transport. Ce type de conteneur de stockage peut \u00eatre utilis\u00e9 pour [&hellip;]<\/p>","protected":false},"featured_media":27877,"comment_status":"open","ping_status":"closed","template":"","meta":{"_monsterinsights_skip_tracking":false,"_monsterinsights_sitenote_active":false,"_monsterinsights_sitenote_note":"","_monsterinsights_sitenote_category":0},"product_cat":[15,102],"product_tag":[],"aioseo_notices":[],"_links":{"self":[{"href":"https:\/\/alex-elec.eu\/it\/wp-json\/wp\/v2\/product\/27876"}],"collection":[{"href":"https:\/\/alex-elec.eu\/it\/wp-json\/wp\/v2\/product"}],"about":[{"href":"https:\/\/alex-elec.eu\/it\/wp-json\/wp\/v2\/types\/product"}],"replies":[{"embeddable":true,"href":"https:\/\/alex-elec.eu\/it\/wp-json\/wp\/v2\/comments?post=27876"}],"wp:featuredmedia":[{"embeddable":true,"href":"https:\/\/alex-elec.eu\/it\/wp-json\/wp\/v2\/media\/27877"}],"wp:attachment":[{"href":"https:\/\/alex-elec.eu\/it\/wp-json\/wp\/v2\/media?parent=27876"}],"wp:term":[{"taxonomy":"product_cat","embeddable":true,"href":"https:\/\/alex-elec.eu\/it\/wp-json\/wp\/v2\/product_cat?post=27876"},{"taxonomy":"product_tag","embeddable":true,"href":"https:\/\/alex-elec.eu\/it\/wp-json\/wp\/v2\/product_tag?post=27876"}],"curies":[{"name":"wp","href":"https:\/\/api.w.org\/{rel}","templated":true}]}}