{"id":27859,"date":"2023-09-21T08:46:07","date_gmt":"2023-09-21T08:46:07","guid":{"rendered":"https:\/\/alex-elec.eu\/?post_type=product&#038;p=27859"},"modified":"2023-09-21T08:46:07","modified_gmt":"2023-09-21T08:46:07","slug":"conteneur-tunnel-de-20-pi-x-8-pi-porte-a-double-extremite-1er-voyage","status":"publish","type":"product","link":"https:\/\/alex-elec.eu\/it\/product\/conteneur-tunnel-de-20-pi-x-8-pi-porte-a-double-extremite-1er-voyage\/","title":{"rendered":"Container tunnel 20' X 8' (porta a doppio battente) 1\u00b0 viaggio"},"content":{"rendered":"<p>DETTAGLI DEL PRODOTTO<\/p>\n<p>Nos conteneurs tunnels de 20 pieds sont id\u00e9aux pour le stockage de petits articles et de marchandises palettis\u00e9es. Acc\u00e8s facile via les portes \u00e0 double extr\u00e9mit\u00e9 pour le chargement et le d\u00e9chargement \u00e0 la main ou par chariot \u00e9l\u00e9vateur.<\/p>\n<p>Parfois, ces conteneurs tunnels sont achet\u00e9s par\u00a0des entreprises d\u2019entreposage libre-service\u00a0qui divisent le conteneur en deux magasins de 10 pieds.<\/p>\n<p>Ce sont des conteneurs maritimes presque neufs n\u2019ayant fait qu\u2019un seul voyage depuis la Chine o\u00f9 ils ont \u00e9t\u00e9 fabriqu\u00e9s.<\/p>\n<p>CARACT\u00c9RISTIQUES DU CONTENEUR D\u2019EXP\u00c9DITION \u00c0 DOUBLE PORTE D\u2019EXTR\u00c9MIT\u00c9 DE 20 PIEDS<\/p>\n<ul>\n<li>\n<ul>\n<li>NOUVEAU \u2013 Un seul voyage<\/li>\n<li>CSC plaqu\u00e9 (poids brut) max: 30 tonnes<\/li>\n<li>Toute la construction Cor-Ten Steel<\/li>\n<li>Portes doubles ext\u00e9rieures \u00e0 charni\u00e8res \u00e0 chaque extr\u00e9mit\u00e9<\/li>\n<li>Due barre di bloccaggio su ogni porta<\/li>\n<li>Coffre-fort mont\u00e9 en usine \u00e0 chaque extr\u00e9mit\u00e9<\/li>\n<li>2 x poches de chariot \u00e9l\u00e9vateur de chaque c\u00f4t\u00e9<\/li>\n<li>Pavimento in compensato marino da 28 mm su traversine in acciaio<\/li>\n<li>8 \u00c9vents<\/li>\n<\/ul>\n<\/li>\n<\/ul>\n<p>Les conteneurs tunnels peuvent \u00eatre achet\u00e9s en ligne ou en contactant notre \u00e9quipe de vente de conteneurs.<\/p>\n<p>&nbsp;<\/p>\n<p>SPECIFICHE DEL PRODOTTO<\/p>\n<table>\n<tbody>\n<tr>\n<th>Lunghezza esterna (m)<\/th>\n<td>6.06<\/td>\n<\/tr>\n<tr>\n<th>Larghezza esterna (m)<\/th>\n<td>2.44<\/td>\n<\/tr>\n<tr>\n<th>Altezza esterna (m)<\/th>\n<td>2.59<\/td>\n<\/tr>\n<tr>\n<th>Lunghezza interna (m)<\/th>\n<td>5.84<\/td>\n<\/tr>\n<tr>\n<th>Larghezza interna (m)<\/th>\n<td>2.35<\/td>\n<\/tr>\n<tr>\n<th>Altezza interna (m)<\/th>\n<td>2.39<\/td>\n<\/tr>\n<tr>\n<th>Larghezza della porta (m)<\/th>\n<td>2.34<\/td>\n<\/tr>\n<tr>\n<th>Altezza della porta (m)<\/th>\n<td>2.28<\/td>\n<\/tr>\n<tr>\n<th>Peso (kg)<\/th>\n<td>2450<\/td>\n<\/tr>\n<tr>\n<th>Tipo di pavimento<\/th>\n<td>Piegatura marina da 28 mm<\/td>\n<\/tr>\n<\/tbody>\n<\/table>","protected":false},"excerpt":{"rendered":"<p>D\u00c9TAILS DU PRODUIT Nos conteneurs tunnels de 20 pieds sont id\u00e9aux pour le stockage de petits articles et de marchandises palettis\u00e9es. Acc\u00e8s facile via les portes \u00e0 double extr\u00e9mit\u00e9 pour le chargement et le d\u00e9chargement \u00e0 la main ou par chariot \u00e9l\u00e9vateur. Parfois, ces conteneurs tunnels sont achet\u00e9s par\u00a0des entreprises d\u2019entreposage libre-service\u00a0qui divisent le conteneur [&hellip;]<\/p>","protected":false},"featured_media":27863,"comment_status":"open","ping_status":"closed","template":"","meta":{"_monsterinsights_skip_tracking":false,"_monsterinsights_sitenote_active":false,"_monsterinsights_sitenote_note":"","_monsterinsights_sitenote_category":0},"product_cat":[15,102],"product_tag":[],"aioseo_notices":[],"_links":{"self":[{"href":"https:\/\/alex-elec.eu\/it\/wp-json\/wp\/v2\/product\/27859"}],"collection":[{"href":"https:\/\/alex-elec.eu\/it\/wp-json\/wp\/v2\/product"}],"about":[{"href":"https:\/\/alex-elec.eu\/it\/wp-json\/wp\/v2\/types\/product"}],"replies":[{"embeddable":true,"href":"https:\/\/alex-elec.eu\/it\/wp-json\/wp\/v2\/comments?post=27859"}],"wp:featuredmedia":[{"embeddable":true,"href":"https:\/\/alex-elec.eu\/it\/wp-json\/wp\/v2\/media\/27863"}],"wp:attachment":[{"href":"https:\/\/alex-elec.eu\/it\/wp-json\/wp\/v2\/media?parent=27859"}],"wp:term":[{"taxonomy":"product_cat","embeddable":true,"href":"https:\/\/alex-elec.eu\/it\/wp-json\/wp\/v2\/product_cat?post=27859"},{"taxonomy":"product_tag","embeddable":true,"href":"https:\/\/alex-elec.eu\/it\/wp-json\/wp\/v2\/product_tag?post=27859"}],"curies":[{"name":"wp","href":"https:\/\/api.w.org\/{rel}","templated":true}]}}