{"id":27848,"date":"2023-09-21T08:38:51","date_gmt":"2023-09-21T08:38:51","guid":{"rendered":"https:\/\/alex-elec.eu\/?post_type=product&#038;p=27848"},"modified":"2023-09-21T08:38:51","modified_gmt":"2023-09-21T08:38:51","slug":"container-20-pieds-high-cube","status":"publish","type":"product","link":"https:\/\/alex-elec.eu\/it\/product\/container-20-pieds-high-cube\/","title":{"rendered":"Contenitore High Cube da 20 piedi"},"content":{"rendered":"<p>Il container marittimo HC da 20 piedi \u00e8 la soluzione di riferimento per i grandi volumi per lo stoccaggio, il deposito commerciale, l'allestimento e la lavorazione.<\/p>\n<p>Il container HC da 20 piedi offre 30 cm di altezza in pi\u00f9 per raggiungere 2,89 m e 10% di volume in pi\u00f9. \u00c8 ideale per lo stoccaggio di articoli che richiedono un'altezza maggiore o per lo stoccaggio di pi\u00f9 articoli (materiali da costruzione, scale, prodotti commerciali, ecc.).<\/p>\n<p>Robusto, modulare e impilabile, il container marittimo HC da 20 piedi \u00e8 la soluzione multiuso perfetta su larga scala.<br \/>\nQuesto modello si adatta perfettamente a tutti i tipi di sviluppo e trasformazione (ad es. self-storage, cantiere, base abitativa, officina, ufficio, piscina, veicoli, prodotti commerciali, supporto pubblicitario, area di vendita, ecc.)<\/p>\n<p>&nbsp;<\/p>\n<p>- Consegnato e scaricato in loco<br \/>\n- Impermeabile (alle intemperie, alla luce)<\/p>\n<p>&nbsp;<\/p>\n<p>Specifiche tecniche<\/p>\n<p>Protezione antieffrazione con campanello standard<\/p>\n<p>Struttura in acciaio CORTEN<\/p>\n<p>Pavimento in legno marino 28 mm \/ bamb\u00f9 laminato con rivestimento antiscivolo (SECCO)<\/p>\n<p>Le doppie porte si aprono a 270\u00b0 all'esterno.<\/p>\n<p>Distanza dalla forcella2050 mm<\/p>\n<p>Accreditamento CSC (Convenzione internazionale per la sicurezza dei container)<\/p>\n<p>Conformit\u00e0 alle norme ISO 1161 e 9001<\/p>\n<p>&nbsp;<\/p>\n<p>Dimensioni<\/p>\n<p>Dimensioni interne<\/p>\n<p>lunghezza: 5900 mm<\/p>\n<p>larghezza: 2350 mm<\/p>\n<p>altezza: 2690 mm<\/p>\n<p>&nbsp;<\/p>\n<p>Dimensioni esterne<\/p>\n<p>lunghezza: 6058 mm<\/p>\n<p>larghezza: 2438 mm<\/p>\n<p>altezza: 2890 mm<\/p>\n<p>Dimensioni della porta<\/p>\n<p>larghezza: 2340 mm<\/p>\n<p>altezza: 2680 mm<\/p>\n<p>&nbsp;<\/p>\n<p>Ulteriori informazioni<\/p>\n<p>Peso a vuoto: 2340 kg<\/p>\n<p>Carico massimo: 30790 kg<\/p>\n<p>Peso massimo: 30480 kg<\/p>\n<p>Superficie: 13,8 m\u00b2.<\/p>\n<p>Volume: 37,3 m\u00b3<\/p>\n<p>&nbsp;<\/p>","protected":false},"excerpt":{"rendered":"<p>Le conteneur maritime 20 pieds HC est la solution de r\u00e9f\u00e9rence \u00ab grand volume \u00bb pour l\u2019entreposage, le stockage commercial, l\u2019am\u00e9nagement et la transformation. Le conteneur de 20 pieds HC offre 30 cm suppl\u00e9mentaires en hauteur pour atteindre les 2,89m et 10% de volume suppl\u00e9mentaires. Il est id\u00e9al pour le stockage d\u2019\u00e9l\u00e9ments n\u00e9cessitant plus de [&hellip;]<\/p>","protected":false},"featured_media":27849,"comment_status":"open","ping_status":"closed","template":"","meta":{"_monsterinsights_skip_tracking":false,"_monsterinsights_sitenote_active":false,"_monsterinsights_sitenote_note":"","_monsterinsights_sitenote_category":0},"product_cat":[15,102],"product_tag":[],"aioseo_notices":[],"_links":{"self":[{"href":"https:\/\/alex-elec.eu\/it\/wp-json\/wp\/v2\/product\/27848"}],"collection":[{"href":"https:\/\/alex-elec.eu\/it\/wp-json\/wp\/v2\/product"}],"about":[{"href":"https:\/\/alex-elec.eu\/it\/wp-json\/wp\/v2\/types\/product"}],"replies":[{"embeddable":true,"href":"https:\/\/alex-elec.eu\/it\/wp-json\/wp\/v2\/comments?post=27848"}],"wp:featuredmedia":[{"embeddable":true,"href":"https:\/\/alex-elec.eu\/it\/wp-json\/wp\/v2\/media\/27849"}],"wp:attachment":[{"href":"https:\/\/alex-elec.eu\/it\/wp-json\/wp\/v2\/media?parent=27848"}],"wp:term":[{"taxonomy":"product_cat","embeddable":true,"href":"https:\/\/alex-elec.eu\/it\/wp-json\/wp\/v2\/product_cat?post=27848"},{"taxonomy":"product_tag","embeddable":true,"href":"https:\/\/alex-elec.eu\/it\/wp-json\/wp\/v2\/product_tag?post=27848"}],"curies":[{"name":"wp","href":"https:\/\/api.w.org\/{rel}","templated":true}]}}