{"id":27840,"date":"2023-09-21T08:36:21","date_gmt":"2023-09-21T08:36:21","guid":{"rendered":"https:\/\/alex-elec.eu\/?post_type=product&#038;p=27840"},"modified":"2023-09-21T08:36:21","modified_gmt":"2023-09-21T08:36:21","slug":"conteneur-vitre-de-20-pieds-en-neuf","status":"publish","type":"product","link":"https:\/\/alex-elec.eu\/it\/product\/conteneur-vitre-de-20-pieds-en-neuf\/","title":{"rendered":"Contenitore di vetro da 20 piedi Nuovo di zecca"},"content":{"rendered":"<ul>\n<li>container marittimo da 20 piedi primo viaggio<\/li>\n<li>Costruzione: acciaio saldato con angoli ISO<\/li>\n<li>Tramezzi: sostituiti da vetrate<\/li>\n<li>Il tetto: profilo di spessore 2,00 mm<\/li>\n<li>Pavimento in compensato di 28 mm di spessore<\/li>\n<li>Dotato di barre di bloccaggio zincate<\/li>\n<li>Facile da spostare con una gru o un carrello elevatore<\/li>\n<li>Elettricit\u00e0 secondo gli standard belgi\n<ul>\n<li>Presa CEE<\/li>\n<li>Scatola dei fusibili<\/li>\n<li>2 prese<\/li>\n<li>Barra luminosa con 6 spot LED<\/li>\n<\/ul>\n<\/li>\n<\/ul>\n<table>\n<tbody>\n<tr>\n<td>Dimensioni esterne (LxLxH)<\/td>\n<td>6058 x 2438 x 2591 mm<\/td>\n<\/tr>\n<tr>\n<td>Dimensioni interne (LxLxH)<\/td>\n<td>5898 x 2350 x 2390 mm<\/td>\n<\/tr>\n<tr>\n<td>Apertura della porta (LxA)<\/td>\n<td>2340 x 2280 mm<\/td>\n<\/tr>\n<tr>\n<td>Peso<\/td>\n<td>vanaf 2500 kg<\/td>\n<\/tr>\n<tr>\n<td>Volume<\/td>\n<td>33,13 m3<\/td>\n<\/tr>\n<\/tbody>\n<\/table>","protected":false},"excerpt":{"rendered":"<p>Conteneur maritime de 20pds premier voyage Construction: acier soud\u00e9 avec des coins ISO Les cloisons: remplac\u00e9 par des vitrages Le toit: 2,00mm d\u2019\u00e9paisseur profil\u00e9e Plancher en bois contreplaqu\u00e9 d\u2019une \u00e9paisseur de 28 mm Equip\u00e9 avec des barres de fermeture galvanis\u00e9s Facile \u00e0 d\u00e9placer avec une grue ou chariot \u00e9l\u00e9vateur Electricit\u00e9 aux normes Belge Prise CEE [&hellip;]<\/p>","protected":false},"featured_media":27842,"comment_status":"open","ping_status":"closed","template":"","meta":{"_monsterinsights_skip_tracking":false,"_monsterinsights_sitenote_active":false,"_monsterinsights_sitenote_note":"","_monsterinsights_sitenote_category":0},"product_cat":[15,102],"product_tag":[],"aioseo_notices":[],"_links":{"self":[{"href":"https:\/\/alex-elec.eu\/it\/wp-json\/wp\/v2\/product\/27840"}],"collection":[{"href":"https:\/\/alex-elec.eu\/it\/wp-json\/wp\/v2\/product"}],"about":[{"href":"https:\/\/alex-elec.eu\/it\/wp-json\/wp\/v2\/types\/product"}],"replies":[{"embeddable":true,"href":"https:\/\/alex-elec.eu\/it\/wp-json\/wp\/v2\/comments?post=27840"}],"wp:featuredmedia":[{"embeddable":true,"href":"https:\/\/alex-elec.eu\/it\/wp-json\/wp\/v2\/media\/27842"}],"wp:attachment":[{"href":"https:\/\/alex-elec.eu\/it\/wp-json\/wp\/v2\/media?parent=27840"}],"wp:term":[{"taxonomy":"product_cat","embeddable":true,"href":"https:\/\/alex-elec.eu\/it\/wp-json\/wp\/v2\/product_cat?post=27840"},{"taxonomy":"product_tag","embeddable":true,"href":"https:\/\/alex-elec.eu\/it\/wp-json\/wp\/v2\/product_tag?post=27840"}],"curies":[{"name":"wp","href":"https:\/\/api.w.org\/{rel}","templated":true}]}}