{"id":27812,"date":"2023-09-21T08:12:11","date_gmt":"2023-09-21T08:12:11","guid":{"rendered":"https:\/\/alex-elec.eu\/?post_type=product&#038;p=27812"},"modified":"2023-09-21T08:12:12","modified_gmt":"2023-09-21T08:12:12","slug":"bloc-sanitaire-ss2-neuf-avec-2-wc-et-lavabo-double","status":"publish","type":"product","link":"https:\/\/alex-elec.eu\/it\/product\/bloc-sanitaire-ss2-neuf-avec-2-wc-et-lavabo-double\/","title":{"rendered":"Nuovo blocco sanitario SS2 con 2 WC e doppio lavabo"},"content":{"rendered":"<p>Le\u00a0<strong>Blocco sanitario SS2<\/strong>\u00a0La serie standard \u00e8 un modulo sanitario composto da un'area con doppio lavabo e specchio che conduce a due cabine WC.<\/p>\n<p>&nbsp;<\/p>\n<div>\n<div>Descrizione<\/div>\n<div>\n<div>\n<p>SS2 Blocco sanitario standard Nuovo<\/p>\n<p>Le nostre unit\u00e0 sanitarie soddisfano l'esigenza di servizi igienici nei cantieri, nei magazzini, nei ristoranti, nei campeggi o nelle aree pubbliche. Si rivolgono a tutti i tipi di entit\u00e0 che hanno bisogno di installare rapidamente servizi igienici sul proprio sito: enti locali, aziende, associazioni. Le unit\u00e0 sanitarie modulari possono essere installate molto rapidamente, a un prezzo molto competitivo.<strong>,\u00a0<\/strong>rispetto a una soluzione costruttiva.<\/p>\n<p>Il nostro blocco di servizi igienici SS2 \u00e8 composto da una prima area con un doppio lavabo, che si apre su due aree WC con lucernari. \u00c8 dotato di quattro piedini da 16 cm alla base.<\/p>\n<p><strong>I tempi di consegna per questo modulo sono di massimo 8 settimane dalla data dell'ordine.<\/strong>Viene realizzato su ordinazione. Questo modulo \u00e8 disponibile anche in una configurazione con WC e doccia: unit\u00e0 sanitaria SD2. Per una consegna pi\u00f9 rapida, \u00e8 possibile optare per l'unit\u00e0 sanitaria SS1 o per due unit\u00e0 sanitarie S1.<\/p>\n<p>La nostra serie standard corrisponde al primo livello di finitura: struttura standard e isolamento standard.<\/p>\n<p>Se necessario, questo modulo pu\u00f2 essere prodotto nelle nostre serie \"Reinforced\" o \"Isoplus\". In questo caso, l'isolamento termico e acustico sar\u00e0 pi\u00f9 efficace.<\/p>\n<p><strong>I nostri bagni sono assemblati in Francia.<\/strong><\/p>\n<p>Descrizione del nuovo apparecchio sanitario serie SS2 \"Standard<\/p>\n<p>L'unit\u00e0 sanitaria SS2 Standard ha una struttura in acciaio zincato, laccata in grigio chiaro RAL 9002.<\/p>\n<p>Il profilo del tetto \u00e8 in acciaio zincato laccato grigio chiaro RAL 9002,<strong>\u00a0spessore 1,5 mm - altezza 154 mm<\/strong>con 4 punti di imbracatura per la movimentazione con gru.<\/p>\n<p>I profili di base sono in acciaio zincato, laccato in grigio chiaro RAL 9002,<strong>\u00a0spessore 1,5 mm - altezza 80 mm,\u00a0<\/strong>con 4 gambe di 16 cm alla base.<\/p>\n<p>Il tetto \u00e8 costituito da pannelli sandwich in poliuretano espanso rigido,\u00a0<strong>Spessore 30 mm,\u00a0<\/strong>Euroclasse Cs3d0. La copertura del tetto \u00e8 in acciaio zincato ondulato, con scarichi per l'acqua piovana sui lati.<\/p>\n<p>Le pareti sono costituite da pannelli sandwich in poliuretano espanso rigido,\u00a0<strong>40 mm di spessore\u00a0<\/strong>(grigio chiaro RAL 9002), Euroclass Cs3d0.<\/p>\n<p>Il pavimento \u00e8 realizzato in truciolato idrorepellente<strong>\u00a0Spessore 18 mm<\/strong>con rivestimento in PVC.<\/p>\n<p>Falegnameria in alluminio laccato bianco RAL 9010<\/p>\n<p>Il sanitario SS2 \u00e8 dotato di un'anta semivetrata di 84 x 220 cm (passaggio libero di 70 cm) con barre e vetro singolo sagomato.<\/p>\n<p>I due WC sono dotati di una porta interna massiccia di 78 x 210 cm (passaggio di 64 cm) e di un lucernario di 58 x 58 cm, monovetro sagomato, spessore 4 mm.<\/p>\n<p>Apparecchiature sanitarie collegabili<\/p>\n<p>L'ingresso comprende un doppio lavabo in PVC da 100 cm con 2 rubinetti e 2 specchi.<\/p>\n<p>Ciascuna cabina WC \u00e8 dotata di un WC con sciacquone in ceramica, cassetta in PVC e supporto per la carta igienica.<\/p>\n<p>L'ingresso dell'acqua \u00e8 nella parete (A) e gli scarichi sono sotto il pavimento, collegati in un'unica uscita (E).<\/p>\n<p>Installazione elettrica a 220 V<\/p>\n<p>Nel locale principale, l'unit\u00e0 sanitaria SS2 \u00e8 dotata di un interruttore, di una plafoniera a LED, di un termoconvettore da 1000 watt, di un quadro elettrico comprensivo di interruttori interdifferenziali e di circuito (6 KW massimo) e di una scatola di derivazione esterna.<\/p>\n<p>Le aree WC sono dotate di un interruttore per la luce e di una plafoniera a LED da 7,5 watt.<\/p>\n<p>Specifiche tecniche<\/p>\n<p>DIMENSIONI<\/p>\n<ul>\n<li>Altezza esterna: 256 cm<\/li>\n<li>Altezza interna: 220 cm<\/li>\n<li>Larghezza: 230 cm<\/li>\n<li>Profondit\u00e0: 242 cm<\/li>\n<\/ul>\n<p>TELAIO<\/p>\n<ul>\n<li>Materiale: acciaio zincato e laccato<\/li>\n<li>Colore: Grigio chiaro RAL 9002<\/li>\n<li>Spessore: 1,5 mm<\/li>\n<li>Base: altezza 80 mm, spessore 1,5 mm<\/li>\n<li>Tetto: 154 mm di altezza<\/li>\n<li>Movimentazione: 4 prese sul tetto per ganci di sollevamento. \u00c8 possibile utilizzare un carrello elevatore grazie ai 4 piedi che sollevano la base, facendo attenzione alle tubature e utilizzando forche lunghe (250 cm).<\/li>\n<\/ul>\n<p>GIUNZIONE<\/p>\n<ul>\n<li>Materiale: alluminio laccato bianco RAL 9010<\/li>\n<li>Porta\/e: 1 porta a mezzo vetro, dimensioni 84 x 220 cm (passaggio 70 cm), a doghe, a vetro singolo + 2 porte interne massicce, dimensioni 78 x 210 cm (passaggio 64 cm)<\/li>\n<li>Finestra\/e: 2 lucernari, dimensioni 58 x 58 cm, vetro singolo sagomato di 4 mm di spessore<\/li>\n<\/ul>\n<p>PARETI, PARTIZIONI E TETTO<\/p>\n<ul>\n<li>Materiale: Pannelli sandwich<\/li>\n<li>Isolamento: schiuma poliuretanica rigida<\/li>\n<li>Spessore della parete e del divisorio: 40 mm<\/li>\n<li>Spessore del tetto: 30 mm<\/li>\n<li>Tetto: lamiera d'acciaio zincata onde greche<\/li>\n<li>Colore della parete: Grigio chiaro RAL 9002<\/li>\n<\/ul>\n<p>PAVIMENTO<\/p>\n<ul>\n<li>Struttura: truciolato idrorepellente<\/li>\n<li>Spessore: 18 mm<\/li>\n<li>Rivestimento : PVC<\/li>\n<\/ul>\n<p>INSTALLAZIONE SANITARIA<\/p>\n<ul>\n<li>1 lavabo in PVC da 100 cm con 2 rubinetti per acqua fredda\/calda e specchietti<\/li>\n<li>2 WC in ceramica con cassetta in PVC e porta carta igienica<\/li>\n<li>Ingresso acqua a parete (A) e scarichi a pavimento collegati in un'unica uscita (E)<\/li>\n<\/ul>\n<p>ELETTRICIT\u00c0<\/p>\n<ul>\n<li>Illuminazione: 3 interruttori + 3 plafoniere LED da 7,5 w<\/li>\n<li>Riscaldamento: 1 convettore da 1000 W<\/li>\n<li>Pannello: 1 pannello comprensivo di interdifferenziale e interruttori automatici<\/li>\n<li>Connessione: 1 scatola di giunzione esterna<\/li>\n<\/ul>\n<p>Opzioni possibili<\/p>\n<ul>\n<li>Acqua calda al lavandino<\/li>\n<li>4 pluviali per l'acqua piovana<\/li>\n<li>Pavimenti in PVC per impieghi gravosi al posto dei pavimenti standard, in PVC imitazione parquet o piastrelle<\/li>\n<li>Pannelli lisci, pannelli alimentari, pannelli ignifughi o pannelli in lana di roccia<\/li>\n<li>Prese di corrente<\/li>\n<li>Estrattore d'aria 90m3\/h con interruttore<\/li>\n<li>Pavimento in pannelli di legno-cemento di 16 mm di spessore<\/li>\n<li>Base rinforzata (altezza 160 mm) con passaggio forche (interasse 90 cm) per lo spostamento con carrelli elevatori dotati di forche da 250 cm, senza rischi per le tubature<\/li>\n<li>Base su pattini (2 travetti IPE da 16 cm)<\/li>\n<\/ul>\n<\/div>\n<\/div>\n<\/div>","protected":false},"excerpt":{"rendered":"<p>Le\u00a0bloc sanitaire SS2\u00a0s\u00e9rie standard est un module sanitaire qui comprend un espace avec lavabo double et miroir donnant sur deux cabines WC. &nbsp; Description Bloc Sanitaire SS2 Standard Neuf Nos blocs sanitaires permettent de r\u00e9pondre aux besoins de mise en place de sanitaires sur les chantiers, dans les entrep\u00f4ts, dans les restaurants, dans les campings [&hellip;]<\/p>","protected":false},"featured_media":27813,"comment_status":"open","ping_status":"closed","template":"","meta":{"_monsterinsights_skip_tracking":false,"_monsterinsights_sitenote_active":false,"_monsterinsights_sitenote_note":"","_monsterinsights_sitenote_category":0},"product_cat":[15,103],"product_tag":[],"aioseo_notices":[],"_links":{"self":[{"href":"https:\/\/alex-elec.eu\/it\/wp-json\/wp\/v2\/product\/27812"}],"collection":[{"href":"https:\/\/alex-elec.eu\/it\/wp-json\/wp\/v2\/product"}],"about":[{"href":"https:\/\/alex-elec.eu\/it\/wp-json\/wp\/v2\/types\/product"}],"replies":[{"embeddable":true,"href":"https:\/\/alex-elec.eu\/it\/wp-json\/wp\/v2\/comments?post=27812"}],"wp:featuredmedia":[{"embeddable":true,"href":"https:\/\/alex-elec.eu\/it\/wp-json\/wp\/v2\/media\/27813"}],"wp:attachment":[{"href":"https:\/\/alex-elec.eu\/it\/wp-json\/wp\/v2\/media?parent=27812"}],"wp:term":[{"taxonomy":"product_cat","embeddable":true,"href":"https:\/\/alex-elec.eu\/it\/wp-json\/wp\/v2\/product_cat?post=27812"},{"taxonomy":"product_tag","embeddable":true,"href":"https:\/\/alex-elec.eu\/it\/wp-json\/wp\/v2\/product_tag?post=27812"}],"curies":[{"name":"wp","href":"https:\/\/api.w.org\/{rel}","templated":true}]}}