{"id":27784,"date":"2023-09-21T07:59:44","date_gmt":"2023-09-21T07:59:44","guid":{"rendered":"https:\/\/alex-elec.eu\/?post_type=product&#038;p=27784"},"modified":"2023-09-21T07:59:44","modified_gmt":"2023-09-21T07:59:44","slug":"bloc-sanitaire-mixte-de-6-metres","status":"publish","type":"product","link":"https:\/\/alex-elec.eu\/it\/product\/bloc-sanitaire-mixte-de-6-metres\/","title":{"rendered":"Blocco sanitario misto di 6 metri"},"content":{"rendered":"<p>Questo\u00a0<strong>ampio blocco di servizi igienici<\/strong>\u00a0\u00e8 dotato di un doppio lavabo, due cabine WC con finestre apribili e un orinatoio.<\/p>\n<p>&nbsp;<\/p>\n<div>\n<div>Descrizione<\/div>\n<div>\n<div>\n<p>Questo apparecchio sanitario misto da 6 metri \u00e8 costituito da una struttura in acciaio zincato, laccata in grigio chiaro RAL 9002.<\/p>\n<p>\u00c8 composto da\u00a0<strong>due aree di ingresso<\/strong>\u00a0Ciascuno di essi comprende due lavabi in ceramica larghi 46 cm con due rubinetti a pressione ad acqua fredda temporizzati e due specchi, nonch\u00e9 due orinatoi in ceramica con pulsanti sul lato maschile.<\/p>\n<p>Le aree WC sono dotate di un WC con sciacquone in ceramica dotato di cassetta in PVC e porta carta igienica.<\/p>\n<p>L'ingresso dell'acqua si trova sulla parete (A) con un riduttore di pressione (R), mentre gli scarichi sono collegati a un'unica uscita sulla parete (E).<\/p>\n<p>Dimensioni<\/p>\n<ul>\n<li>Altezza esterna: 256,50 cm<\/li>\n<li>Altezza interna: 220 cm<\/li>\n<li>Lunghezza: 609 cm<\/li>\n<li>Larghezza: 242 cm<\/li>\n<\/ul>\n<p>Telaio<\/p>\n<ul>\n<li>Materiale: acciaio zincato e laccato<\/li>\n<li>Colore: Grigio chiaro RAL 9002<\/li>\n<li>Spessore: 1,5 mm<\/li>\n<li>Base: altezza 95 mm<\/li>\n<li>Travi IPE da 160 mm<\/li>\n<li>Tetto: altezza 150 mm<\/li>\n<li>Manipolazione: 4 prese sul tetto per i ganci di sollevamento<\/li>\n<\/ul>\n<p>Falegnameria<\/p>\n<ul>\n<li>Materiale: alluminio laccato bianco RAL 9010<\/li>\n<li>Porte: 2 porte semivetro dim. 104 x 220 cm (90 cm di passaggio) con sbarre, vetri singoli sagomati + 4 porte WC massicce dim. 78 x 210 cm (64 cm di passaggio)<\/li>\n<li>Finestra\/e: 5 lucernari, dimensioni 58 x 58 cm, vetri singoli sagomati + 1 lucernario, dimensioni 104 x 58 cm, sbarrato, vetri singoli sagomati<\/li>\n<\/ul>\n<p>Pareti e tetto<\/p>\n<ul>\n<li>Materiale: Pannelli sandwich<\/li>\n<li>Isolamento: schiuma poliuretanica rigida<\/li>\n<li>Spessore della parete e del divisorio: 40 mm<\/li>\n<li>Spessore del tetto: 30 mm<\/li>\n<li>Copertura del tetto: lamiera d'acciaio zincata onde greche<\/li>\n<li>Colore della parete: Grigio chiaro RAL 9002<\/li>\n<\/ul>\n<p>Piano<\/p>\n<ul>\n<li>Struttura : Pannelli in truciolato idrorepellente<\/li>\n<li>Spessore: 18 mm<\/li>\n<li>Rivestimento : PVC<\/li>\n<\/ul>\n<p>Apparecchiature sanitarie collegabili<\/p>\n<ul>\n<li>4 lavabi in ceramica da 46 cm con pulsanti per l'acqua fredda temporizzati e specchietti<\/li>\n<li>4 WC in ceramica con cassetta in PVC e porta carta igienica<\/li>\n<li>2 orinatoi in ceramica con pulsante e schermo privacy in PVC<\/li>\n<li>Ingresso acqua a parete (A) con riduttore di pressione (R), scarichi collegati a un'unica uscita a parete (E)<\/li>\n<\/ul>\n<p>Elettricit\u00e0<\/p>\n<ul>\n<li>Illuminazione: 6 interruttori + 2 neon LED + 4 plafoniere LED da 7,5 w<\/li>\n<li>Riscaldamento: 2 convettori da 1500 W<\/li>\n<li>Pannello: 1 pannello comprensivo di interdifferenziale e interruttori automatici<\/li>\n<li>Connessione: 1 scatola di giunzione esterna<\/li>\n<\/ul>\n<p>Opzioni possibili<\/p>\n<ul>\n<li>Base su pattini (2 travetti ipe 16 cm)<\/li>\n<li>4 pluviali per l'acqua piovana<\/li>\n<li>2300 w Condizionatore reversibile UNICO R10<\/li>\n<li>Condizionatore d'aria a finestra che raffredda solo 12000 BTU<\/li>\n<li>Condizionatore mobile SHINY 12 Reversibile R290 3,5 KW<\/li>\n<li>Pannello LED al posto del neon LED<\/li>\n<li>Tapparelle in alluminio o PVC, colori speciali disponibili<\/li>\n<li>Pavimenti in PVC per impieghi gravosi al posto dei pavimenti standard, in PVC imitazione parquet o piastrelle<\/li>\n<li>Pannelli lisci, pannelli alimentari, pannelli ignifughi o pannelli in lana di roccia<\/li>\n<li>Rimozione delle sbarre da porte e finestre<\/li>\n<li>Prese o spine RJ45<\/li>\n<\/ul>\n<\/div>\n<\/div>\n<\/div>","protected":false},"excerpt":{"rendered":"<p>Ce\u00a0grand bloc sanitaire\u00a0est \u00e9quip\u00e9 d&rsquo;un lavabo double, de deux cabines WC avec des vasistas entreb\u00e2illant\u00a0et d&rsquo;un urinoir. &nbsp; Description Ce bloc sanitaire mixte de 6 m\u00e8tres est constitu\u00e9 d&rsquo;une ossature en acier galvanis\u00e9 et laqu\u00e9 couleur gris clair RAL 9002 Il est compos\u00e9 de\u00a0deux espaces d\u2019entr\u00e9e\u00a0comprennent chacun deux lavabos en c\u00e9ramique d&rsquo;une largeur de 46 [&hellip;]<\/p>","protected":false},"featured_media":27785,"comment_status":"open","ping_status":"closed","template":"","meta":{"_monsterinsights_skip_tracking":false,"_monsterinsights_sitenote_active":false,"_monsterinsights_sitenote_note":"","_monsterinsights_sitenote_category":0},"product_cat":[15,103],"product_tag":[],"aioseo_notices":[],"_links":{"self":[{"href":"https:\/\/alex-elec.eu\/it\/wp-json\/wp\/v2\/product\/27784"}],"collection":[{"href":"https:\/\/alex-elec.eu\/it\/wp-json\/wp\/v2\/product"}],"about":[{"href":"https:\/\/alex-elec.eu\/it\/wp-json\/wp\/v2\/types\/product"}],"replies":[{"embeddable":true,"href":"https:\/\/alex-elec.eu\/it\/wp-json\/wp\/v2\/comments?post=27784"}],"wp:featuredmedia":[{"embeddable":true,"href":"https:\/\/alex-elec.eu\/it\/wp-json\/wp\/v2\/media\/27785"}],"wp:attachment":[{"href":"https:\/\/alex-elec.eu\/it\/wp-json\/wp\/v2\/media?parent=27784"}],"wp:term":[{"taxonomy":"product_cat","embeddable":true,"href":"https:\/\/alex-elec.eu\/it\/wp-json\/wp\/v2\/product_cat?post=27784"},{"taxonomy":"product_tag","embeddable":true,"href":"https:\/\/alex-elec.eu\/it\/wp-json\/wp\/v2\/product_tag?post=27784"}],"curies":[{"name":"wp","href":"https:\/\/api.w.org\/{rel}","templated":true}]}}