{"id":27776,"date":"2023-09-21T07:46:55","date_gmt":"2023-09-21T07:46:55","guid":{"rendered":"https:\/\/alex-elec.eu\/?post_type=product&#038;p=27776"},"modified":"2023-09-21T07:46:55","modified_gmt":"2023-09-21T07:46:55","slug":"container-bar-pliable-4-x-2-metres-vert-ral-6005","status":"publish","type":"product","link":"https:\/\/alex-elec.eu\/it\/product\/container-bar-pliable-4-x-2-metres-vert-ral-6005\/","title":{"rendered":"Contenitore pieghevole per barre 4 \u00d7 2 metri Verde RAL 6005"},"content":{"rendered":"<p>Barra container smontabile e autocostruita<br \/>\nDimensioni esterne (LxLxA): 3880 x 2142 x 2088 mm<br \/>\nDimensioni interne (LxLxA): 3802 x 2062 x 1950 mm<br \/>\nDimensioni della porta: (LxA): 1750 x 1850 mm<br \/>\nDisponibile in tutti i colori RAL<br \/>\nIl tetto del container \u00e8 assicurato da due serrature a cilindro su entrambi i lati.<br \/>\nStruttura completamente autoportante, compreso il pavimento<\/p>\n<p>&nbsp;<\/p>\n<p>Una barra contenitore pu\u00f2 essere utilizzata come punto di servizio per diversi scopi.<\/p>\n<p>Il container bar \u00e8 un nuovo prodotto dal design innovativo che conferir\u00e0 alla vostra casa o al vostro ufficio un aspetto elegante che potrete personalizzare e adattare al vostro gusto, in base alle vostre esigenze. Questo modulo prefabbricato non \u00e8 solo per uso singolo, ma pu\u00f2 essere utilizzato anche come bar, caffetteria, ristorante e altro ancora. Con il container bar avete il privilegio di trasportare il vostro spazio o la vostra attivit\u00e0 ovunque vogliate. Il grande vantaggio di questo container \u00e8 che non \u00e8 necessario utilizzare uno stabilimento o una sede permanente. Questo modulo prefabbricato \u00e8 facile da trasportare e, soprattutto, offre numerosi vantaggi.<\/p>\n<p><em>\"Vi garantiamo che il Container Bar far\u00e0 sentire i vostri clienti a proprio agio e rilassati\".<\/em><\/p>\n<p>Vantaggi della barra contenitore<\/p>\n<p>Il Container Bar offre vantaggi come un luogo ideale per trascorrere il tempo o per sviluppare la propria attivit\u00e0. Quando amici e familiari visitano la vostra casa, potete utilizzare il modulo pieghevole per attirare la loro attenzione e creare un ambiente pi\u00f9 confortevole e innovativo. Altri vantaggi di questo prodotto sono:<\/p>\n<ul>\n<li>\n<ul>\n<li>La sua durata: il modulo pieghevole \u00e8 uno dei migliori prezzi sul mercato senza rinunciare alla qualit\u00e0. Questo rende il contenitore ideale per un'ampia gamma di utilizzi. I nostri moduli sono realizzati in acciaio di altissima qualit\u00e0, il che li rende estremamente resistenti grazie ai loro pannelli.<\/li>\n<li>Adattabilit\u00e0. Il modulo assemblato \u00e8 universale e non \u00e8 necessaria alcuna gru.<br \/>\nGrande versatilit\u00e0 nella scelta del modulo prefabbricato.<\/li>\n<\/ul>\n<\/li>\n<\/ul>\n<p>Quando acquistate un modulo prefabbricato, la nostra azienda vi offre una scelta di barre per container di diverse dimensioni e colori RAL.<\/p>\n<p>Il container bar vi d\u00e0 la libert\u00e0 di usarlo come bar o come vuole la vostra immaginazione. Come azienda, siamo disponibili dal luned\u00ec al venerd\u00ec per rispondere alle vostre domande su come utilizzare il contenitore e ottenere il massimo da esso.<\/p>\n<p>Combinare i contenitori!<\/p>\n<p>I nostri contenitori possono essere utilizzati non solo separatamente, ma anche insieme! Grazie a uno speciale kit di connessione, \u00e8 possibile combinare pi\u00f9 contenitori. Le possibilit\u00e0 di collegamento longitudinale e trasversale sono infinite.<\/p>","protected":false},"excerpt":{"rendered":"<p>Container bar d\u00e9montable et auto-construit Dimensions ext\u00e9rieures (LxlxH) : 3880 x 2142 x 2088 mm Dimensions int\u00e9rieures (LxlxH) : 3802 x 2062 x 1950 mm Dimensions de la porte : (LxH) : 1750 x 1850 mm Disponible dans toutes les couleurs RAL Le toit du conteneur est s\u00e9curis\u00e9 par deux serrures \u00e0 cylindre des deux [&hellip;]<\/p>","protected":false},"featured_media":27777,"comment_status":"open","ping_status":"closed","template":"","meta":{"_monsterinsights_skip_tracking":false,"_monsterinsights_sitenote_active":false,"_monsterinsights_sitenote_note":"","_monsterinsights_sitenote_category":0},"product_cat":[15,106],"product_tag":[],"aioseo_notices":[],"_links":{"self":[{"href":"https:\/\/alex-elec.eu\/it\/wp-json\/wp\/v2\/product\/27776"}],"collection":[{"href":"https:\/\/alex-elec.eu\/it\/wp-json\/wp\/v2\/product"}],"about":[{"href":"https:\/\/alex-elec.eu\/it\/wp-json\/wp\/v2\/types\/product"}],"replies":[{"embeddable":true,"href":"https:\/\/alex-elec.eu\/it\/wp-json\/wp\/v2\/comments?post=27776"}],"wp:featuredmedia":[{"embeddable":true,"href":"https:\/\/alex-elec.eu\/it\/wp-json\/wp\/v2\/media\/27777"}],"wp:attachment":[{"href":"https:\/\/alex-elec.eu\/it\/wp-json\/wp\/v2\/media?parent=27776"}],"wp:term":[{"taxonomy":"product_cat","embeddable":true,"href":"https:\/\/alex-elec.eu\/it\/wp-json\/wp\/v2\/product_cat?post=27776"},{"taxonomy":"product_tag","embeddable":true,"href":"https:\/\/alex-elec.eu\/it\/wp-json\/wp\/v2\/product_tag?post=27776"}],"curies":[{"name":"wp","href":"https:\/\/api.w.org\/{rel}","templated":true}]}}