{"id":27753,"date":"2023-09-21T06:59:14","date_gmt":"2023-09-21T06:59:14","guid":{"rendered":"https:\/\/alex-elec.eu\/?post_type=product&#038;p=27753"},"modified":"2023-09-21T06:59:14","modified_gmt":"2023-09-21T06:59:14","slug":"container-bar-pliable-xl-4-x-2-metres-vert-ral-6005","status":"publish","type":"product","link":"https:\/\/alex-elec.eu\/it\/product\/container-bar-pliable-xl-4-x-2-metres-vert-ral-6005\/","title":{"rendered":"Contenitore XL pieghevole per barre 4 x 2 metri Verde RAL 6005"},"content":{"rendered":"<p><main id=\"PAGES_CONTAINER\" class=\"PAGES_CONTAINER\" tabindex=\"-1\" data-main-content=\"true\"><\/p>\n<div id=\"SITE_PAGES\" class=\"JshATs SITE_PAGES\" data-page-transition=\"OutIn\">\n<div id=\"SITE_PAGES_TRANSITION_GROUP\" class=\"fcNEqv\">\n<div id=\"w8x9h\" class=\"dBAkHi w8x9h\">\n<div class=\"HT5ybB\">\n<div id=\"Containerw8x9h\" class=\"Containerw8x9h SPY_vo\">\n<div class=\"\" data-mesh-id=\"Containerw8x9hinlineContent\" data-testid=\"inline-content\">\n<div data-mesh-id=\"Containerw8x9hinlineContent-gridContainer\" data-testid=\"mesh-container-content\">\n<section id=\"comp-larmcurw\" class=\"Oqnisf comp-larmcurw wixui-section\" tabindex=\"-1\">\n<div class=\"\" data-mesh-id=\"comp-larmcurwinlineContent\" data-testid=\"inline-content\">\n<div data-mesh-id=\"comp-larmcurwinlineContent-gridContainer\" data-testid=\"mesh-container-content\">\n<div id=\"TPAMultiSection_larb4wbk\" class=\"TWFxr5\">\n<div class=\"TPAMultiSection_larb4wbk\">\n<div class=\"_1TImB layout__classic isDesktop\" data-hook=\"product-page\" data-layout-name=\"classic\">\n<article class=\"_30ZY-\">\n<div class=\"_12vNY\">\n<section class=\"_2h_HC\">\n<div class=\"_1FTz3 fggS- cell\">\n<section class=\"_2RbVQ\" data-hook=\"description-wrapper\">\n<div class=\"_3nbVj\">\n<div class=\"_3cRjW\" data-hook=\"content-wrapper\">\n<p>Barra container smontabile e autocostruita<br \/>\nDimensioni esterne (LxLxA): 3882 x 2290 x 2240 mm<br \/>\nDimensioni interne (LxLxH): 3802 x 2210 x 2100 mm<br \/>\nDimensioni della porta: (LxA): 1750 x 2050 mm<br \/>\nDisponibile in tutti i colori RAL.<br \/>\nLe toit du conteneur est s\u00e9curis\u00e9 des deux c\u00f4t\u00e9s par deux serrures \u00e0 cylindre.<br \/>\nStruttura completamente autoportante, compreso il pavimento.<\/p>\n<p>&nbsp;<\/p>\n<p>Container bar in vendita progettato per grandi ambizioni!<\/p>\n<p>Abbiamo container in vendita di tutte le forme e dimensioni, compresi i container extra-large! Questo container XL ha tutte le caratteristiche del suo fratello (un container per bar da 4\u00d72 metri), ma con uno spazio extra in lunghezza e larghezza per la comodit\u00e0 del cliente. Un contenitore per bar semplice ma solido! Ha tutte le caratteristiche degli altri contenitori e molto di pi\u00f9.<\/p>\n<p><em>\"Quale modo migliore di passare una serata divertente se non nel proprio bar?\".<\/em><\/p>\n<p>Caratteristiche del container estraibile XL 4\u00d72 metri:<\/p>\n<p>Il container bar misura 4 metri ed \u00e8 alto 2,3 metri. \u00c8 dotato di una tenda pieghevole e di doppie porte, sia sul lato lungo che su quello corto. Le dimensioni sono simili a quelle del container rimovibile da 16 piedi, ma la larghezza e la lunghezza sono superiori di mezzo metro.<\/p>\n<p>Il telo di questo container \u00e8 molto robusto e incorpora un sistema idraulico. Grazie a questo sistema, il telo pu\u00f2 essere sollevato e chiuso in tutta sicurezza, in modo che il container bar possa essere lasciato al sicuro con tutti gli attrezzi all'interno.<\/p>\n<p>Inoltre, nelle doppie porte del container \u00e8 possibile collocare oggetti ingombranti come fusti di birra, congelatori, tavoli e cos\u00ec via. \u00c8 il modo ideale per offrire ai visitatori o agli amici bevande o spuntini.<\/p>\n<p>Vantaggi di una barra contenitore pieghevole<\/p>\n<p>Un container bar vi offrir\u00e0 vantaggi come un luogo ideale per intrattenere o sviluppare la vostra attivit\u00e0. Se i membri della vostra famiglia vengono a stare da voi, potete usare il container XL per attirare la loro attenzione e creare un ambiente pi\u00f9 confortevole e innovativo.Altri vantaggi di questo prodotto sono i seguenti:<\/p>\n<ul>\n<li>Durata: abbiamo contenitori in vendita ai migliori prezzi del mercato senza compromettere la qualit\u00e0. Questo rende il container ideale per una variet\u00e0 di usi. I nostri moduli sono realizzati con il miglior acciaio, altamente resistente.<\/li>\n<li>Adattabilit\u00e0: il nostro container XL \u00e8 stato progettato per essere facilmente smontato in caso di trasporto o, se non volete smontarlo, potete spostarlo con un carrello elevatore. Questo grazie ai fori per carrelli elevatori presenti nella parte inferiore. Non \u00e8 necessario utilizzare gru, quindi il container XL \u00e8 versatile.<\/li>\n<\/ul>\n<p>Il contenitore XL pu\u00f2 anche essere combinato!<\/p>\n<p>Se avete in vendita container di grandi dimensioni, dovete anche dotarli di tutta la flessibilit\u00e0 e la versatilit\u00e0 che hanno gli altri container. I kit di scaffalatura, i kit di collegamento e l'assicurazione antifurto sono pienamente compatibili con questo prodotto.<\/p>\n<\/div>\n<\/div>\n<\/section>\n<\/div>\n<\/section>\n<section class=\"_2h_HC\">\n<div class=\"fggS- cell\">\n<h1 class=\"_2qrJF\" data-hook=\"product-title\">Contenitore XL pieghevole per barre 4 x 2 metri Verde RAL 6005<\/h1>\n<\/div>\n<div class=\"_3pyQl fggS- cell\">\n<div id=\"TPAMultiSection_larb4wbk.product-page-details-slot-1\" class=\"\" data-hook=\"slot-placeholder-TPAMultiSection_larb4wbk.product-page-details-slot-1\"><\/div>\n<\/div>\n<div class=\"_3v07J fggS- cell\">\n<div class=\"_1rwRc\" data-hook=\"sku\">SKU : CB87944020<\/div>\n<\/div>\n<div class=\"fggS- cell\">\n<div data-hook=\"details-placeholder\"><\/div>\n<\/div>\n<div class=\"_3bNb3 fggS- cell\">\n<div class=\"_2dNDU\" data-hook=\"product-prices-wrapper\">\n<div class=\"_2POY8\" data-hook=\"product-price\">\n<div class=\"_26qxh\"><span class=\"_19Hjy\" data-hook=\"formatted-secondary-price\" data-wix-original-price=\"\u20ac 2.999,00\"> \u20ac 2.999,00 <\/span><span class=\"sr-only\" data-hook=\"sr-formatted-secondary-price\">Prix original<\/span><\/div>\n<div class=\"_26qxh\"><span data-hook=\"formatted-primary-price\" data-wix-price=\"\u20ac 2.099,30\">\u20ac 2.099,30<\/span><span class=\"sr-only\" data-hook=\"sr-formatted-primary-price\">Prix promotionnel<\/span><\/div>\n<\/div>\n<\/div>\n<\/div>\n<div class=\"fggS- cell\">\n<div class=\"d_6Yy\" data-hook=\"product-payment-breakdown\">\n<div data-hook=\"payment-methods-banner\"><\/div>\n<\/div>\n<\/div>\n<div class=\"fggS- cell\">\n<div class=\"_1xqPF\" data-hook=\"product-options\">\n<div data-hook=\"product-options-inputs\">\n<div class=\"fggS- cell\">\n<section class=\"_1W4ND\" data-hook=\"product-colors-title-section\" aria-labelledby=\"product-colors-title-1\">\n<div id=\"product-colors-title-1\" class=\"_1R_01\" data-hook=\"product-colors-title\">Couleur: Verte<\/div>\n<div class=\"CorePopover4063288344__root CoreTooltip383425514__root Tooltip2316028497__root Tooltip2316028497---skin-5-error\" data-content-hook=\"popover-content-error-tooltip-undefined\" data-hook=\"error-tooltip\">\n<div class=\"CorePopover4063288344__popoverElement\" data-hook=\"popover-element\">\n<div class=\"rwCDH\">\n<div class=\"ErrorMessageWrapper2702133723__root ColorPickerbase1985614943__root ColorPicker1824035473__root ColorOption2205205031__colorOption\" data-hook=\"product-options-color\">\n<fieldset class=\"ColorPickerbase1985614943__container\">\n<div class=\"ColorPickerbase1985614943__wrapper\">\n<div class=\"CoreRadioButton3453777138__root CoreRadioButton3453777138--checked ColorPickerItem3084768627__root ColorPickerItem3084768627--checked ColorPickerbase1985614943__item\" data-disabled=\"false\" data-checked=\"true\" data-focused=\"false\" data-focus-visible=\"false\" aria-checked=\"true\" data-crossed=\"false\" data-color-picker-item-checked=\"true\" data-hook=\"color-picker-item\" data-tooltip-hook=\"color-picker-item-tooltip\"><input class=\"CoreRadioButton3453777138__hiddenRadio\" checked=\"checked\" name=\"ColorPicker_group_z20xhh0g9\" type=\"radio\" value=\"#1d961d\" data-hook=\"hidden-radio\" aria-label=\"Verte\" \/><\/p>\n<div class=\"CorePopover4063288344__root CoreTooltip383425514__root Tooltip2316028497__root Tooltip2316028497---skin-8-standard\" data-content-hook=\"popover-content-color-picker-item-tooltip-undefined\" data-hook=\"color-picker-item-tooltip\">\n<div class=\"CorePopover4063288344__popoverElement\" data-hook=\"popover-element\">\n<div class=\"ColorPickerItem3084768627__radioOuter\">\n<div class=\"ColorPickerItem3084768627__radioInner\"><\/div>\n<\/div>\n<\/div>\n<\/div>\n<\/div>\n<\/div>\n<\/fieldset>\n<\/div>\n<\/div>\n<\/div>\n<\/div>\n<\/section>\n<\/div>\n<div class=\"_1ZOt- fggS- cell\">\n<div>\n<div>\n<div class=\"CorePopover4063288344__root CoreTooltip383425514__root Tooltip2316028497__root Tooltip2316028497---skin-5-error\" data-content-hook=\"popover-content-error-tooltip-undefined\" data-hook=\"error-tooltip\">\n<div class=\"CorePopover4063288344__popoverElement\" data-hook=\"popover-element\">\n<div><label><label><span class=\"_3N3nl\" data-hook=\"number-input-spinner-title\">Quantit\u00e0<\/span><\/label><\/label><\/p>\n<div class=\"_2uERl\" data-hook=\"number-input-spinner-container\"><input max=\"99999\" min=\"1\" pattern=\"[0-9]*\" type=\"number\" value=\"1\" data-hook=\"number-input-spinner-input\" aria-label=\"Quantit\u00e0\" \/><\/p>\n<div class=\"bKBvP\" data-hook=\"number-input-spinner-arrows-container\" aria-hidden=\"true\"><\/div>\n<\/div>\n<\/div>\n<\/div>\n<\/div>\n<\/div>\n<\/div>\n<\/div>\n<\/div>\n<\/div>\n<div class=\"_3j0qu fggS- cell\"><button class=\"CoreButtonNext960945004__root Focusable3808956756__root Button1804562635__root Button1804562635--fullWidth StatesButton1147620696__root AddToCartButton3061789056__addToCartButton\" tabindex=\"0\" type=\"button\" data-fullwidth=\"true\" data-mobile=\"false\" data-hook=\"add-to-cart\" aria-live=\"assertive\" aria-disabled=\"false\"><span class=\"CoreButtonNext960945004__content\">Ajouter au panier<\/span><\/button><\/div>\n<\/div>\n<div class=\"_3EQWi fggS- cell\">\n<div dir=\"ltr\"><\/div>\n<\/div>\n<div class=\"_2lJ_V fggS- cell\">\n<div class=\"_1cpNm\" data-hook=\"social-sharing\"><\/div>\n<\/div>\n<\/section>\n<\/div>\n<div class=\"fggS- cell\">\n<div id=\"TPAMultiSection_larb4wbk.product-page-bottom-slot\" class=\"\" data-hook=\"slot-placeholder-TPAMultiSection_larb4wbk.product-page-bottom-slot\"><\/div>\n<div data-hook=\"bottom-placeholder\"><\/div>\n<\/div>\n<\/article>\n<\/div>\n<\/div>\n<\/div>\n<\/div>\n<\/div>\n<\/section>\n<\/div>\n<\/div>\n<\/div>\n<\/div>\n<\/div>\n<\/div>\n<\/div>\n<p><\/main><\/p>\n<div id=\"soapAfterPagesContainer\" class=\"page-without-sosp page-without-sosp\">\n<div class=\"\" data-mesh-id=\"soapAfterPagesContainerinlineContent\" data-testid=\"inline-content\">\n<div data-mesh-id=\"soapAfterPagesContainerinlineContent-gridContainer\" data-testid=\"mesh-container-content\"><\/div>\n<\/div>\n<\/div>\n<footer id=\"SITE_FOOTER_WRAPPER\" class=\"SITE_FOOTER_WRAPPER\" tabindex=\"-1\">\n<div id=\"pinnedBottomRight\" class=\"pinnedBottomRight\">\n<div id=\"comp-larb52fs-pinned-layer\" class=\"comp-larb52fs-pinned-layer big2ZD\"><\/div>\n<\/div>\n<\/footer>","protected":false},"excerpt":{"rendered":"<p>Container bar d\u00e9montable et auto-construit Dimensions ext\u00e9rieures (LxlxH) : 3882 x 2290 x 2240 mm Dimensions int\u00e9rieures (LxlxH) : 3802 x 2210 x 2100 mm Dimensions de la porte : (LxH) : 1750 x 2050 mm Disponible dans toutes les couleurs RAL. Le toit du conteneur est s\u00e9curis\u00e9 des deux c\u00f4t\u00e9s par deux serrures \u00e0 [&hellip;]<\/p>","protected":false},"featured_media":27754,"comment_status":"open","ping_status":"closed","template":"","meta":{"_monsterinsights_skip_tracking":false,"_monsterinsights_sitenote_active":false,"_monsterinsights_sitenote_note":"","_monsterinsights_sitenote_category":0},"product_cat":[15,99],"product_tag":[],"aioseo_notices":[],"_links":{"self":[{"href":"https:\/\/alex-elec.eu\/it\/wp-json\/wp\/v2\/product\/27753"}],"collection":[{"href":"https:\/\/alex-elec.eu\/it\/wp-json\/wp\/v2\/product"}],"about":[{"href":"https:\/\/alex-elec.eu\/it\/wp-json\/wp\/v2\/types\/product"}],"replies":[{"embeddable":true,"href":"https:\/\/alex-elec.eu\/it\/wp-json\/wp\/v2\/comments?post=27753"}],"wp:featuredmedia":[{"embeddable":true,"href":"https:\/\/alex-elec.eu\/it\/wp-json\/wp\/v2\/media\/27754"}],"wp:attachment":[{"href":"https:\/\/alex-elec.eu\/it\/wp-json\/wp\/v2\/media?parent=27753"}],"wp:term":[{"taxonomy":"product_cat","embeddable":true,"href":"https:\/\/alex-elec.eu\/it\/wp-json\/wp\/v2\/product_cat?post=27753"},{"taxonomy":"product_tag","embeddable":true,"href":"https:\/\/alex-elec.eu\/it\/wp-json\/wp\/v2\/product_tag?post=27753"}],"curies":[{"name":"wp","href":"https:\/\/api.w.org\/{rel}","templated":true}]}}