{"id":27720,"date":"2023-09-21T06:42:53","date_gmt":"2023-09-21T06:42:53","guid":{"rendered":"https:\/\/alex-elec.eu\/?post_type=product&#038;p=27720"},"modified":"2023-09-21T06:42:53","modified_gmt":"2023-09-21T06:42:53","slug":"bungalow-neuf-guerite-de-gardien-3-metres","status":"publish","type":"product","link":"https:\/\/alex-elec.eu\/it\/product\/bungalow-neuf-guerite-de-gardien-3-metres\/","title":{"rendered":"Nuovo bungalow Gu\u00e9rite de Gardien 3 metri"},"content":{"rendered":"<p>Le\u00a0<strong>Bungalow Gu\u00e9rite del guardiano<\/strong>\u00a0\u00e8 un modulo con tre facciate completamente vetrate con infissi grigio antracite, che consentono una visione pi\u00f9 chiara.\u00a0<strong>Vista a 180\u00b0,<\/strong>\u00a0per soddisfare la necessit\u00e0 di istituire una Gu\u00e9rite de Gardien o un posto di guardia.<\/p>\n<p>&nbsp;<\/p>\n<div>\n<div>Descrizione<\/div>\n<div>\n<div>\n<p>Bungalow Gu\u00e9rite de Gardien Neuf<\/p>\n<p>Il nostro Bungalow per guardiania \u00e8 un modulo attrezzato per soddisfare l'esigenza di una guardiola. Questo modulo \u00e8 pensato per le entit\u00e0 che desiderano avere una casa di guardia, in tempi imbattibili e a un prezzo molto competitivo, rispetto a una soluzione costruttiva convenzionale.<br \/>\nPu\u00f2 essere installato in modo permanente o spostato frequentemente. Come opzione, possiamo aggiungere finestre o una controfinestra con igifone e passaggio per i documenti, nonch\u00e9 forche nella base per consentire la movimentazione del modulo con un carrello elevatore dotato di forche da 250 cm.<\/p>\n<p>Il nostro Guardian Healing Bungalow \u00e8 un modulo con\u00a0<strong>falegnameria grigio antracite<\/strong>\u00a0RAL 7016: a\u00a0<strong>porta semi-vetrata<\/strong>\u00a0a doghe e\u00a0<strong>tre finestre scorrevoli<\/strong>\u00a0con barre. Le barre possono essere rimosse. \u00c8 dotato di interruttore, luce al neon a LED, riscaldatore e due prese di corrente.<\/p>\n<p>Questo modulo pu\u00f2 essere modificato e configurato in modo diverso in base alle proprie esigenze.<\/p>\n<p>Questo modulo fa parte del nostro programma \"\u00a0<strong>Standard<\/strong>\u00a0\". La serie standard corrisponde al nostro primo livello di finitura: struttura standard e isolamento standard.<\/p>\n<p>Se necessario, questo modulo pu\u00f2 essere prodotto nel nostro \"\u00a0<strong>Rinforzato<\/strong>\u00a0\"o\u00a0<strong>Isoplus<\/strong>\u00a0\". In questo caso, l'isolamento termico e acustico sar\u00e0 pi\u00f9 efficace e la struttura sar\u00e0 rinforzata.<\/p>\n<p><strong>I nostri bungalow sono assemblati in Francia<\/strong>.<\/p>\n<p>Descrizione Bungalow Gu\u00e9rite de Gardien<\/p>\n<p>Il bungalow Gu\u00e9rite de Gardien ha una struttura in acciaio zincato, laccato in grigio antracite RAL 7016.<\/p>\n<p>Il profilo del tetto \u00e8 in acciaio zincato verniciato grigio antracite RAL 7016,<strong>\u00a0spessore 1,5 mm, altezza 150 mm,<\/strong>\u00a0con 4 punti di imbracatura per la movimentazione con gru.<\/p>\n<p>I profili di base sono in acciaio zincato, laccato in grigio antracite RAL 7016,\u00a0<strong>spessore 1,5 mm - altezza 95 mm.<\/strong><\/p>\n<p>Il tetto \u00e8 costituito da pannelli sandwich in poliuretano espanso rigido,\u00a0<strong>30 mm di spessore<\/strong>Euroclasse Cs3d0. La copertura del tetto \u00e8 in acciaio zincato ondulato, con scarichi per l'acqua piovana sui lati.<\/p>\n<p>Le pareti sono costituite da pannelli sandwich in poliuretano espanso rigido,<strong>\u00a040 mm di spessore<\/strong>\u00a0(grigio chiaro RAL 9002), Euroclass Cs3d0.<\/p>\n<p>Il pavimento \u00e8 in truciolato idrorepellente,<strong>\u00a0Spessore 18 mm,<\/strong>\u00a0Rivestimento in PVC.<\/p>\n<p>Falegnameria in alluminio laccata grigio antracite RAL 7016<\/p>\n<p>Il Bungalow del Guardiano \u00e8 dotato di una porta semivetrata di 104 x 220 cm (passaggio di 90 cm), sbarrata con vetro trasparente a un solo vetro, e di tre finestre scorrevoli di 104 x 110 cm, sbarrate con vetro trasparente a un solo vetro.<\/p>\n<p>Installazione elettrica a 220 V<\/p>\n<p>Il bungalow Gu\u00e9rite de Gardien comprende un interruttore, un neon a LED, due prese di corrente, un convettore da 1500 watt, un quadro elettrico comprensivo di interruttori interdifferenziali e di circuito (6 KW massimo) e una scatola di derivazione esterna.<\/p>\n<p>Specifiche tecniche<\/p>\n<p>DIMENSIONI<\/p>\n<ul>\n<li>Altezza esterna: 241 cm<\/li>\n<li>Altezza interna: 220 cm<\/li>\n<li>Larghezza: 242 cm<\/li>\n<li>Lunghezza: 309 cm<\/li>\n<\/ul>\n<p>TELAIO<\/p>\n<ul>\n<li>Materiale: acciaio zincato e laccato<\/li>\n<li>Colore: Grigio antracite RAL 7016<\/li>\n<li>Spessore: 1,5 mm<\/li>\n<li>Base: altezza 95 mm<\/li>\n<li>Tetto: altezza 150 mm<\/li>\n<li>Manipolazione: 4 prese sul tetto per i ganci di sollevamento<\/li>\n<\/ul>\n<p>GIUNZIONE<\/p>\n<ul>\n<li>Materiale: Alluminio laccato grigio antracite RAL 7016<\/li>\n<li>Porta\/e: 1 porta a mezzo vetro, dimensioni 104 x 220 cm (passaggio di 90 cm), sbarrata, vetro chiaro a un solo vetro<\/li>\n<li>Finestra\/e: 3 finestre scorrevoli di 104 x 110 cm con inferriate, a vetro singolo, trasparenti<\/li>\n<\/ul>\n<p>PARETI E TETTO<\/p>\n<ul>\n<li>Materiale: Pannelli sandwich<\/li>\n<li>Isolamento: schiuma poliuretanica rigida<\/li>\n<li>Spessore della parete: 40 mm<\/li>\n<li>Spessore del tetto: 30 mm<\/li>\n<li>Tetto: lamiera d'acciaio zincata onde greche<\/li>\n<li>Colore della parete: Grigio chiaro RAL 9002<\/li>\n<\/ul>\n<p>PAVIMENTO<\/p>\n<ul>\n<li>Struttura: truciolato idrorepellente<\/li>\n<li>Spessore: 18 mm<\/li>\n<li>Rivestimento : PVC<\/li>\n<\/ul>\n<p>ELETTRICIT\u00c0<\/p>\n<ul>\n<li>Illuminazione: 1 interruttore + 1 neon LED<\/li>\n<li>Prese: 2 prese<\/li>\n<li>Riscaldamento: 1 convettore 1500 w<\/li>\n<li>Quadro elettrico: 1 quadro elettrico comprensivo di interdifferenziale e interruttori automatici<\/li>\n<li>Connessione: 1 scatola di giunzione esterna<\/li>\n<\/ul>\n<p>Opzioni possibili<\/p>\n<ul>\n<li>Doppi vetri<\/li>\n<li>Colori del telaio a scelta: bianco RAL 9010, grigio chiaro RAL 9002 o grigio antracite RAL 7016.<\/li>\n<li>Altri colori sono disponibili come opzione per i pannelli, il telaio o la falegnameria.<\/li>\n<li>Isolamento del pavimento in lana di vetro dello spessore di 50 mm su lastre di protezione in acciaio zincato<\/li>\n<li>Altezza del soffitto 2,40 m, altezza della porta 2,20 m<\/li>\n<li>Sottostruttura rinforzata con passaggio per le forche (90 cm da centro a centro) per la movimentazione con carrelli elevatori dotati di forche da 240 cm<\/li>\n<li>Base su pattini (2 travetti ipe 16 cm)<\/li>\n<li>Area WC integrata con WC + lavabo + porta + divisori (acqua calda al lavabo possibile a pagamento)<\/li>\n<li>Area doccia integrata (naturalmente con acqua calda) + porta + divisori<\/li>\n<li>4 pluviali per l'acqua piovana<\/li>\n<li>2300 w Condizionatore reversibile UNICO R10<\/li>\n<li>Condizionatore d'aria a finestra che raffredda solo 12000 BTU<\/li>\n<li>Climatizzatore mobile SHINY 12 Reversibile R290 3,5 KW + kit finestra<\/li>\n<li>Pannello LED al posto del neon<\/li>\n<li>Porta supplementare semivetro, porta completa o porta a tutto vetro<\/li>\n<li>Finestra aggiuntiva, bovindo, finestra per spuntini o finestra con sportello e igifone<\/li>\n<li>Tapparelle in alluminio o PVC, colori speciali disponibili<\/li>\n<li>Pavimento in legno-cemento, spessore 16 mm al posto del truciolato, capacit\u00e0 portante: 400 kg\/m\u00b2.<\/li>\n<li>Pavimento in legno fenolico di 18 mm di spessore al posto del legno cemento, portata: 500 kg\/m\u00b2.<\/li>\n<li>Pavimenti in PVC per impieghi gravosi al posto dei pavimenti standard, in PVC imitazione parquet o piastrelle<\/li>\n<li>Pannelli lisci, pannelli alimentari, pannelli in lana di roccia o pannelli ignifughi<\/li>\n<li>Rimozione delle sbarre di porte e finestre = gratuito<\/li>\n<li>Prese supplementari o prese RJ45<\/li>\n<\/ul>\n<p>Opzioni per l'aggiunta di un angolo cottura<\/p>\n<ul>\n<li>Lavello 80x60cm 1 vasca fredda<\/li>\n<li>Lavello 80x60cm 1 vasca con acqua calda<\/li>\n<li>Lavandino + acqua calda + 2 piani cottura + frigorifero<\/li>\n<\/ul>\n<\/div>\n<\/div>\n<\/div>","protected":false},"excerpt":{"rendered":"<p>Le\u00a0Bungalow Gu\u00e9rite de Gardien\u00a0est un module qui dispose de trois fa\u00e7ades toutes vitr\u00e9es avec menuiserie en gris anthracite, permettant une\u00a0vue \u00e0 180\u00b0,\u00a0pour r\u00e9pondre au besoin de mise en place d\u2019une Gu\u00e9rite de Gardien ou d&rsquo;un poste de garde. &nbsp; Description Bungalow Gu\u00e9rite de Gardien Neuf Notre Bungalow Gu\u00e9rite de Gardien est un module \u00e9quip\u00e9 pour [&hellip;]<\/p>","protected":false},"featured_media":27721,"comment_status":"open","ping_status":"closed","template":"","meta":{"_monsterinsights_skip_tracking":false,"_monsterinsights_sitenote_active":false,"_monsterinsights_sitenote_note":"","_monsterinsights_sitenote_category":0},"product_cat":[15,99],"product_tag":[],"aioseo_notices":[],"_links":{"self":[{"href":"https:\/\/alex-elec.eu\/it\/wp-json\/wp\/v2\/product\/27720"}],"collection":[{"href":"https:\/\/alex-elec.eu\/it\/wp-json\/wp\/v2\/product"}],"about":[{"href":"https:\/\/alex-elec.eu\/it\/wp-json\/wp\/v2\/types\/product"}],"replies":[{"embeddable":true,"href":"https:\/\/alex-elec.eu\/it\/wp-json\/wp\/v2\/comments?post=27720"}],"wp:featuredmedia":[{"embeddable":true,"href":"https:\/\/alex-elec.eu\/it\/wp-json\/wp\/v2\/media\/27721"}],"wp:attachment":[{"href":"https:\/\/alex-elec.eu\/it\/wp-json\/wp\/v2\/media?parent=27720"}],"wp:term":[{"taxonomy":"product_cat","embeddable":true,"href":"https:\/\/alex-elec.eu\/it\/wp-json\/wp\/v2\/product_cat?post=27720"},{"taxonomy":"product_tag","embeddable":true,"href":"https:\/\/alex-elec.eu\/it\/wp-json\/wp\/v2\/product_tag?post=27720"}],"curies":[{"name":"wp","href":"https:\/\/api.w.org\/{rel}","templated":true}]}}