{"id":27705,"date":"2023-09-21T06:33:57","date_gmt":"2023-09-21T06:33:57","guid":{"rendered":"https:\/\/alex-elec.eu\/?post_type=product&#038;p=27705"},"modified":"2023-09-21T06:33:57","modified_gmt":"2023-09-21T06:33:57","slug":"bungalow-neuf-de-stockage-5-metres","status":"publish","type":"product","link":"https:\/\/alex-elec.eu\/it\/product\/bungalow-neuf-de-stockage-5-metres\/","title":{"rendered":"Nuovo bungalow a 5 metri di altezza"},"content":{"rendered":"<p>Il Bungalow di stoccaggio di 5 metri \u00e8 un bungalow progettato per consentire di\u00a0<strong>immagazzinare i prodotti in un modulo isolato<\/strong>Il design \u00e8 stato rielaborato per offrire un'alternativa al contenitore di stoccaggio.<\/p>\n<p>&nbsp;<\/p>\n<div>\n<div>Descrizione<\/div>\n<div>\n<div>\n<p>Bungalow di stoccaggio standard da 5 metri Nuovo<\/p>\n<p>Il nostro Bungalow di stoccaggio di 5 metri \u00e8 un modulo attrezzato per soddisfare le esigenze di stoccaggio dei prodotti in un ambiente isolato. Questo modulo \u00e8 pensato per le aziende che desiderano un modulo di stoccaggio isolato che abbia un aspetto migliore di un container e che possa essere installato in modo permanente o spostato frequentemente. Possiamo aggiungere altri elementi opzionali, oltre a una base rinforzata con accesso per carrelli elevatori per la movimentazione con un carrello elevatore dotato di forche da 250 cm.<\/p>\n<p>Il nostro Storage Bungalow da 5 metri \u00e8 un modulo con telaio e falegnameria in grigio antracite RAL 7016. Presenta quindi un\u00a0<strong>porta a doppio battente semitrasparente con sbarramento<\/strong>un interruttore con due luci al neon a LED e il pavimento in\u00a0<strong>legno fenolico rinforzato<\/strong>con una gamma di\u00a0<strong>600 kg\/m2<\/strong>.<\/p>\n<p>Questo modulo \u00e8 offerto nella serie \"Standard\". La serie standard corrisponde al nostro primo livello di finitura: struttura standard e isolamento standard.<\/p>\n<p>Se necessario, questo modulo pu\u00f2 essere prodotto nel nostro \"\u00a0<strong>Rinforzato<\/strong>\u00a0\"o\u00a0<strong>Isoplus<\/strong>\u00a0\". In questo caso, l'isolamento termico e acustico sar\u00e0 pi\u00f9 efficace e la struttura sar\u00e0 rinforzata.<\/p>\n<p><strong>I nostri bungalow sono assemblati in Francia.<\/strong><\/p>\n<p>Descrizione Bungalow di stoccaggio 5 metri<\/p>\n<p>Il bungalow di stoccaggio di 5 metri ha una struttura in acciaio zincato, laccato in grigio antracite RAL 7016.<\/p>\n<p>Il profilo del tetto \u00e8 in acciaio zincato verniciato grigio antracite RAL 7016,\u00a0<strong>spessore 1,5 mm, altezza 150 mm<\/strong>con 4 punti di imbracatura per la movimentazione con gru.<\/p>\n<p>I profili di base sono in acciaio zincato, laccato in grigio antracite RAL 7016,\u00a0<strong>spessore 1,5 mm - altezza 80 mm.<\/strong><\/p>\n<p>Il tetto \u00e8 costituito da pannelli sandwich in poliuretano espanso rigido,\u00a0<strong>30 mm di spessore<\/strong>Euroclasse Cs3d0. Copertura del tetto in acciaio zincato ondulato, con scarico dell'acqua piovana sui lati.<\/p>\n<p>Le pareti sono costituite da pannelli sandwich in poliuretano espanso rigido,\u00a0<strong>40 mm di spessore<\/strong>\u00a0(grigio chiaro RAL 9002), Euroclass Cs3d0.<\/p>\n<p>Il pavimento \u00e8 realizzato in\u00a0<strong>legno fenolico, spessore 18 mm<\/strong>con una gamma di\u00a0<strong>600 kg\/m2<\/strong>.<\/p>\n<p>Falegnameria in alluminio laccata grigio antracite RAL 7016<\/p>\n<p>Il bungalow di stoccaggio di 5 metri ha una porta a due ante semivetro di 204 x 220 cm, con doghe e vetro trasparente a un'anta.<\/p>\n<p>Installazione elettrica a 220 V<\/p>\n<p>Il bungalow di stoccaggio di 5 metri comprende un interruttore, due luci al neon a LED, un quadro elettrico comprensivo di interruttori interdifferenziali e di circuito (6 KW massimo) e una scatola di giunzione esterna.<\/p>\n<p>Specifiche tecniche<\/p>\n<p>DIMENSIONI<\/p>\n<ul>\n<li>Altezza esterna: 239 cm<\/li>\n<li>Altezza interna: 220 cm<\/li>\n<li>Larghezza: 242 cm<\/li>\n<li>Lunghezza: 509 cm<\/li>\n<\/ul>\n<p>TELAIO<\/p>\n<ul>\n<li>Materiale: acciaio zincato e laccato<\/li>\n<li>Colore: Grigio antracite RAL 7016<\/li>\n<li>Spessore: 1,5 mm<\/li>\n<li>Base: altezza 80 mm<\/li>\n<li>Tetto: altezza 150 mm<\/li>\n<li>Manipolazione: 4 prese sul tetto per i ganci di sollevamento<\/li>\n<\/ul>\n<p>GIUNZIONE<\/p>\n<ul>\n<li>Materiale: Alluminio laccato grigio antracite RAL 7016<\/li>\n<li>Porta\/e: 1 porta a doppio battente semivetrata, dimensioni 204 x 220 cm (90 cm di passaggio libero) con inferriate, vetro chiaro a un vetro<\/li>\n<\/ul>\n<p>PARETI E TETTO<\/p>\n<ul>\n<li>Materiale: Pannelli sandwich<\/li>\n<li>Isolamento: schiuma poliuretanica rigida<\/li>\n<li>Spessore della parete: 40 mm<\/li>\n<li>Spessore del tetto: 30 mm<\/li>\n<li>Tetto: lamiera d'acciaio zincata onde greche<\/li>\n<li>Colore della parete: Grigio chiaro RAL 9002<\/li>\n<\/ul>\n<p>PAVIMENTO<\/p>\n<ul>\n<li>Struttura: legno fenolico<\/li>\n<li>Spessore: 18 mm<\/li>\n<li>Capacit\u00e0: 600 kg\/m\u00b2.<\/li>\n<\/ul>\n<p>ELETTRICIT\u00c0<\/p>\n<ul>\n<li>Illuminazione: 1 interruttore + 2 LED al neon<\/li>\n<li>Quadro elettrico: 1 quadro elettrico comprensivo di interdifferenziale e interruttori automatici<\/li>\n<li>Connessione: 1 scatola di giunzione esterna<\/li>\n<\/ul>\n<p>Possibili opzioni:<\/p>\n<ul>\n<li>Doppi vetri<\/li>\n<li>2 prese + 1 convettore 1500w<\/li>\n<li>Altezza del soffitto 2,40 m, altezza della porta 2,20 m<\/li>\n<li>Colori del telaio a scelta: bianco RAL 9010, grigio chiaro RAL 9002 o grigio antracite RAL 7016.<\/li>\n<li>Altri colori sono disponibili come opzione per i pannelli, il telaio o la falegnameria.<\/li>\n<li>Isolamento del pavimento in lana di vetro dello spessore di 50 mm su lastre di protezione in acciaio zincato<\/li>\n<li>Sottostruttura rinforzata con passaggio forche (90 cm da centro a centro) per la movimentazione con carrelli elevatori dotati di forche da 250 cm<\/li>\n<li>Base su pattini (2 travetti ipe 16 cm)<\/li>\n<li>4 pluviali per l'acqua piovana<\/li>\n<li>2300 w Condizionatore reversibile UNICO R10<\/li>\n<li>Condizionatore d'aria a finestra che raffredda solo 12000 BTU<\/li>\n<li>Climatizzatore mobile SHINY 12 Reversibile R290 3,5 KW + kit finestra<\/li>\n<li>Piastrelle LED invece di LED al neon<\/li>\n<li>Porta supplementare semivetro, porta completa o porta a tutto vetro<\/li>\n<li>Finestra aggiuntiva, bovindo, finestra per spuntini o finestra con sportello e igifone<\/li>\n<li>Tapparelle in alluminio o PVC, colori speciali disponibili<\/li>\n<li>Pavimenti in PVC standard o per impieghi gravosi, pavimenti in PVC a imitazione del parquet o piastrellati<\/li>\n<li>Pannelli lisci, pannelli alimentari, pannelli in lana di roccia o pannelli ignifughi<\/li>\n<li>Rimozione di barre su infissi = gratuita<\/li>\n<li>Prese o spine RJ45<\/li>\n<\/ul>\n<\/div>\n<\/div>\n<\/div>","protected":false},"excerpt":{"rendered":"<p>Le Bungalow de Stockage 5 m\u00e8tres est un bungalow adapt\u00e9 pour permettre de\u00a0stocker des produits dans un module isol\u00e9, dont l\u2019esth\u00e9tique a \u00e9t\u00e9 retravaill\u00e9e, afin de proposer une alternative au container de stockage. &nbsp; Description Bungalow de Stockage 5 m\u00e8tres Standard Neuf Notre Bungalow De Stockage 5 m\u00e8tres est un module \u00e9quip\u00e9 pour r\u00e9pondre au [&hellip;]<\/p>","protected":false},"featured_media":27709,"comment_status":"open","ping_status":"closed","template":"","meta":{"_monsterinsights_skip_tracking":false,"_monsterinsights_sitenote_active":false,"_monsterinsights_sitenote_note":"","_monsterinsights_sitenote_category":0},"product_cat":[15,99],"product_tag":[],"aioseo_notices":[],"_links":{"self":[{"href":"https:\/\/alex-elec.eu\/it\/wp-json\/wp\/v2\/product\/27705"}],"collection":[{"href":"https:\/\/alex-elec.eu\/it\/wp-json\/wp\/v2\/product"}],"about":[{"href":"https:\/\/alex-elec.eu\/it\/wp-json\/wp\/v2\/types\/product"}],"replies":[{"embeddable":true,"href":"https:\/\/alex-elec.eu\/it\/wp-json\/wp\/v2\/comments?post=27705"}],"wp:featuredmedia":[{"embeddable":true,"href":"https:\/\/alex-elec.eu\/it\/wp-json\/wp\/v2\/media\/27709"}],"wp:attachment":[{"href":"https:\/\/alex-elec.eu\/it\/wp-json\/wp\/v2\/media?parent=27705"}],"wp:term":[{"taxonomy":"product_cat","embeddable":true,"href":"https:\/\/alex-elec.eu\/it\/wp-json\/wp\/v2\/product_cat?post=27705"},{"taxonomy":"product_tag","embeddable":true,"href":"https:\/\/alex-elec.eu\/it\/wp-json\/wp\/v2\/product_tag?post=27705"}],"curies":[{"name":"wp","href":"https:\/\/api.w.org\/{rel}","templated":true}]}}