{"id":27700,"date":"2023-09-21T06:31:45","date_gmt":"2023-09-21T06:31:45","guid":{"rendered":"https:\/\/alex-elec.eu\/?post_type=product&#038;p=27700"},"modified":"2023-09-21T06:31:45","modified_gmt":"2023-09-21T06:31:45","slug":"bungalow-neuf-de-stockage-6-metres","status":"publish","type":"product","link":"https:\/\/alex-elec.eu\/it\/product\/bungalow-neuf-de-stockage-6-metres\/","title":{"rendered":"Nuovo bungalow di stoccaggio di 6 metri"},"content":{"rendered":"<p>Le\u00a0<strong>Bungalow de Stockage 6 m\u00e8tres<\/strong>\u00a0est un bungalow adapt\u00e9 pour permettre de\u00a0<strong>immagazzinare i prodotti in un modulo isolato<\/strong>, afin de proposer une alternative au container de stockage.<\/p>\n<p>&nbsp;<\/p>\n<div>\n<div>Descrizione<\/div>\n<div>\n<div>\n<p>Bungalow de Stockage 6 m\u00e8tres Neuf<\/p>\n<p>Notre Bungalow De Stockage 6 m\u00e8tres est un module \u00e9quip\u00e9 pour r\u00e9pondre au besoin de stockage de produits dans un environnement isol\u00e9. Ce module est destin\u00e9 aux entit\u00e9s qui souhaitent disposer d\u2019un module de stockage qui peut \u00eatre implant\u00e9 d\u00e9finitivement ou d\u00e9plac\u00e9 fr\u00e9quemment. Nous pouvons ajouter d\u2019autres menuiseries en options, ainsi qu\u2019un soubassement renforc\u00e9 avec passage de fourches pour la manipulation par le bas avec un chariot \u00e9l\u00e9vateur \u00e9quip\u00e9 de fourches de 250 cm.<\/p>\n<p>Notre Bungalow de Stockage 6 m\u00e8tres est un module qui dispose d\u2019une\u00a0<strong>porte pleine \u00e0 deux battants<\/strong>\u00a0sur le petit c\u00f4t\u00e9, d\u2019un interrupteur avec deux n\u00e9ons LED et d\u2019un plancher en\u00a0<strong>legno fenolico rinforzato<\/strong>con una gamma di\u00a0<strong>600 kg\/m2<\/strong>.<\/p>\n<p>Questo modulo pu\u00f2 essere modificato e configurato in modo diverso in base alle proprie esigenze.<\/p>\n<p>Questo modulo \u00e8 offerto nella serie \"Standard\". La serie standard corrisponde al nostro primo livello di finitura: struttura standard e isolamento standard.<\/p>\n<p>Se necessario, questo modulo pu\u00f2 essere prodotto nel nostro \"\u00a0<strong>Rinforzato<\/strong>\u00a0\"o\u00a0<strong>Isoplus<\/strong>\u00a0\". In questo caso, l'isolamento termico e acustico sar\u00e0 pi\u00f9 efficace e la struttura sar\u00e0 rinforzata.<\/p>\n<p><strong>I nostri bungalow sono assemblati in Francia.<\/strong><\/p>\n<p>Descriptif Bungalow De Stockage 6 m\u00e8tres<\/p>\n<p>Le bungalow De Stockage 6 m\u00e8tres est constitu\u00e9 d&rsquo;une ossature en acier galvanis\u00e9 et laqu\u00e9 couleur gris clair RAL 9002.<\/p>\n<p>Il profilo del tetto \u00e8 in acciaio zincato laccato grigio chiaro RAL 9002,\u00a0<strong>spessore 1,5 mm, altezza 150 mm,<\/strong>\u00a0con 4 punti di imbracatura per la movimentazione con gru.<\/p>\n<p>I profili di base sono in acciaio zincato, laccato in grigio chiaro RAL 9002,\u00a0<strong>spessore 1,5 mm - altezza 80 mm.<\/strong><\/p>\n<p>Il tetto \u00e8 costituito da pannelli sandwich in poliuretano espanso rigido,\u00a0<strong>Spessore 30 mm,<\/strong>\u00a0Euroclasse Cs3d0. La copertura del tetto \u00e8 in acciaio zincato ondulato, con scarichi per l'acqua piovana sui lati.<\/p>\n<p>Le pareti sono costituite da pannelli sandwich in poliuretano espanso rigido,\u00a0<strong>40 mm di spessore<\/strong>\u00a0(grigio chiaro RAL 9002), Euroclass Cs3d0.<\/p>\n<p>Le plancher est en bois ph\u00e9nolique,\u00a0<strong>Spessore 18 mm,<\/strong>\u00a0sans rev\u00eatement avec une port\u00e9e de\u00a0<strong>600 kg\/m2<\/strong>.<\/p>\n<p>Menuiseries en aluminium laqu\u00e9 Blanc RAL 9010<\/p>\n<p>Le Bungalow De Stockage 6 m\u00e8tres est \u00e9quip\u00e9 d\u2019une porte pleine \u00e0 deux battants dimensions 184 x 220 cm.<\/p>\n<p>Installazione elettrica a 220 V<\/p>\n<p>Le Bungalow De Stockage 6 m\u00e8tres comprend un interrupteur, deux n\u00e9ons LED, un tableau \u00e9lectrique incluant inter-diff\u00e9rentiel et disjoncteurs (6 KW maximum) et une bo\u00eete ext\u00e9rieure de raccordement.<\/p>\n<p>Specifiche tecniche<\/p>\n<p>DIMENSIONI<\/p>\n<ul>\n<li>Altezza esterna: 239 cm<\/li>\n<li>Altezza interna: 220 cm<\/li>\n<li>Larghezza: 242 cm<\/li>\n<li>Lunghezza: 609 cm<\/li>\n<\/ul>\n<p>TELAIO<\/p>\n<ul>\n<li>Materiale: acciaio zincato e laccato<\/li>\n<li>Colore: Grigio chiaro RAL 9002<\/li>\n<li>Spessore: 1,5 mm<\/li>\n<li>Base: altezza 80 mm<\/li>\n<li>Tetto: altezza 150 mm<\/li>\n<li>Manipolazione: 4 prese sul tetto per i ganci di sollevamento<\/li>\n<\/ul>\n<p>GIUNZIONE<\/p>\n<ul>\n<li>Mati\u00e8re : Aluminium laqu\u00e9 Blanc RAL 9010<\/li>\n<li>Porte(s) : 1 porte pleine \u00e0 2 battants dim. 184 x 220 cm<\/li>\n<\/ul>\n<p>PARETI E TETTO<\/p>\n<ul>\n<li>Materiale: Pannelli sandwich<\/li>\n<li>Isolamento: schiuma poliuretanica rigida<\/li>\n<li>Spessore della parete: 40 mm<\/li>\n<li>Spessore del tetto: 30 mm<\/li>\n<li>Tetto: lamiera d'acciaio zincata onde greche<\/li>\n<li>Colore della parete: Grigio chiaro RAL 9002<\/li>\n<\/ul>\n<p>PAVIMENTO<\/p>\n<ul>\n<li>Struttura: legno fenolico<\/li>\n<li>Spessore: 18 mm<\/li>\n<li>Capacit\u00e0: 600 kg\/m\u00b2.<\/li>\n<\/ul>\n<p>ELETTRICIT\u00c0<\/p>\n<ul>\n<li>Illuminazione: 1 interruttore + 2 LED al neon<\/li>\n<li>Quadro elettrico: 1 quadro elettrico comprensivo di interdifferenziale e interruttori automatici<\/li>\n<li>Connessione: 1 scatola di giunzione esterna<\/li>\n<\/ul>\n<p>Opzioni possibili<\/p>\n<ul>\n<li>2 prese + 1 convettore 1500w<\/li>\n<li>Choix de couleurs gratuits pour l\u2019ossature : blanc RAL 9010, gris clair RAL 9002 ou gris clair RAL 9002<\/li>\n<li>Altri colori sono disponibili come opzione per i pannelli, il telaio o la falegnameria.<\/li>\n<li>Altezza del soffitto 2,40 m, altezza della porta 2,20 m<\/li>\n<li>Isolamento del pavimento in lana di vetro dello spessore di 50 mm su lastre di protezione in acciaio zincato<\/li>\n<li>Sottostruttura rinforzata con passaggio forche (90 cm da centro a centro) per la movimentazione con carrelli elevatori dotati di forche da 250 cm<\/li>\n<li>Base su pattini (2 travetti ipe 16 cm)<\/li>\n<li>4 pluviali per l'acqua piovana<\/li>\n<li>2300 w Condizionatore reversibile UNICO R10<\/li>\n<li>Condizionatore d'aria a finestra che raffredda solo 12000 BTU<\/li>\n<li>Climatizzatore mobile SHINY 12 Reversibile R290 3,5 KW + kit finestra<\/li>\n<li>Piastrelle LED invece di LED al neon<\/li>\n<li>Porta supplementare semivetro, porta completa o porta a tutto vetro<\/li>\n<li>Fen\u00eatre, baie vitr\u00e9e, fen\u00eatre snack ou fen\u00eatre avec guichet et hygiaphone<\/li>\n<\/ul>\n<\/div>\n<\/div>\n<\/div>","protected":false},"excerpt":{"rendered":"<p>Le\u00a0Bungalow de Stockage 6 m\u00e8tres\u00a0est un bungalow adapt\u00e9 pour permettre de\u00a0stocker des produits dans un module isol\u00e9, afin de proposer une alternative au container de stockage. &nbsp; Description Bungalow de Stockage 6 m\u00e8tres Neuf Notre Bungalow De Stockage 6 m\u00e8tres est un module \u00e9quip\u00e9 pour r\u00e9pondre au besoin de stockage de produits dans un environnement [&hellip;]<\/p>","protected":false},"featured_media":27701,"comment_status":"open","ping_status":"closed","template":"","meta":{"_monsterinsights_skip_tracking":false,"_monsterinsights_sitenote_active":false,"_monsterinsights_sitenote_note":"","_monsterinsights_sitenote_category":0},"product_cat":[15],"product_tag":[],"aioseo_notices":[],"_links":{"self":[{"href":"https:\/\/alex-elec.eu\/it\/wp-json\/wp\/v2\/product\/27700"}],"collection":[{"href":"https:\/\/alex-elec.eu\/it\/wp-json\/wp\/v2\/product"}],"about":[{"href":"https:\/\/alex-elec.eu\/it\/wp-json\/wp\/v2\/types\/product"}],"replies":[{"embeddable":true,"href":"https:\/\/alex-elec.eu\/it\/wp-json\/wp\/v2\/comments?post=27700"}],"wp:featuredmedia":[{"embeddable":true,"href":"https:\/\/alex-elec.eu\/it\/wp-json\/wp\/v2\/media\/27701"}],"wp:attachment":[{"href":"https:\/\/alex-elec.eu\/it\/wp-json\/wp\/v2\/media?parent=27700"}],"wp:term":[{"taxonomy":"product_cat","embeddable":true,"href":"https:\/\/alex-elec.eu\/it\/wp-json\/wp\/v2\/product_cat?post=27700"},{"taxonomy":"product_tag","embeddable":true,"href":"https:\/\/alex-elec.eu\/it\/wp-json\/wp\/v2\/product_tag?post=27700"}],"curies":[{"name":"wp","href":"https:\/\/api.w.org\/{rel}","templated":true}]}}