{"id":27665,"date":"2023-09-21T06:14:54","date_gmt":"2023-09-21T06:14:54","guid":{"rendered":"https:\/\/alex-elec.eu\/?post_type=product&#038;p=27665"},"modified":"2023-09-21T06:14:54","modified_gmt":"2023-09-21T06:14:54","slug":"bungalow-modele-renforce-de-3-a-6-metres-au-choix","status":"publish","type":"product","link":"https:\/\/alex-elec.eu\/it\/product\/bungalow-modele-renforce-de-3-a-6-metres-au-choix\/","title":{"rendered":"Bungalow Mod\u00e8le Renforc\u00e9 - Una scelta di lunghezze da 3 a 6 metri"},"content":{"rendered":"<div>Descrizione<\/div>\n<div>\n<div>\n<p>Les bungalows de notre s\u00e9rie \u00ab\u00a0Renforc\u00e9\u00a0\u00bb\u00a0sont constitu\u00e9s d&rsquo;une ossature en acier galvanis\u00e9 et laqu\u00e9 couleur gris clair RAL 9002.<\/p>\n<p>Le profil du toit est en acier galvanis\u00e9 laqu\u00e9 gris clair RAL 9002, \u00e9paisseur 2 mm, hauteur 200 mm, avec 4 points d&rsquo;\u00e9lingage pour d\u00e9placement \u00e0 la grue.<\/p>\n<p>Les profils du soubassement sont en acier galvanis\u00e9 laqu\u00e9 couleur gris clair RAL 9002, \u00e9paisseur 2 mm &#8211; hauteur 160 mm.<\/p>\n<p>La toiture est en panneaux sandwich \u00e0 mousse rigide de polyur\u00e9thane, \u00e9paisseur 40 mm, Euroclasse Cs3d0.<\/p>\n<p>La couverture de toiture est en acier galvanis\u00e9 ondul\u00e9, avec \u00e9vacuations des eaux pluviales sur les c\u00f4t\u00e9s.<\/p>\n<p>Vous pouvez choisir de remplacer le Gris clair RAL 9002 par le Gris Anthracite RAL 7016 ou le Blanc RAL 9010 (sur l\u2019ossature, le profil de toiture et le soubassement) sans surco\u00fbt et sans rallonger le d\u00e9lai (voir mod\u00e8les s\u00e9rie Sp\u00e9ciale ou Isoplus pour vous faire une id\u00e9e de la couleur).<\/p>\n<p>Les parois sont en panneaux sandwich \u00e0 mousse rigide de polyur\u00e9thane, \u00e9paisseur 50 mm (couleur gris clair RAL 9002), Euroclasse Cs3d0.<\/p>\n<p>Le plancher est en bois agglom\u00e9r\u00e9 hydrofuge, \u00e9paisseur 18 mm, recouvert d\u2019un rev\u00eatement PVC.<\/p>\n<p>Il vantaggio del bungalow risiede in due fattori principali: la velocit\u00e0 di installazione e un prezzo al m\u00b2 molto interessante.<\/p>\n<p>Si leur vocation premi\u00e8re est le confort du personnel de chantier (bureaux, r\u00e9fectoires, vestiaires, &#8230;), les bungalows sont aussi adapt\u00e9s \u00e0 de nombreuses autres utilisations dans l&rsquo;industrie ou les services (atelier, stockage, bureaux, abris de machines&#8230;). Ils permettent de b\u00e9n\u00e9ficier d&rsquo;une structure isol\u00e9e, lumineuse et confortable qui r\u00e9pond \u00e0 de nombreux besoins.<\/p>\n<p>De nombreuses entreprises, associations, collectivit\u00e9s ou m\u00eame des particuliers se tournent aujourd&rsquo;hui vers cette solution, car elle permet d&rsquo;obtenir un b\u00e2timent isol\u00e9, dans un d\u00e9lai in\u00e9galable et pour un tarif imbattable en comparaison avec une solution de construction classique.<\/p>\n<p>DIMENSIONS D&rsquo;UN BUNGALOW\u00a0DE CHANTIER RENFORCE<\/p>\n<ul>\n<li>Altezza esterna: 252 cm<\/li>\n<li>Altezza interna: 220 cm<\/li>\n<li>Longueur : De 309 cm \u00e0 609 cm<\/li>\n<li>Larghezza: 242 cm<\/li>\n<\/ul>\n<p>TELAIO<\/p>\n<ul>\n<li>Materiale: acciaio zincato e laccato<\/li>\n<li>Colore: Grigio chiaro RAL 9002<\/li>\n<li>Spessore: 2 mm<\/li>\n<li>Base: altezza 160 mm<\/li>\n<li>Tetto: altezza 200 mm<\/li>\n<li>Manipolazione: 4 prese sul tetto per i ganci di sollevamento<\/li>\n<\/ul>\n<p>PARETI E TETTO<\/p>\n<ul>\n<li>Materiale: Pannelli sandwich<\/li>\n<li>Isolamento: schiuma poliuretanica rigida<\/li>\n<li>Spessore della parete: 50 mm<\/li>\n<li>Spessore del tetto: 40 mm<\/li>\n<li>Copertura del tetto: lamiera d'acciaio zincata con onde greche<\/li>\n<li>Colore: Grigio chiaro RAL 9002<\/li>\n<\/ul>\n<p>PAVIMENTO<\/p>\n<ul>\n<li>Struttura : Pannelli in truciolato idrorepellente<\/li>\n<li>Spessore: 18 mm<\/li>\n<li>Rivestimento : PVC<\/li>\n<\/ul>\n<p>GIUNZIONE<\/p>\n<ul>\n<li>Materiale: alluminio laccato bianco RAL 9010<\/li>\n<li>Porta\/e: 1 porta semivetro, dim. 104 x 220 cm, doppio vetro con sbarre<\/li>\n<li>Finestra(e): 1 finestra scorrevole, dimensioni 104 x 110 cm, doppio vetro con inferriate<\/li>\n<\/ul>\n<p>ELETTRICIT\u00c0<\/p>\n<ul>\n<li>\u00c9clairage : 1 ou 2 n\u00e9ons LED selon dimension<\/li>\n<li>Prese: 2 prese<\/li>\n<li>Riscaldamento: 1 convettore 1500 W<\/li>\n<li>Pannello: 1 pannello comprensivo di interdifferenziale e interruttori automatici<\/li>\n<li>Connessione: 1 scatola di giunzione esterna<\/li>\n<\/ul>\n<p>Opzioni possibili<\/p>\n<ul>\n<li>Colori del telaio a scelta: bianco RAL 9010, grigio chiaro RAL 9002 o grigio antracite RAL 7016.<\/li>\n<li>Altri colori sono disponibili come opzione per i pannelli, il telaio o la falegnameria.<\/li>\n<li>Isolamento del pavimento in lana di vetro dello spessore di 50 mm su lastre di protezione in acciaio zincato<\/li>\n<li>Altezza del soffitto 2,40 m, altezza della porta 2,20 m<\/li>\n<li>Sottotelaio con passaggio forche (interasse 90 cm) per movimentazione con carrello elevatore dotato di forche da 250 cm<\/li>\n<li>Base su pattini (2 travetti ipe 16 cm)<\/li>\n<li>Area WC integrata con WC + lavabo + porta + divisori (acqua calda al lavabo possibile a pagamento)<\/li>\n<li>Area doccia integrata (naturalmente con acqua calda) + porta + divisori<\/li>\n<li>4 pluviali per l'acqua piovana<\/li>\n<li>Falegnameria in alluminio laccata grigio antracite RAL 7016<\/li>\n<li>2300 w Condizionatore reversibile UNICO R10<\/li>\n<li>Condizionatore d'aria a finestra che raffredda solo 12000 BTU<\/li>\n<li>Climatizzatore mobile SHINY 12 Reversibile R290 3,5 KW + kit finestra<\/li>\n<li>Pannelli LED al posto delle luci al neon<\/li>\n<li>Porta supplementare semivetro, porta completa o porta a tutto vetro<\/li>\n<li>Finestra, bovindo, finestra per spuntini o finestra con sportello e igiofono supplementare<\/li>\n<li>Tapparelle in alluminio o PVC, colori speciali disponibili<\/li>\n<li>Pavimento in legno-calcestruzzo, spessore 16 mm, anzich\u00e9 in truciolato (indispensabile se il bungalow non \u00e8 rialzato di qualche cm da borchie o cunei e per gli ambienti umidi) capacit\u00e0 portante: 400 kg\/m\u00b2.<\/li>\n<li>Pavimento in legno fenolico di 18 mm di spessore al posto del truciolato, capacit\u00e0 di carico: 500 kg\/m\u00b2.<\/li>\n<li>Pavimenti in PVC per impieghi gravosi al posto dei pavimenti standard, in PVC imitazione parquet o piastrelle<\/li>\n<li>Pannelli lisci, pannelli alimentari, pannelli in lana di roccia o pannelli ignifughi<\/li>\n<li>Rimozione delle sbarre di porte e finestre = gratuito<\/li>\n<li>Prese supplementari o prese RJ45<\/li>\n<\/ul>\n<p>Opzioni per l'aggiunta di un angolo cottura<\/p>\n<ul>\n<li>Lavello 80x60cm 1 vasca fredda<\/li>\n<li>Lavello 80x60cm 1 vasca con acqua calda<\/li>\n<li>Lavandino + acqua calda + 2 piani cottura + frigorifero<\/li>\n<\/ul>\n<\/div>\n<\/div>","protected":false},"excerpt":{"rendered":"<p>Description Les bungalows de notre s\u00e9rie \u00ab\u00a0Renforc\u00e9\u00a0\u00bb\u00a0sont constitu\u00e9s d&rsquo;une ossature en acier galvanis\u00e9 et laqu\u00e9 couleur gris clair RAL 9002. Le profil du toit est en acier galvanis\u00e9 laqu\u00e9 gris clair RAL 9002, \u00e9paisseur 2 mm, hauteur 200 mm, avec 4 points d&rsquo;\u00e9lingage pour d\u00e9placement \u00e0 la grue. Les profils du soubassement sont en acier [&hellip;]<\/p>","protected":false},"featured_media":27666,"comment_status":"open","ping_status":"closed","template":"","meta":{"_monsterinsights_skip_tracking":false,"_monsterinsights_sitenote_active":false,"_monsterinsights_sitenote_note":"","_monsterinsights_sitenote_category":0},"product_cat":[15,100],"product_tag":[],"aioseo_notices":[],"_links":{"self":[{"href":"https:\/\/alex-elec.eu\/it\/wp-json\/wp\/v2\/product\/27665"}],"collection":[{"href":"https:\/\/alex-elec.eu\/it\/wp-json\/wp\/v2\/product"}],"about":[{"href":"https:\/\/alex-elec.eu\/it\/wp-json\/wp\/v2\/types\/product"}],"replies":[{"embeddable":true,"href":"https:\/\/alex-elec.eu\/it\/wp-json\/wp\/v2\/comments?post=27665"}],"wp:featuredmedia":[{"embeddable":true,"href":"https:\/\/alex-elec.eu\/it\/wp-json\/wp\/v2\/media\/27666"}],"wp:attachment":[{"href":"https:\/\/alex-elec.eu\/it\/wp-json\/wp\/v2\/media?parent=27665"}],"wp:term":[{"taxonomy":"product_cat","embeddable":true,"href":"https:\/\/alex-elec.eu\/it\/wp-json\/wp\/v2\/product_cat?post=27665"},{"taxonomy":"product_tag","embeddable":true,"href":"https:\/\/alex-elec.eu\/it\/wp-json\/wp\/v2\/product_tag?post=27665"}],"curies":[{"name":"wp","href":"https:\/\/api.w.org\/{rel}","templated":true}]}}