{"id":27660,"date":"2023-09-21T06:12:42","date_gmt":"2023-09-21T06:12:42","guid":{"rendered":"https:\/\/alex-elec.eu\/?post_type=product&#038;p=27660"},"modified":"2023-09-21T06:12:42","modified_gmt":"2023-09-21T06:12:42","slug":"bungalow-neuf-serie-speciale-6-metres","status":"publish","type":"product","link":"https:\/\/alex-elec.eu\/it\/product\/bungalow-neuf-serie-speciale-6-metres\/","title":{"rendered":"Nuovo Bungalow Serie Speciale 6 metri"},"content":{"rendered":"<p>Les bungalows de la S\u00e9rie Sp\u00e9ciale pr\u00e9sentent\u00a0<strong>un parfait compromis prix\/confort d\u2019utilisation<\/strong>, ce qui les rend adapt\u00e9s pour la plupart des utilisations.<\/p>\n<div>\n<div>Descrizione<\/div>\n<div>\n<div>\n<p>Bungalow S\u00e9rie Sp\u00e9ciale Neuf<\/p>\n<p>Si leur vocation premi\u00e8re est le confort du personnel de chantier (bureaux, r\u00e9fectoires, vestiaires, &#8230;), les\u00a0<strong>bungalow in cantiere<\/strong>\u00a0sont aussi adapt\u00e9s \u00e0 de nombreuses autres utilisations dans l&rsquo;industrie ou les services (atelier, stockage, bureaux, abris de machines&#8230;). Ils permettent de b\u00e9n\u00e9ficier d&rsquo;une<strong>\u00a0structure isol\u00e9e<\/strong>,\u00a0<strong>lumineuse et confortable<\/strong>\u00a0qui r\u00e9pond \u00e0 de nombreux besoins.<\/p>\n<p>Il vantaggio del bungalow risiede in due fattori principali: la velocit\u00e0 di installazione e un prezzo al m\u00b2 molto interessante.<br \/>\nDe nombreuses entreprises, associations, collectivit\u00e9s ou m\u00eame des particuliers se tournent aujourd&rsquo;hui vers cette solution, car elle permet d&rsquo;obtenir un b\u00e2timent isol\u00e9 dans un d\u00e9lai in\u00e9galable et pour un tarif imbattable en comparaison avec une solution de construction classique.<\/p>\n<p>I bungalow della serie \"Sp\u00e9ciale\" sono moduli con\u00a0<strong>la struttura pi\u00f9 resistente della nostra gamma<\/strong>cos\u00ec come un\u00a0<strong>isolation thermique et phonique am\u00e9lior\u00e9e<\/strong>.<\/p>\n<p>Ce mod\u00e8le dispose d\u2019office de l\u2019option\u00a0<strong>passage de fourches int\u00e9gr\u00e9 au soubassement<\/strong>, afin de permettre une manipulation avec un\u00a0<strong>chariot \u00e9l\u00e9vateur \u00e9quip\u00e9 de fourches longues (250cm)<\/strong>. Con la sua struttura rinforzata e il livello intermedio di isolamento, la serie speciale \u00e8 la scelta preferita dai noleggiatori di bungalow.<\/p>\n<p>Notre bungalow s\u00e9rie \u00ab Sp\u00e9ciale \u00bb n\u00e9cessite un\u00a0<strong>d\u00e9lai de livraison de 3 semaines<\/strong>\u00a0gr\u00e2ce au fait que nous disposons d\u2019un stock permanent pour l\u2019ossature, les panneaux et les menuiseries.<\/p>\n<p><strong>I nostri bungalow sono assemblati in Francia.<\/strong><\/p>\n<p>Specifiche tecniche<\/p>\n<p>DIMENSIONI<\/p>\n<ul>\n<li>Altezza esterna: 257 cm<\/li>\n<li>Altezza interna: 220 cm<\/li>\n<li>Lunghezza: 609 cm<\/li>\n<li>Larghezza: 242 cm<\/li>\n<\/ul>\n<p>TELAIO<\/p>\n<ul>\n<li>Descrizione : Acciaio zincato e laccato<\/li>\n<li>Colore: Grigio antracite RAL 7016<\/li>\n<li>Spessore: 2 mm<\/li>\n<li>Base: altezza 160 mm<\/li>\n<li>Tetto: altezza 250 mm<\/li>\n<li>Manutention : 4 prises sur la toiture pour crochets de levage et passage de fourches dans le soubassement<\/li>\n<\/ul>\n<p>PARETI E TETTO<\/p>\n<ul>\n<li>Materiale: Pannelli sandwich<\/li>\n<li>Isolamento: schiuma poliuretanica rigida<\/li>\n<li>Spessore della parete: 50 mm<\/li>\n<li>Spessore del soffitto: 40 mm<\/li>\n<li>Copertura del soffitto: lamiera d'acciaio zincata con onde greche<\/li>\n<li>\u2022Couleur panneaux : Gris clair RAL 9002<\/li>\n<\/ul>\n<p>PAVIMENTO<\/p>\n<ul>\n<li>Struttura : Pannelli in truciolato idrorepellente<\/li>\n<li>Spessore: 18 mm<\/li>\n<li>Rivestimento : PVC<\/li>\n<\/ul>\n<p>GIUNZIONE<\/p>\n<ul>\n<li>Materiale: alluminio laccato bianco RAL 9010<\/li>\n<li>Porta\/e: 1 porta semivetro, dim. 104 x 220 cm, doppio vetro con sbarre<\/li>\n<li>Finestra(e): 1 finestra scorrevole, dimensioni 104 x 110 cm, doppio vetro con inferriate<\/li>\n<\/ul>\n<p>ELETTRICIT\u00c0<\/p>\n<ul>\n<li>Illuminazione: 2 LED al neon<\/li>\n<li>Prese: 2 prese<\/li>\n<li>Riscaldamento: 1 convettore 1500 W<\/li>\n<li>Pannello: 1 pannello comprensivo di interdifferenziale e interruttori automatici<\/li>\n<li>Connessione: 1 scatola di giunzione esterna<\/li>\n<\/ul>\n<p>Opzioni possibili<\/p>\n<ul>\n<li>Altri colori sono disponibili come opzione per i pannelli, il telaio o la falegnameria.<\/li>\n<li>Isolamento del pavimento in lana di vetro dello spessore di 50 mm su lastre di protezione in acciaio zincato<\/li>\n<li>Altezza del soffitto 2,40 m, altezza della porta 2,20 m<\/li>\n<li>Area WC integrata con WC + lavabo + porta + divisori (acqua calda al lavabo possibile a pagamento)<\/li>\n<li>Area doccia integrata (naturalmente con acqua calda) + porta + divisori<\/li>\n<li>4 pluviali per l'acqua piovana<\/li>\n<li>Falegnameria in alluminio laccata grigio antracite RAL 7016<\/li>\n<li>2300 w Condizionatore reversibile UNICO R10<\/li>\n<li>Condizionatore d'aria a finestra che raffredda solo 12000 BTU<\/li>\n<li>Climatizzatore mobile SHINY 12 Reversibile R290 3,5 KW + kit finestra<\/li>\n<li>Pannelli LED al posto delle luci al neon<\/li>\n<li>Porta supplementare semivetro, porta completa o porta a tutto vetro<\/li>\n<li>Finestra aggiuntiva, bovindo, finestra per spuntini o finestra con sportello e igifone<\/li>\n<li>Tapparelle in alluminio o PVC, colori speciali disponibili<\/li>\n<li>Pavimento in legno-calcestruzzo, spessore 16 mm, anzich\u00e9 in truciolato (indispensabile se il bungalow non \u00e8 rialzato di qualche cm da borchie o cunei e per gli ambienti umidi) capacit\u00e0 portante: 400 kg\/m\u00b2.<\/li>\n<li>Pavimento in legno fenolico di 18 mm di spessore al posto del truciolato, capacit\u00e0 di carico: 500 kg\/m\u00b2.<\/li>\n<li>Pavimenti in PVC per impieghi gravosi al posto dei pavimenti standard, in PVC imitazione parquet o piastrelle<\/li>\n<li>Pannelli lisci, pannelli alimentari, pannelli in lana di roccia o pannelli ignifughi<\/li>\n<li>Rimozione delle sbarre di porte e finestre = gratuito<\/li>\n<li>Prese supplementari o prese RJ45<\/li>\n<\/ul>\n<p>Opzioni per l'aggiunta di un angolo cottura<\/p>\n<ul>\n<li>Lavello 80x60cm 1 vasca fredda<\/li>\n<li>Lavello 80x60cm 1 vasca con acqua calda<\/li>\n<li>Lavandino + acqua calda + 2 piani cottura + frigorifero<\/li>\n<\/ul>\n<\/div>\n<\/div>\n<\/div>","protected":false},"excerpt":{"rendered":"<p>Les bungalows de la S\u00e9rie Sp\u00e9ciale pr\u00e9sentent\u00a0un parfait compromis prix\/confort d\u2019utilisation, ce qui les rend adapt\u00e9s pour la plupart des utilisations. Description Bungalow S\u00e9rie Sp\u00e9ciale Neuf Si leur vocation premi\u00e8re est le confort du personnel de chantier (bureaux, r\u00e9fectoires, vestiaires, &#8230;), les\u00a0bungalows de chantier\u00a0sont aussi adapt\u00e9s \u00e0 de nombreuses autres utilisations dans l&rsquo;industrie ou les [&hellip;]<\/p>","protected":false},"featured_media":27664,"comment_status":"open","ping_status":"closed","template":"","meta":{"_monsterinsights_skip_tracking":false,"_monsterinsights_sitenote_active":false,"_monsterinsights_sitenote_note":"","_monsterinsights_sitenote_category":0},"product_cat":[15,100],"product_tag":[],"aioseo_notices":[],"_links":{"self":[{"href":"https:\/\/alex-elec.eu\/it\/wp-json\/wp\/v2\/product\/27660"}],"collection":[{"href":"https:\/\/alex-elec.eu\/it\/wp-json\/wp\/v2\/product"}],"about":[{"href":"https:\/\/alex-elec.eu\/it\/wp-json\/wp\/v2\/types\/product"}],"replies":[{"embeddable":true,"href":"https:\/\/alex-elec.eu\/it\/wp-json\/wp\/v2\/comments?post=27660"}],"wp:featuredmedia":[{"embeddable":true,"href":"https:\/\/alex-elec.eu\/it\/wp-json\/wp\/v2\/media\/27664"}],"wp:attachment":[{"href":"https:\/\/alex-elec.eu\/it\/wp-json\/wp\/v2\/media?parent=27660"}],"wp:term":[{"taxonomy":"product_cat","embeddable":true,"href":"https:\/\/alex-elec.eu\/it\/wp-json\/wp\/v2\/product_cat?post=27660"},{"taxonomy":"product_tag","embeddable":true,"href":"https:\/\/alex-elec.eu\/it\/wp-json\/wp\/v2\/product_tag?post=27660"}],"curies":[{"name":"wp","href":"https:\/\/api.w.org\/{rel}","templated":true}]}}