{"id":27572,"date":"2023-09-20T13:07:55","date_gmt":"2023-09-20T13:07:55","guid":{"rendered":"https:\/\/alex-elec.eu\/?post_type=product&#038;p=27572"},"modified":"2023-09-20T13:07:55","modified_gmt":"2023-09-20T13:07:55","slug":"bureau-container-prefabrique-v5-132m2","status":"publish","type":"product","link":"https:\/\/alex-elec.eu\/it\/product\/bureau-container-prefabrique-v5-132m2\/","title":{"rendered":"Container prefabbricato per uffici V5 \/ 13,2M2"},"content":{"rendered":"<p><strong>Questo ufficio prefabbricato nasce dal riciclo di un container marittimo e ha una superficie interna totale di 13,2 m2.<\/strong><\/p>\n<p><strong>Il container ufficio prefabbricato V5 viene consegnato pronto all'uso.<\/strong>\u00a0Non appena viene scaricato nel luogo prescelto, lo si collega e si inizia a utilizzarlo.<\/p>\n<p>Questo container per ufficio, utilizzabile tutto l'anno, \u00e8 dotato di serie di componenti di alta gamma per garantire comfort e durata:<\/p>\n<ul>\n<li>rivestimento in legno<\/li>\n<li>parquet in rovere massiccio<\/li>\n<li>Finestre e porte a doppio vetro di alta qualit\u00e0<\/li>\n<li>prese elettriche<\/li>\n<li>Apparecchio LED<\/li>\n<li>rivestimenti in legno per interni<\/li>\n<\/ul>\n<p>Ecco perch\u00e9, a differenza degli uffici prefabbricati \"economici\", invecchiano bene e possono essere spostati facilmente. Non dovrete pi\u00f9 scegliere tra un affitto temporaneo che dura troppo a lungo e un acquisto affrettato e poco ponderato.<\/p>\n<p>Il colore del container ufficio prefabbricato V5 pu\u00f2 essere personalizzato, in modo da integrarsi armoniosamente con l'ambiente circostante. Inoltre, grazie alla sua versatilit\u00e0, \u00e8 possibile trasformarlo in una sala riunioni, in uno showroom o addirittura in una stanza per gli ospiti o in uno studio in giardino, a seconda delle esigenze e dei desideri!<\/p>\n<p>&nbsp;<\/p>\n<p>Descrizione<\/p>\n<table>\n<tbody>\n<tr>\n<td><strong>Lunghezza esterna:<\/strong><\/td>\n<td>6,03 m<\/td>\n<td><strong>Profondit\u00e0 esterna:<\/strong><\/td>\n<td>2,48 m<\/td>\n<\/tr>\n<tr>\n<td><strong>Altezza interna:<\/strong><\/td>\n<td>2,59 m<\/td>\n<td><strong>Superficie interna:<\/strong><\/td>\n<td>13,2 m2<\/td>\n<\/tr>\n<tr>\n<td><strong>Superficie esterna:<\/strong><\/td>\n<td>14,6 m2<\/td>\n<td><strong>Volume:<\/strong><\/td>\n<td>32.12 m3<\/td>\n<\/tr>\n<tr>\n<td><strong>Peso:<\/strong><\/td>\n<td>3,1 tonnellate<\/td>\n<td><strong>Consegna:<\/strong><\/td>\n<td>Montaggio<\/td>\n<\/tr>\n<\/tbody>\n<\/table>","protected":false},"excerpt":{"rendered":"<p>Ce bureau pr\u00e9fabriqu\u00e9 provient du recyclage d\u2019un container maritime et totalise 13.2 m2 de surface int\u00e9rieur. Le bureau container pr\u00e9fabriqu\u00e9 V5 est livr\u00e9 pr\u00eat \u00e0 l\u2019emploi.\u00a0D\u00e8s son d\u00e9chargement sur le lieu choisi, vous le branchez et pouvez le mettre en fonction. Ce mod\u00e8le de bureau container habitable toute l\u2019ann\u00e9e est \u00e9quip\u00e9 de s\u00e9rie de composants [&hellip;]<\/p>","protected":false},"featured_media":27573,"comment_status":"open","ping_status":"closed","template":"","meta":{"_monsterinsights_skip_tracking":false,"_monsterinsights_sitenote_active":false,"_monsterinsights_sitenote_note":"","_monsterinsights_sitenote_category":0},"product_cat":[15,104],"product_tag":[],"aioseo_notices":[],"_links":{"self":[{"href":"https:\/\/alex-elec.eu\/it\/wp-json\/wp\/v2\/product\/27572"}],"collection":[{"href":"https:\/\/alex-elec.eu\/it\/wp-json\/wp\/v2\/product"}],"about":[{"href":"https:\/\/alex-elec.eu\/it\/wp-json\/wp\/v2\/types\/product"}],"replies":[{"embeddable":true,"href":"https:\/\/alex-elec.eu\/it\/wp-json\/wp\/v2\/comments?post=27572"}],"wp:featuredmedia":[{"embeddable":true,"href":"https:\/\/alex-elec.eu\/it\/wp-json\/wp\/v2\/media\/27573"}],"wp:attachment":[{"href":"https:\/\/alex-elec.eu\/it\/wp-json\/wp\/v2\/media?parent=27572"}],"wp:term":[{"taxonomy":"product_cat","embeddable":true,"href":"https:\/\/alex-elec.eu\/it\/wp-json\/wp\/v2\/product_cat?post=27572"},{"taxonomy":"product_tag","embeddable":true,"href":"https:\/\/alex-elec.eu\/it\/wp-json\/wp\/v2\/product_tag?post=27572"}],"curies":[{"name":"wp","href":"https:\/\/api.w.org\/{rel}","templated":true}]}}