{"id":27567,"date":"2023-09-20T13:04:59","date_gmt":"2023-09-20T13:04:59","guid":{"rendered":"https:\/\/alex-elec.eu\/?post_type=product&#038;p=27567"},"modified":"2026-02-07T04:29:14","modified_gmt":"2026-02-07T04:29:14","slug":"bureau-de-jardin-prefabrique-container-garden-office-v1-132m2","status":"publish","type":"product","link":"https:\/\/alex-elec.eu\/it\/product\/bureau-de-jardin-prefabrique-container-garden-office-v1-132m2\/","title":{"rendered":"Contenitore prefabbricato Ufficio da giardino V1 \/ 13,2M2"},"content":{"rendered":"<p><strong>Questo ufficio prefabbricato isolato in un container riciclato ha una superficie interna totale di 13,2 m2.<\/strong><\/p>\n<p><strong>Questo container per ufficio viene consegnato pronto all'uso.<\/strong>\u00a0Infatti, appena scaricato nel luogo prescelto, lo si collega e si inizia a utilizzarlo come si vuole. L'Office Garden V1 \u00e8 perfetto come ufficio, naturalmente, ma pu\u00f2 anche essere trasformato in uno studio, in una stanza per gli ospiti o in una stanza per gli ospiti.<\/p>\n<p>Questo container per ufficio, utilizzabile tutto l'anno, \u00e8 dotato di serie di:<\/p>\n<ul>\n<li>rivestimento in legno<\/li>\n<li>parquet in rovere massiccio<\/li>\n<li>Finestre e porte a doppio vetro di alta qualit\u00e0<\/li>\n<li>prese elettriche<\/li>\n<li>Apparecchio LED<\/li>\n<li>rivestimenti in legno per interni<\/li>\n<\/ul>\n<p>\u00c8 disponibile un'ampia gamma di opzioni di personalizzazione per soddisfare le vostre esigenze, tra cui il posizionamento delle finestre, il legno del rivestimento e il colore. Non esitate a contattarci per ulteriori informazioni.<\/p>\n<p>Un ufficio prefabbricato in un container riciclato \u00e8 una soluzione durevole e adattabile ai cambiamenti: potete trasportarlo dove volete e convertirlo all'uso che desiderate in qualsiasi momento. \u00c8 l'alternativa perfetta agli affitti temporanei che durano troppo a lungo e agli acquisti di immobili di cui ci si pu\u00f2 pentire!<\/p>\n<p>&nbsp;<\/p>\n<p>Descrizione<\/p>\n<table>\n<tbody>\n<tr>\n<td><strong>Lunghezza esterna:<\/strong><\/td>\n<td>6,03 m<\/td>\n<td><strong>Profondit\u00e0 esterna:<\/strong><\/td>\n<td>2,48 m<\/td>\n<\/tr>\n<tr>\n<td><strong>Altezza interna:<\/strong><\/td>\n<td>2,59 m<\/td>\n<td><strong>Superficie interna:<\/strong><\/td>\n<td>13,2 m2<\/td>\n<\/tr>\n<tr>\n<td><strong>Superficie esterna:<\/strong><\/td>\n<td>14,6 m2<\/td>\n<td><strong>Volume:<\/strong><\/td>\n<td>32.12 m3<\/td>\n<\/tr>\n<tr>\n<td><strong>Peso:<\/strong><\/td>\n<td>3,1 tonnellate<\/td>\n<td><strong>Consegna:<\/strong><\/td>\n<td>Montaggio<\/td>\n<\/tr>\n<\/tbody>\n<\/table>","protected":false},"excerpt":{"rendered":"<p>Ce bureau pr\u00e9fabriqu\u00e9 isol\u00e9 am\u00e9nag\u00e9 dans un container recycl\u00e9 totalise 13.2 m2 de surface int\u00e9rieur. Ce bureau container est livr\u00e9 pr\u00eat \u00e0 l\u2019emploi.\u00a0En effet, imm\u00e9diatement apr\u00e8s son d\u00e9chargement sur le lieu choisi, vous le branchez et pouvez commencer \u00e0 vous en servir comme vous le souhaitez. Le bureau de jardin Office Garden V1 est parfait [&hellip;]<\/p>","protected":false},"featured_media":27568,"comment_status":"open","ping_status":"closed","template":"","meta":{"_monsterinsights_skip_tracking":false,"_monsterinsights_sitenote_active":false,"_monsterinsights_sitenote_note":"","_monsterinsights_sitenote_category":0},"product_cat":[15,104],"product_tag":[],"aioseo_notices":[],"_links":{"self":[{"href":"https:\/\/alex-elec.eu\/it\/wp-json\/wp\/v2\/product\/27567"}],"collection":[{"href":"https:\/\/alex-elec.eu\/it\/wp-json\/wp\/v2\/product"}],"about":[{"href":"https:\/\/alex-elec.eu\/it\/wp-json\/wp\/v2\/types\/product"}],"replies":[{"embeddable":true,"href":"https:\/\/alex-elec.eu\/it\/wp-json\/wp\/v2\/comments?post=27567"}],"wp:featuredmedia":[{"embeddable":true,"href":"https:\/\/alex-elec.eu\/it\/wp-json\/wp\/v2\/media\/27568"}],"wp:attachment":[{"href":"https:\/\/alex-elec.eu\/it\/wp-json\/wp\/v2\/media?parent=27567"}],"wp:term":[{"taxonomy":"product_cat","embeddable":true,"href":"https:\/\/alex-elec.eu\/it\/wp-json\/wp\/v2\/product_cat?post=27567"},{"taxonomy":"product_tag","embeddable":true,"href":"https:\/\/alex-elec.eu\/it\/wp-json\/wp\/v2\/product_tag?post=27567"}],"curies":[{"name":"wp","href":"https:\/\/api.w.org\/{rel}","templated":true}]}}