{"id":27541,"date":"2023-09-20T12:55:44","date_gmt":"2023-09-20T12:55:44","guid":{"rendered":"https:\/\/alex-elec.eu\/?post_type=product&#038;p=27541"},"modified":"2023-09-20T12:55:45","modified_gmt":"2023-09-20T12:55:45","slug":"tiny-house-interieur-container-eco-recycle-bliss-132m2","status":"publish","type":"product","link":"https:\/\/alex-elec.eu\/it\/product\/tiny-house-interieur-container-eco-recycle-bliss-132m2\/","title":{"rendered":"Casa minuscola all'interno di un container ecologico riciclato Bliss \/ 13,2M2"},"content":{"rendered":"<p><strong>La casa Tiny all'interno di un container riciclato \u00e8 una soluzione moderna ed ecologica sotto ogni punto di vista.<\/strong>\u00a0Mentre troppi container marittimi vengono buttati via o riciclati come sottoprodotti, noi diamo loro una nuova vita a lungo termine.<\/p>\n<p>I materiali strutturali utilizzati nei container marittimi sono di eccellente qualit\u00e0 e resistenza. Sono progettati per resistere all'umidit\u00e0, agli urti e alla pressione. Una volta ristrutturati con materiali e attrezzature belle e resistenti, diventano case minuscole con interni confortevoli, alti livelli di isolamento e quindi molto rispettose dell'ambiente.<\/p>\n<ul>\n<li>isolamento in pannelli di poliuretano per pavimenti, pareti e tetti<\/li>\n<li>rivestimenti in legno per esterni e rivestimenti per interni di qualit\u00e0<\/li>\n<li>Pavimento in rovere massiccio<\/li>\n<li>finestre a doppio vetro di alta gamma<\/li>\n<li>bagno con componenti di qualit\u00e0 (WC, doccia, lavabo)<\/li>\n<\/ul>\n<p>Queste case container monopiano chiavi in mano sono mobili, proprio come quando sono state costruite. La vostra casa container chiavi in mano \u00e8 completamente equipaggiata: non dovete fare altro che collegarla per godervi il suo comfort e le sue possibilit\u00e0 illimitate. In questo modo eviterete le lungaggini e i vincoli di ampliamenti o ristrutturazioni, che possono richiedere molto tempo per essere completati e sono pieni di sorprese. Invece di coordinare o intraprendere lavori e procedure amministrative, noi posizioniamo una tiny house convertita in base alle vostre esigenze, e voi ci vivete!<\/p>\n<div>\n<p><strong>Grazie alle elevate prestazioni termiche, le nostre case container possono essere abitate tutto l'anno, anche nei mesi pi\u00f9 freddi.<\/strong><\/p>\n<p>Il container della vostra tiny house pu\u00f2 essere spostato in base alle vostre esigenze, rendendovi molto pi\u00f9 facile fare le scelte giuste quando cambiate residenza. Infatti, i vincoli di vendita prima di una scadenza prefissata, i requisiti minimi di spazio e la risoluzione delle formalit\u00e0 amministrative non fanno pi\u00f9 le vostre scelte al posto vostro: potete fare ci\u00f2 che volete veramente. Potete facilmente rivendere il container convertito perch\u00e9 non \u00e8 vincolato a un sito, spostarlo per seguirvi o gestire un periodo di transizione tra due residenze.<\/p>\n<p>&nbsp;<\/p>\n<p>descrizione<\/p>\n<table>\n<tbody>\n<tr>\n<td><strong>Lunghezza esterna:<\/strong><\/td>\n<td>6,03 m<\/td>\n<td><strong>Profondit\u00e0 esterna:<\/strong><\/td>\n<td>2,48 m<\/td>\n<\/tr>\n<tr>\n<td><strong>Altezza interna:<\/strong><\/td>\n<td>2,59 m<\/td>\n<td><strong>Superficie interna:<\/strong><\/td>\n<td>13,2 m2<\/td>\n<\/tr>\n<tr>\n<td><strong>Superficie esterna:<\/strong><\/td>\n<td>14,6 m2<\/td>\n<td><strong>Volume:<\/strong><\/td>\n<td>32.12 m3<\/td>\n<\/tr>\n<tr>\n<td><strong>Peso:<\/strong><\/td>\n<td>3,5 tonnellate<\/td>\n<td><strong>Consegna:<\/strong><\/td>\n<td>Montaggio<\/td>\n<\/tr>\n<\/tbody>\n<\/table>\n<\/div>","protected":false},"excerpt":{"rendered":"<p>La Tiny house \u00e0 l\u2019int\u00e9rieur d\u2019un container recycl\u00e9 est une solution \u00e9cologique \u00e0 tout point de vue et moderne.\u00a0Tandis que de trop nombreux containers maritimes sont jet\u00e9s ou refondus en sous produits, nous leurs redonnons vie tr\u00e8s durablement. En effet les mat\u00e9riaux de structure des containers maritimes sont d\u2019excellente qualit\u00e9 et solidit\u00e9. Il sont con\u00e7us [&hellip;]<\/p>","protected":false},"featured_media":27545,"comment_status":"open","ping_status":"closed","template":"","meta":{"_monsterinsights_skip_tracking":false,"_monsterinsights_sitenote_active":false,"_monsterinsights_sitenote_note":"","_monsterinsights_sitenote_category":0},"product_cat":[15,104],"product_tag":[],"aioseo_notices":[],"_links":{"self":[{"href":"https:\/\/alex-elec.eu\/it\/wp-json\/wp\/v2\/product\/27541"}],"collection":[{"href":"https:\/\/alex-elec.eu\/it\/wp-json\/wp\/v2\/product"}],"about":[{"href":"https:\/\/alex-elec.eu\/it\/wp-json\/wp\/v2\/types\/product"}],"replies":[{"embeddable":true,"href":"https:\/\/alex-elec.eu\/it\/wp-json\/wp\/v2\/comments?post=27541"}],"wp:featuredmedia":[{"embeddable":true,"href":"https:\/\/alex-elec.eu\/it\/wp-json\/wp\/v2\/media\/27545"}],"wp:attachment":[{"href":"https:\/\/alex-elec.eu\/it\/wp-json\/wp\/v2\/media?parent=27541"}],"wp:term":[{"taxonomy":"product_cat","embeddable":true,"href":"https:\/\/alex-elec.eu\/it\/wp-json\/wp\/v2\/product_cat?post=27541"},{"taxonomy":"product_tag","embeddable":true,"href":"https:\/\/alex-elec.eu\/it\/wp-json\/wp\/v2\/product_tag?post=27541"}],"curies":[{"name":"wp","href":"https:\/\/api.w.org\/{rel}","templated":true}]}}