{"id":27519,"date":"2023-09-20T12:48:40","date_gmt":"2023-09-20T12:48:40","guid":{"rendered":"https:\/\/alex-elec.eu\/?post_type=product&#038;p=27519"},"modified":"2023-09-20T12:48:40","modified_gmt":"2023-09-20T12:48:40","slug":"maison-conteneur-v-5","status":"publish","type":"product","link":"https:\/\/alex-elec.eu\/it\/product\/maison-conteneur-v-5\/","title":{"rendered":"Casa in container V-5"},"content":{"rendered":"<p>La casa container V-5 pu\u00f2 essere utilizzata tutto l'anno grazie al suo accurato isolamento termico. Ovunque abbiate bisogno di 13 metri quadrati di spazio sicuro, asciutto e caldo, potete configurarla con la possibilit\u00e0 di spostarla in qualsiasi momento. Dotata di doppi vetri di alta qualit\u00e0 nelle porte e nelle finestre, di pavimenti in parquet di quercia, di rivestimenti interni ed esterni in legno, di prese di corrente e di faretti a LED, pu\u00f2 essere utilizzata come spazio da giardino per le attivit\u00e0 ricreative, come ufficio da giardino, come stanza per gli ospiti, come casetta da giardino, come sala yoga o come pool house. Come opzione, \u00e8 possibile ordinare contemporaneamente un riscaldamento elettrico a pavimento o un radiatore elettrico.<\/p>\n<p>&nbsp;<\/p>\n<p>Cucina (+\u20ac2.700,00)<\/p>\n<p>Modulo terrazza (+395,00\u20ac)<\/p>\n<p>&nbsp;<\/p>\n<p>&nbsp;<\/p>\n<p>Dettagli tecnici:<\/p>\n<table>\n<tbody>\n<tr>\n<td>Piazzale:<\/td>\n<td>14.6m\u00b2<\/td>\n<td>Altezza:<\/td>\n<td>2,59 milioni di euro<\/td>\n<\/tr>\n<tr>\n<td>Interni:<\/td>\n<td>13.2m\u00b2<\/td>\n<td>Volume:<\/td>\n<td>32.12m\u00b3<\/td>\n<\/tr>\n<tr>\n<td>Lunghezza:<\/td>\n<td>6,03 milioni di euro<\/td>\n<td>Peso:<\/td>\n<td>3,1 tonnellate<\/td>\n<\/tr>\n<tr>\n<td>Profondit\u00e0:<\/td>\n<td>2,48 milioni di euro<\/td>\n<td>Consegna:<\/td>\n<td>Completamente assemblato<\/td>\n<\/tr>\n<\/tbody>\n<\/table>\n<p>Ulteriori informazioni<\/p>\n<p>Ogni anno, migliaia di tonnellate di acciaio vengono sprecate in tutto il mondo in container navali usa e getta. Abbiamo trovato il modo di riutilizzarli trasformandoli in splendide casette da giardino. In questo modo il container assume una funzione completamente nuova ed evita l'inquinamento da rifiuti. Tutto l'acciaio che tagliamo per le finestre e le porte \u00e8 riciclato. Ogni container ha avuto una vita nel trasporto marittimo e ha fatto un lungo viaggio. Proprio come le rughe che compaiono sui volti umani, anche i container presentano graffi e stranezze lungo il percorso. Ogni container \u00e8 unico e queste imperfezioni rimangono visibili sulla cabina, ma non tolgono nulla alla sua bellezza.<\/p>\n<p>&nbsp;<\/p>\n<table>\n<tbody>\n<tr>\n<td>Rivestimento esterno:<\/td>\n<\/tr>\n<tr>\n<td><\/td>\n<td>Rivestimento esterno in larice siberiano 20 x 95 mm<\/td>\n<\/tr>\n<tr>\n<td>Il legno di larice siberiano \u00e8 altamente resinoso ed estremamente resistente. \u00c8 una delle conifere pi\u00f9 durevoli e durature al mondo. Il larice siberiano si distingue per l'impressionante stabilit\u00e0 dimensionale, i costi contenuti, la bassa manutenzione e gli elevati standard di produzione.<\/td>\n<\/tr>\n<tr>\n<td>Finestra:<\/td>\n<\/tr>\n<tr>\n<td>Porte e finestre con telaio in PVC nero. Vetro doppio temperato da 6 + 6 mm riempito di argon. Il colore dei telai \u00e8 variabile nell'ambito delle offerte dei produttori di finestre.<\/td>\n<\/tr>\n<tr>\n<td>Isolamento:<\/td>\n<\/tr>\n<tr>\n<td>Come isolante \u00e8 stata utilizzata schiuma poliuretanica a cellule chiuse. La schiuma poliuretanica chiude tutti gli spazi d'aria. In questo modo la vostra PopUpHut rimane fresca d'estate e calda d'inverno, senza gravare sulle vostre finanze. Il tetto \u00e8 isolato dall'interno con uno strato di 150 mm di spessore, le pareti dall'interno con uno strato di 50 mm e il pavimento con uno strato di 100 mm.<\/td>\n<\/tr>\n<tr>\n<td>Rivestimento interno:<\/td>\n<\/tr>\n<tr>\n<td><\/td>\n<td>Le pareti interne e il soffitto sono rivestiti in abete scandinavo. Il legno di abete rosso \u00e8 protetto con la cera per legno OSMO, che gli conferisce una superficie resistente all'acqua e allo sporco.<\/td>\n<\/tr>\n<tr>\n<td>Terra:<\/td>\n<\/tr>\n<tr>\n<td>Il pavimento del container \u00e8 stato rimosso e sostituito con un nuovo pavimento isolato termicamente. Come pavimentazione \u00e8 stato utilizzato il pavimento in rovere. Per voi, questo significa comfort, stile e durata che durer\u00e0 per generazioni.<\/td>\n<\/tr>\n<tr>\n<td>Installazione di illuminazione e prese di corrente :<\/td>\n<\/tr>\n<tr>\n<td>\n<ul>\n<li>Plafoniere a LED in tutta la Tiny-House<\/li>\n<li>Una lampada da esterno<\/li>\n<li>Tre prese esterne<\/li>\n<li>Sei prese interne<\/li>\n<\/ul>\n<\/td>\n<\/tr>\n<\/tbody>\n<\/table>","protected":false},"excerpt":{"rendered":"<p>La maison conteneur V-5 peut \u00eatre utilis\u00e9e toute l\u2019ann\u00e9e en raison de l\u2019isolation thermique soign\u00e9e. Partout o\u00f9 vous avez besoin de 13 m\u00e8tres carr\u00e9s d\u2019espace s\u00fbr, sec et chaud, vous pouvez le configurer avec la possibilit\u00e9 de d\u00e9m\u00e9nager dans un nouvel emplacement \u00e0 tout moment. Equip\u00e9 d\u2019un double vitrage de haute qualit\u00e9 dans les portes [&hellip;]<\/p>","protected":false},"featured_media":27520,"comment_status":"open","ping_status":"closed","template":"","meta":{"_monsterinsights_skip_tracking":false,"_monsterinsights_sitenote_active":false,"_monsterinsights_sitenote_note":"","_monsterinsights_sitenote_category":0},"product_cat":[15,104],"product_tag":[],"aioseo_notices":[],"_links":{"self":[{"href":"https:\/\/alex-elec.eu\/it\/wp-json\/wp\/v2\/product\/27519"}],"collection":[{"href":"https:\/\/alex-elec.eu\/it\/wp-json\/wp\/v2\/product"}],"about":[{"href":"https:\/\/alex-elec.eu\/it\/wp-json\/wp\/v2\/types\/product"}],"replies":[{"embeddable":true,"href":"https:\/\/alex-elec.eu\/it\/wp-json\/wp\/v2\/comments?post=27519"}],"wp:featuredmedia":[{"embeddable":true,"href":"https:\/\/alex-elec.eu\/it\/wp-json\/wp\/v2\/media\/27520"}],"wp:attachment":[{"href":"https:\/\/alex-elec.eu\/it\/wp-json\/wp\/v2\/media?parent=27519"}],"wp:term":[{"taxonomy":"product_cat","embeddable":true,"href":"https:\/\/alex-elec.eu\/it\/wp-json\/wp\/v2\/product_cat?post=27519"},{"taxonomy":"product_tag","embeddable":true,"href":"https:\/\/alex-elec.eu\/it\/wp-json\/wp\/v2\/product_tag?post=27519"}],"curies":[{"name":"wp","href":"https:\/\/api.w.org\/{rel}","templated":true}]}}