{"id":27506,"date":"2023-09-20T06:12:04","date_gmt":"2023-09-20T06:12:04","guid":{"rendered":"https:\/\/alex-elec.eu\/?post_type=product&#038;p=27506"},"modified":"2023-09-20T06:12:04","modified_gmt":"2023-09-20T06:12:04","slug":"conteneur-40-pieds-hc-isotherme-occasion-66-m3","status":"publish","type":"product","link":"https:\/\/alex-elec.eu\/it\/product\/conteneur-40-pieds-hc-isotherme-occasion-66-m3\/","title":{"rendered":"CONTAINER ISOTERMICO HC 40FT USATO - 66 M3"},"content":{"rendered":"<p>CARATTERISTICHE<\/p>\n<p><strong>Dimensioni d'ingombro :<\/strong>\u00a0L 244 x P 1219 x H 290 cm<\/p>\n<p><strong>Dimensioni interne :<\/strong>\u00a0L229 x P1158 x H 256 cm<\/p>\n<p><strong>Volume utile :<\/strong>\u00a065.60 m3<\/p>\n<p><strong>Spazio al suolo :<\/strong>\u00a026.57 m\u00b2<\/p>\n<p><strong>Telaio :<\/strong>\u00a0Acciaio corten da 5 a 8 mm<\/p>\n<p><strong>Pareti di raffreddamento :<\/strong>\u00a0Poliuretano 70 mm<\/p>\n<p><strong>Colori :<\/strong>\u00a0Bianco<\/p>\n<p><strong>Porta :<\/strong>\u00a0Doppio e incernierato<\/p>\n<p><strong>Dimensioni della porta :<\/strong>\u00a0L 228 x H 256,7 cm<\/p>\n<p><strong>Chiusura :<\/strong>\u00a04 Bulloni della cremonese in acciaio zincato<\/p>\n<p><strong>Maniglie :<\/strong>\u00a0Posizione bassa<\/p>\n<p><strong>Piano :<\/strong>\u00a0Binario in alluminio<\/p>\n<p><strong>Carico massimo :<\/strong>\u00a029,30 tonnellate<\/p>\n<p><strong>Sovrapposizione :<\/strong>\u00a0Impilabile, angoli iso<\/p>\n<p>&nbsp;<\/p>\n<p>IL VOSTRO CONTENITORE ISOTERMICO A CUBO ALTO 40 PIEDI, REVISIONATO E A TENUTA STAGNA!<\/p>\n<p>I contenitori usati sono\u00a0<strong>venduto rivisto<\/strong>. Le porte funzionano correttamente e sono a tenuta stagna. Il motore di refrigerazione \u00e8 funzionante. \u00c8 un container che esiste da molto tempo.\u00a0<strong>contiene tracce d'uso<\/strong>. Costa meno di uno nuovo e pu\u00f2 trasportare le vostre merci nelle migliori condizioni di stoccaggio.<\/p>\n<p>Le\u00a0<strong>Il contenitore \"High Cube\" ha un'altezza maggiore rispetto al contenitore \"High Cube\".<\/strong>\u00a0un container delle stesse dimensioni. Simile in tutto e per tutto a un container da 40 piedi, ma pi\u00f9 alto di 30 cm. Si tratta di un'altezza di 2,90 m. Pratico per il trasporto di merci leggere ma ingombranti.<\/p>\n<p><strong>Il contenitore isotermico 40 FEET HC \u00e8 realizzato in acciaio Corten con pareti in poliuretano,<\/strong>\u00a0\u00e8 impermeabile e altamente resistente alle variazioni di temperatura e alla corrosione.\u00a0<strong>Impilabile su pi\u00f9 livelli grazie agli angoli ISO<\/strong>\u00a0posizionati ad ogni angolo del contenitore per facilitarne la movimentazione.<\/p>\n<p>Una doppia porta rinforzata con apertura a 270\u00b0 facilita il carico. Una guarnizione garantisce la tenuta all'aria e all'acqua. Le ante sono tenute chiuse da\u00a0<strong>Bulloni della cremonese in acciaio zincato con fermi in acciaio forgiato<\/strong>\u00a0in alto e in basso. Il\u00a0<strong>maniglie basse<\/strong>\u00a0facilitano l'apertura del contenitore quando viene caricato su un rimorchio.<\/p>\n<p>&nbsp;<\/p>\n<p>CHE COS'\u00c8 UN CONTENITORE ISOTERMICO?<\/p>\n<p>Il contenitore ISOTHERM da 40 piedi \u00e8\u00a0<strong>un contenitore refrigerato (REEFER) con l'unit\u00e0 di refrigerazione rimossa e sostituita da un pannello isolante<\/strong>. Il\u00a0<strong>Pareti in poliuretano di 70 mm di spessore<\/strong>\u00a0offrono un isolamento termico ideale. Questa soluzione consente di conservare i prodotti alimentari e non alimentari in condizioni ottimali. Questo tipo di contenitore viene utilizzato anche per l'arredamento.<\/p>\n<p>&nbsp;<\/p>\n<p>CONSEGNA DI UN CONTAINER ISOTERMICO HC DA 40 PIEDI USATO<\/p>\n<p>Consegnato pronto per l'uso su una gru per autocarro, questo container da 65,60 m3 pu\u00f2 essere utilizzato immediatamente dopo il ricevimento. La tara \u00e8 di 4650 kg. Il trasportatore utilizzer\u00e0 una gru per autocarri per effettuare la consegna su appuntamento all'indirizzo indicato.<\/p>\n<p><strong>Prevedere l'accessibilit\u00e0 per questo tipo di autocarro con rimorchio<\/strong>e\u00a0<strong>un perimetro di circa 10 metri intorno al carrello<\/strong>. Se volete spostare il vostro container, \u00e8 essenziale che abbiate la giusta logistica.<\/p>\n<p>&nbsp;<\/p>\n<p>VANTAGGI DEL PRODOTTO<\/p>\n<ul>\n<li>Un prezzo pi\u00f9 basso rispetto alle nuove costruzioni<\/li>\n<li>Unit\u00e0 isotermica autonoma, adatta al trasporto stradale, marittimo o aereo<\/li>\n<li>Una struttura consegnata revisionata per il trasporto o lo stoccaggio in totale sicurezza<\/li>\n<li>1 contenitore solido, resistente alla corrosione, a tenuta d'aria e d'acqua, in acciaio Corten<\/li>\n<li>Pareti interne in poliuretano da 70 mm<\/li>\n<li>Il pavimento in alluminio pu\u00f2 sostenere un peso di 29.300 kg.<\/li>\n<li>Doppie porte per facilitare il carico<\/li>\n<li>Robusti bulloni da cremonese in acciaio zincato, con artigli in acciaio forgiato e manici bassi<\/li>\n<li>Gli angoli iso rendono i contenitori impilabili<\/li>\n<li>Spazio di stoccaggio a tenuta stagna con una grande capacit\u00e0 che pu\u00f2 essere trasportata e impilata<\/li>\n<\/ul>\n<p>&nbsp;<\/p>\n<p>CARATTERISTICHE TECNICHE DEL CONTENITORE ISOTERMICO HC<\/p>\n<p><strong>Dimensioni d'ingombro :<\/strong>\u00a0L 243,8 x P 1219,2 x H 289,6 cm<\/p>\n<p><strong>Dimensioni interne :<\/strong>\u00a0L229,4 x P1158,3 x H 255,7 cm<\/p>\n<p><strong>Volume utile :<\/strong>\u00a065.60 m3<\/p>\n<p><strong>Spazio al suolo :<\/strong>\u00a026.50 m\u00b2<\/p>\n<p><strong>Struttura :<\/strong>\u00a0Pannelli in acciaio corten con spessore da 5 a 8 mm<\/p>\n<p><strong>Pareti di raffreddamento :<\/strong>\u00a0Poliuretano 70 mm<\/p>\n<p><strong>Colori :<\/strong>\u00a0Blu RAL5010, grigio chiaro RAL7035 o bianco RAL9010<\/p>\n<p><strong>Porte :<\/strong>\u00a0Doppia anta, L 228,4 x H 256,7 cm - apertura a 270\u00b0<\/p>\n<p><strong>Sistema di chiusura delle porte :<\/strong>\u00a0Bulloni della cremonese in acciaio zincato. 4 barre di chiusura con artigli in acciaio forgiato e maniglie basse + guarnizione della porta per la tenuta stagna<\/p>\n<p><strong>Piano :<\/strong>\u00a0Binario in alluminio, carico massimo 29.300 kg<\/p>\n<p><strong>Peso a vuoto :<\/strong>\u00a04.650 kg<\/p>\n<p><strong>Sovrapposizione :<\/strong>\u00a0Angoli ISO<\/p>","protected":false},"excerpt":{"rendered":"<p>CARACT\u00c9RISTIQUES Dimensions hors tout :\u00a0L\u00a0244 x P\u00a01219 x Ht\u00a0290 cm Dimensions int\u00e9rieures :\u00a0L229 x P1158 x\u00a0Ht\u00a0256 cm Volume utile :\u00a065.60\u00a0m3 Surface utile :\u00a026.57 m\u00b2 Armature :\u00a0Acier Corten 5 \u00e0 8 mm Parois frigorifique :\u00a0Polyur\u00e9thane 70 mm Coloris :\u00a0Blanc Porte :\u00a0Double et\u00a0battante Dimensions portes :\u00a0L\u00a0228 x Ht\u00a0256.7 cm Fermeture :\u00a04 Cr\u00e9mones en acier galvanis\u00e9 Poign\u00e9es :\u00a0Position [&hellip;]<\/p>","protected":false},"featured_media":27508,"comment_status":"open","ping_status":"closed","template":"","meta":{"_monsterinsights_skip_tracking":false,"_monsterinsights_sitenote_active":false,"_monsterinsights_sitenote_note":"","_monsterinsights_sitenote_category":0},"product_cat":[15,105],"product_tag":[],"aioseo_notices":[],"_links":{"self":[{"href":"https:\/\/alex-elec.eu\/it\/wp-json\/wp\/v2\/product\/27506"}],"collection":[{"href":"https:\/\/alex-elec.eu\/it\/wp-json\/wp\/v2\/product"}],"about":[{"href":"https:\/\/alex-elec.eu\/it\/wp-json\/wp\/v2\/types\/product"}],"replies":[{"embeddable":true,"href":"https:\/\/alex-elec.eu\/it\/wp-json\/wp\/v2\/comments?post=27506"}],"wp:featuredmedia":[{"embeddable":true,"href":"https:\/\/alex-elec.eu\/it\/wp-json\/wp\/v2\/media\/27508"}],"wp:attachment":[{"href":"https:\/\/alex-elec.eu\/it\/wp-json\/wp\/v2\/media?parent=27506"}],"wp:term":[{"taxonomy":"product_cat","embeddable":true,"href":"https:\/\/alex-elec.eu\/it\/wp-json\/wp\/v2\/product_cat?post=27506"},{"taxonomy":"product_tag","embeddable":true,"href":"https:\/\/alex-elec.eu\/it\/wp-json\/wp\/v2\/product_tag?post=27506"}],"curies":[{"name":"wp","href":"https:\/\/api.w.org\/{rel}","templated":true}]}}