{"id":27501,"date":"2023-09-20T06:10:02","date_gmt":"2023-09-20T06:10:02","guid":{"rendered":"https:\/\/alex-elec.eu\/?post_type=product&#038;p=27501"},"modified":"2023-09-20T06:10:02","modified_gmt":"2023-09-20T06:10:02","slug":"conteneur-40-pieds-hc-reefer-doccasion-67-56-m3","status":"publish","type":"product","link":"https:\/\/alex-elec.eu\/it\/product\/conteneur-40-pieds-hc-reefer-doccasion-67-56-m3\/","title":{"rendered":"CONTAINER HC REEFER DA 40 PIEDI USATO - 67,56 M3"},"content":{"rendered":"<p>Il container reefer 40 FEET HC \u00e8 dotato di un'unit\u00e0 di refrigerazione che mantiene e controlla la temperatura per conservare le merci in condizioni ottimali. Impermeabile e a tenuta d'aria, il suo design in acciaio CORTEN garantisce la conservazione e la sicurezza del contenuto.<\/p>\n<p>&nbsp;<\/p>\n<p>CARATTERISTICHE<\/p>\n<p><strong>Dimensioni d'ingombro :<\/strong>\u00a0L 244 x P 1219 x H 290 cm<\/p>\n<p><strong>Dimensioni interne :<\/strong>\u00a0L229 x P1158 x H 256 cm<\/p>\n<p><strong>Volume :<\/strong>\u00a067.56 m3<\/p>\n<p><strong>Spazio al suolo :<\/strong>\u00a026.50 m\u00b2<\/p>\n<p><strong>Telaio :<\/strong>\u00a0 Acciaio corten da 5 a 8 mm<\/p>\n<p><strong>Pareti di raffreddamento :<\/strong>\u00a0Poliuretano 70 mm<\/p>\n<p><strong>Colori :<\/strong>\u00a0Bianco<\/p>\n<p><strong>Porta :<\/strong>\u00a0Doppio e incernierato<\/p>\n<p><strong>Dimensioni della porta :<\/strong>\u00a0L 228 x H 256,7 cm<\/p>\n<p><strong>Chiusura :<\/strong>\u00a04 Bulloni della cremonese in acciaio zincato<\/p>\n<p><strong>Maniglie :<\/strong>\u00a0Posizione bassa<\/p>\n<p><strong>Piano :<\/strong>\u00a0Binario in alluminio<\/p>\n<p><strong>Carico massimo :<\/strong>\u00a029,30 tonnellate<\/p>\n<p><strong>Sovrapposizione :<\/strong>\u00a0Impilabile, angoli iso<\/p>\n<p>&nbsp;<\/p>\n<p>IL VOSTRO CONTAINER REEFER DI 40 PIEDI A TENUTA STAGNA!<\/p>\n<p>I contenitori usati sono\u00a0<strong>venduto rivisto<\/strong>. Le porte funzionano correttamente e sono a tenuta stagna. Il motore di refrigerazione \u00e8 funzionante. \u00c8 un container che esiste da molto tempo.\u00a0<strong>contiene tracce d'uso<\/strong>. Costa meno di uno nuovo e pu\u00f2 trasportare le vostre merci nelle migliori condizioni di stoccaggio.<\/p>\n<p>Le\u00a0<strong>Il contenitore \"High Cube\" ha un'altezza maggiore rispetto al contenitore \"High Cube\".<\/strong>\u00a0un container delle stesse dimensioni. Simile in tutto e per tutto a un container da 40 piedi, ma pi\u00f9 alto di 30 cm. Si tratta di un'altezza di 2,90 m. Pratico per il trasporto di merci leggere ma ingombranti.<\/p>\n<p><strong>Il container 40 FEET HC REEFER \u00e8 realizzato in acciaio Corten con pareti in poliuretano,<\/strong>\u00a0\u00e8 impermeabile e altamente resistente alle variazioni di temperatura e alla corrosione.\u00a0<strong>Impilabile su pi\u00f9 livelli grazie agli angoli ISO,<\/strong>\u00a0posizionati ad ogni angolo del contenitore per facilitarne la movimentazione.<\/p>\n<p>La doppia porta rinforzata con apertura a 270\u00b0 facilita il carico. Una guarnizione garantisce la tenuta all'aria e all'acqua. Le ante sono tenute chiuse da\u00a0<strong>Bulloni della cremonese in acciaio galvanizzato con griffe in acciaio forgiato,<\/strong>\u00a0in alto e in basso. Il\u00a0<strong>maniglie basse,<\/strong>\u00a0facilitano l'apertura del contenitore quando viene caricato su un rimorchio.<\/p>\n<p>&nbsp;<\/p>\n<p>CHE COS'\u00c8 UN CONTENITORE REFRIGERATO?<\/p>\n<p>Il container reefer deve essere considerato come un grande frigorifero per il trasporto di merci a temperatura controllata. Un reefer \u00e8 un container refrigerato per il trasporto marittimo. Il termine sta per \"Refrigerated Shipping Container\". Il pi\u00f9 delle volte questi container vengono utilizzati per trasportare prodotti alimentari come frutta, verdura, carne, pesce, frutti di mare o prodotti caseari. I Reefers sono ideali anche per il trasporto di merci \"fragili\" non alimentari, come fiori o prodotti farmaceutici. Sia in mare che a terra, questi container refrigerati possono percorrere migliaia di chilometri per trasportare il loro carico, mantenendo sempre la temperatura richiesta.<\/p>\n<p>&nbsp;<\/p>\n<p><strong>FUNZIONAMENTO DI UN CONTENITORE REFRIGERATO<\/strong><\/p>\n<p>Assomigliando a un container per spedizioni standard, il container refrigerato \u00e8 dotato di un'unit\u00e0 di distribuzione dell'aria con un motore. L'aria refrigerata viene distribuita da terra, attraverso uno specifico pavimento a T, con il vantaggio di produrre un flusso d'aria costante e uniforme su tutto il carico. Questo \u00e8 abbastanza potente da garantire un perfetto ricambio d'aria per le merci. Per un container refrigerato \"classico\", la temperatura interna pu\u00f2 essere gestita tra -40\u00b0C e +30\u00b0C.<\/p>\n<ul>\n<li>Motore: Carrier \/ Thermo King \/ Daikin<\/li>\n<li>Potenza: 5kw \/ 7,5 hp \/ 15,5 A<\/li>\n<li>Sistema elettrico: 380 V<\/li>\n<\/ul>\n<p>&nbsp;<\/p>\n<p>CONSEGNA DI UN CONTAINER HC REEFER USATO DA 40 PIEDI<\/p>\n<p>Consegnato pronto per l'uso su una gru per autocarro, questo container da 67,56 m3 pu\u00f2 essere utilizzato immediatamente dopo il ricevimento. La tara \u00e8 di 4700 kg. Il trasportatore utilizzer\u00e0 una gru per autocarri per effettuare la consegna su appuntamento all'indirizzo indicato.<\/p>\n<p><strong>Prevedere l'accessibilit\u00e0 per questo tipo di autocarro con rimorchio<\/strong>e\u00a0<strong>un perimetro di circa 10 metri intorno al carrello<\/strong>. Se volete spostare il vostro container, \u00e8 essenziale che abbiate la giusta logistica.<\/p>\n<p>&nbsp;<\/p>\n<p>VANTAGGI DEL PRODOTTO<\/p>\n<ul>\n<li>Un prezzo pi\u00f9 basso rispetto alle nuove costruzioni<\/li>\n<li>Unit\u00e0 di refrigerazione autonoma, operativa in condizioni ambientali difficili<\/li>\n<li>Adattabile al trasporto stradale, marittimo o aereo<\/li>\n<li>Impedisce che i prodotti maturino troppo rapidamente<\/li>\n<li>Una struttura consegnata revisionata per il trasporto sicuro o la conservazione a freddo<\/li>\n<li>1 contenitore solido, resistente alla corrosione, a tenuta d'aria e d'acqua, in acciaio Corten<\/li>\n<li>Il pavimento in alluminio pu\u00f2 sostenere un peso di 29.300 kg.<\/li>\n<li>Doppie porte per facilitare il carico<\/li>\n<li>Robusti bulloni da cremonese in acciaio zincato, con artigli in acciaio forgiato e manici bassi<\/li>\n<li>Gli angoli iso rendono i contenitori impilabili<\/li>\n<li>Spazio di stoccaggio a tenuta stagna con una grande capacit\u00e0 che pu\u00f2 essere trasportata e impilata<\/li>\n<\/ul>\n<p>&nbsp;<\/p>\n<p>CARATTERISTICHE TECNICHE DEL CONTAINER DI STOCCAGGIO HC REEFER 67,56 M3<\/p>\n<p><strong>Dimensioni d'ingombro :<\/strong>\u00a0L 244 x P 1219 x H 290 cm<\/p>\n<p><strong>Dimensioni interne :<\/strong>\u00a0L229 x P1158 x H 256 cm<\/p>\n<p><strong>Volume :<\/strong>\u00a067.56 m3<\/p>\n<p><strong>Spazio al suolo :<\/strong>\u00a026.50 m\u00b2<\/p>\n<p><strong>Telaio :<\/strong>\u00a0 Acciaio corten da 5 a 8 mm<\/p>\n<p><strong>Pareti di raffreddamento :<\/strong>\u00a0Poliuretano 70 mm<\/p>\n<p><strong>Gruppo Froid :<\/strong>\u00a0Motore: Carrier \/ Thermo King \/ Daikin, potenza 5kw \/ 7,5 hp \/ 15,5 A - 380 V<\/p>\n<p><strong>Colori :<\/strong>\u00a0Bianco RAL9010<\/p>\n<p><strong>Porte :<\/strong>\u00a0A doppia anta, L 228 x H 256,7 cm - apertura a 270\u00b0<\/p>\n<p><strong>Sistema di chiusura delle porte :<\/strong>\u00a0Bulloni della cremonese in acciaio zincato. 4 barre di chiusura con artigli in acciaio forgiato e maniglie basse + guarnizione della porta per la tenuta stagna<\/p>\n<p><strong>Piano :<\/strong>\u00a0Binario in alluminio, carico massimo 29.300 kg<\/p>\n<p><strong>Peso a vuoto :<\/strong>\u00a04.700 kg<\/p>\n<p><strong>Sovrapposizione :<\/strong>\u00a0Angoli ISO<\/p>","protected":false},"excerpt":{"rendered":"<p>Le conteneur reefer 40 PIEDS HC est constitu\u00e9 d&rsquo;un groupe froid qui va maintenir et contr\u00f4ler la temp\u00e9rature afin de conserver la marchandise dans des conditions optimales. \u00c9tanche \u00e0 l&rsquo;eau et \u00e0 l&rsquo;air, sa conception en acier CORTEN permet de garantir la conservation et la s\u00e9curit\u00e9 de son contenu. &nbsp; CARACT\u00c9RISTIQUES Dimensions hors tout :\u00a0L\u00a0244 [&hellip;]<\/p>","protected":false},"featured_media":27502,"comment_status":"open","ping_status":"closed","template":"","meta":{"_monsterinsights_skip_tracking":false,"_monsterinsights_sitenote_active":false,"_monsterinsights_sitenote_note":"","_monsterinsights_sitenote_category":0},"product_cat":[15,105],"product_tag":[],"aioseo_notices":[],"_links":{"self":[{"href":"https:\/\/alex-elec.eu\/it\/wp-json\/wp\/v2\/product\/27501"}],"collection":[{"href":"https:\/\/alex-elec.eu\/it\/wp-json\/wp\/v2\/product"}],"about":[{"href":"https:\/\/alex-elec.eu\/it\/wp-json\/wp\/v2\/types\/product"}],"replies":[{"embeddable":true,"href":"https:\/\/alex-elec.eu\/it\/wp-json\/wp\/v2\/comments?post=27501"}],"wp:featuredmedia":[{"embeddable":true,"href":"https:\/\/alex-elec.eu\/it\/wp-json\/wp\/v2\/media\/27502"}],"wp:attachment":[{"href":"https:\/\/alex-elec.eu\/it\/wp-json\/wp\/v2\/media?parent=27501"}],"wp:term":[{"taxonomy":"product_cat","embeddable":true,"href":"https:\/\/alex-elec.eu\/it\/wp-json\/wp\/v2\/product_cat?post=27501"},{"taxonomy":"product_tag","embeddable":true,"href":"https:\/\/alex-elec.eu\/it\/wp-json\/wp\/v2\/product_tag?post=27501"}],"curies":[{"name":"wp","href":"https:\/\/api.w.org\/{rel}","templated":true}]}}