{"id":27459,"date":"2023-09-20T05:26:40","date_gmt":"2023-09-20T05:26:40","guid":{"rendered":"https:\/\/alex-elec.eu\/?post_type=product&#038;p=27459"},"modified":"2023-09-20T05:26:40","modified_gmt":"2023-09-20T05:26:40","slug":"container-20-pieds-frigorifique-reefer-occasion-classe-a","status":"publish","type":"product","link":"https:\/\/alex-elec.eu\/it\/product\/container-20-pieds-frigorifique-reefer-occasion-classe-a\/","title":{"rendered":"Container refrigerato Reefer da 20 piedi (Classe A)"},"content":{"rendered":"<p>Le\u00a0<strong>contenitore refrigerato<\/strong>\u00a0o\u00a0<strong>container reefer da 20 piedi usato<\/strong>\u00a0\u00e8 la soluzione standard per la conservazione permanente o occasionale di prodotti freschi che necessitano di un controllo della temperatura e dell'umidit\u00e0, e pu\u00f2 anche essere convertito e allestito.<\/p>\n<p>Altamente mobile, questa cella frigorifera di dimensioni standard \u00e8 la soluzione ideale per il commercio alimentare, l'industria e gli eventi.<\/p>\n<p>&nbsp;<\/p>\n<p>&nbsp;<\/p>\n<p>Specifiche tecniche.<\/p>\n<p><strong>Dimensioni interne<\/strong><\/p>\n<p>-Lunghezza: 5.456 mm<\/p>\n<p>-Larghezza: 2 294 mm<\/p>\n<p>-Altezza: 2.273 mm<\/p>\n<p>-Altezza interna (fino al limite di carico): 2.173 mm<\/p>\n<p>&nbsp;<\/p>\n<p><strong>Dimensioni esterne<\/strong><\/p>\n<p>-Lunghezza: 6.058 mm<\/p>\n<p>-Larghezza: 2.438 mm<\/p>\n<p>-Altezza: 2 591 mm<\/p>\n<p>&nbsp;<\/p>\n<p><strong>Dimensioni della porta<\/strong><\/p>\n<p>-Larghezza: 2.292 mm<\/p>\n<p>-Altezza: 2.264 mm<\/p>\n<p>&nbsp;<\/p>\n<p><strong>Temperatura :\u00a0\u00a0<\/strong>Da -25 a 25\u00b0C<\/p>\n<p>&nbsp;<\/p>\n<p><strong>Refrigerante<\/strong><\/p>\n<p>-R134 A<\/p>\n<p>-R404<\/p>\n<p>-R442 su richiesta<\/p>\n<p>&nbsp;<\/p>\n<p><strong>Struttura :\u00a0<\/strong>CORTECCIA e ACCIAIO INOX<\/p>\n<p><strong>Piano<\/strong><\/p>\n<p>BINARIO A T IN ALLUMINIO<\/p>\n<p>Gestione tramite un pannello di controllo Daikin, Thermoking o Carrier<\/p>\n<p>Stoccaggio fino a 10 europallet<\/p>\n<p>Apertura a due ante su un lato<\/p>\n<p>Apertura porta a 270\u00b0<\/p>\n<p>&nbsp;<\/p>\n<p><strong>Ulteriori informazioni<\/strong><\/p>\n<p>-Carico massimo: 30.480 kg<\/p>\n<p>-Peso a vuoto: 2.900 kg<\/p>\n<p>-Peso massimo: 27.580 kg<\/p>\n<p>-Volume interno utilizzabile (fino alla linea di ventilazione massima): 27,20 m3<\/p>\n<p>-Volume interno totale: 28,6 m3<\/p>\n<p>&nbsp;<\/p>\n<p>Container refrigerato Reefer da 20 piedi (Classe A)<\/p>","protected":false},"excerpt":{"rendered":"<p>Le\u00a0conteneur frigorifique\u00a0ou\u00a0conteneur Reefer 20 pieds occasion\u00a0est la solution standard pour le stockage permanent ou ponctuel de produits frais n\u00e9cessitants un contr\u00f4le de la temp\u00e9rature et de l&rsquo;hygrom\u00e9trie, il est \u00e9galement transformable et am\u00e9nageable. Tr\u00e8s mobile, cette chambre froide de taille standard est la solution id\u00e9ale pour les m\u00e9tiers de bouche, l&rsquo;industrie et l&rsquo;\u00e9v\u00e9nementiel. &nbsp; &nbsp; [&hellip;]<\/p>","protected":false},"featured_media":27460,"comment_status":"open","ping_status":"closed","template":"","meta":{"_monsterinsights_skip_tracking":false,"_monsterinsights_sitenote_active":false,"_monsterinsights_sitenote_note":"","_monsterinsights_sitenote_category":0},"product_cat":[15,105],"product_tag":[],"aioseo_notices":[],"_links":{"self":[{"href":"https:\/\/alex-elec.eu\/it\/wp-json\/wp\/v2\/product\/27459"}],"collection":[{"href":"https:\/\/alex-elec.eu\/it\/wp-json\/wp\/v2\/product"}],"about":[{"href":"https:\/\/alex-elec.eu\/it\/wp-json\/wp\/v2\/types\/product"}],"replies":[{"embeddable":true,"href":"https:\/\/alex-elec.eu\/it\/wp-json\/wp\/v2\/comments?post=27459"}],"wp:featuredmedia":[{"embeddable":true,"href":"https:\/\/alex-elec.eu\/it\/wp-json\/wp\/v2\/media\/27460"}],"wp:attachment":[{"href":"https:\/\/alex-elec.eu\/it\/wp-json\/wp\/v2\/media?parent=27459"}],"wp:term":[{"taxonomy":"product_cat","embeddable":true,"href":"https:\/\/alex-elec.eu\/it\/wp-json\/wp\/v2\/product_cat?post=27459"},{"taxonomy":"product_tag","embeddable":true,"href":"https:\/\/alex-elec.eu\/it\/wp-json\/wp\/v2\/product_tag?post=27459"}],"curies":[{"name":"wp","href":"https:\/\/api.w.org\/{rel}","templated":true}]}}