{"id":27449,"date":"2023-09-20T05:20:39","date_gmt":"2023-09-20T05:20:39","guid":{"rendered":"https:\/\/alex-elec.eu\/?post_type=product&#038;p=27449"},"modified":"2023-09-20T05:20:39","modified_gmt":"2023-09-20T05:20:39","slug":"container-45-pieds-frigorifique-reefer-neuf","status":"publish","type":"product","link":"https:\/\/alex-elec.eu\/it\/product\/container-45-pieds-frigorifique-reefer-neuf\/","title":{"rendered":"Container refrigerato Reefer 45ft Nuovo"},"content":{"rendered":"<p>Le\u00a0<strong>nuovo container reefer da 45 piedi<\/strong>\u00a0conosciuto anche come\u00a0<strong>container reefer da 45 piedi<\/strong>\u00c8 molto utilizzato per la conservazione di prodotti freschi.<\/p>\n<p>Il contenitore refrigerato ICE 45 consente di conservare a lungo una variet\u00e0 di prodotti: alimentari e non. Il container refrigerato 45\u2032 funziona con una presa da 380V. \u00c8 dotato di macchinari che operano in un intervallo di temperatura compreso tra +25\u00b0C e -25\u00b0C.<\/p>\n<p>&nbsp;<\/p>\n<p>&nbsp;<\/p>\n<p>Specifiche tecniche.<\/p>\n<p><strong>Dimensioni interne<\/strong><\/p>\n<p>-Lunghezza: 13.316 mm<\/p>\n<p>-Larghezza: 2 440 mm<\/p>\n<p>-Altezza: 2.569 mm<\/p>\n<p>-Altezza interna (fino al limite di carico): 2.469 mm<\/p>\n<p>&nbsp;<\/p>\n<p><strong>Dimensioni esterne<\/strong><\/p>\n<p>-Lunghezza: 13.716 mm<\/p>\n<p>-Larghezza: 2.580 mm<\/p>\n<p>-Altezza: 2.896 mm<\/p>\n<p>&nbsp;<\/p>\n<p><strong>Dimensioni della porta<\/strong><\/p>\n<p>-Larghezza: 2 440 mm<\/p>\n<p>-Altezza: 2.562 mm<\/p>\n<p>&nbsp;<\/p>\n<p><strong>Temperatura :\u00a0\u00a0<\/strong>Da -25 a 25\u00b0C<\/p>\n<p>&nbsp;<\/p>\n<p><strong>Refrigerante<\/strong><\/p>\n<p>-R134 A<\/p>\n<p>-R404<\/p>\n<p>-R442 su richiesta<\/p>\n<p>&nbsp;<\/p>\n<p><strong>Struttura :\u00a0<\/strong>CORTECCIA e ACCIAIO INOX<\/p>\n<p><strong>Piano<\/strong><\/p>\n<p>PAVIMENTO PIATTO IN ALLUMINIO<\/p>\n<p>Gestione tramite un pannello di controllo Daikin, Thermoking o Carrier<\/p>\n<p>Stoccaggio fino a 33 europallet<\/p>\n<p>Apertura a due ante su un lato<\/p>\n<p>Apertura porta a 270\u00b0<\/p>\n<p>&nbsp;<\/p>\n<p><strong>Ulteriori informazioni<\/strong><\/p>\n<p>-Carico massimo: 27.820 kg<\/p>\n<p>-Peso a vuoto: 6.180 kg<\/p>\n<p>-Peso massimo: 34.000 kg<\/p>\n<p>-Volume interno utilizzabile (fino alla linea di ventilazione massima): 83,14 m3<\/p>\n<p>&nbsp;<\/p>\n<p>Vantaggi :<\/p>\n<p>&nbsp;<\/p>\n<p>-Regolazione della temperatura da -25 a +25\u00b0 con termostato<\/p>\n<p>-Preciso a +\/- 0,1\u00b0c<\/p>\n<p>-Facile da usare<\/p>\n<p>-Consegnato e pronto all'uso<\/p>\n<p>-Unit\u00e0 di raffreddamento controllata<\/p>\n<p>-Spessore dell'isolamento 70 mm<\/p>\n<p>-Conformit\u00e0 alle norme ISO<\/p>\n<p>-Tipo 45R1 - Gruppo ISO 45RT<\/p>\n<p>-Adatta ai piani HACCP (Hazard Analysis Critical Control Point)<\/p>","protected":false},"excerpt":{"rendered":"<p>Le\u00a0container 45 pieds reefer neuf\u00a0ou appel\u00e9 \u00e9galement\u00a0conteneur 45 pieds frigorifique reefer, est tr\u00e8s utilis\u00e9 pour l\u2019activit\u00e9 de stockage de produits frais. Le conteneur frigorifique ICE 45 permet de stocker durablement des marchandises diverses : alimentaires ou non alimentaires. Le conteneur 45\u2032 r\u00e9frig\u00e9r\u00e9 fonctionne avec une prise en 380V. Il vient \u00e9quip\u00e9 de machinerie fonctionnant avec [&hellip;]<\/p>","protected":false},"featured_media":27450,"comment_status":"open","ping_status":"closed","template":"","meta":{"_monsterinsights_skip_tracking":false,"_monsterinsights_sitenote_active":false,"_monsterinsights_sitenote_note":"","_monsterinsights_sitenote_category":0},"product_cat":[15,105],"product_tag":[],"aioseo_notices":[],"_links":{"self":[{"href":"https:\/\/alex-elec.eu\/it\/wp-json\/wp\/v2\/product\/27449"}],"collection":[{"href":"https:\/\/alex-elec.eu\/it\/wp-json\/wp\/v2\/product"}],"about":[{"href":"https:\/\/alex-elec.eu\/it\/wp-json\/wp\/v2\/types\/product"}],"replies":[{"embeddable":true,"href":"https:\/\/alex-elec.eu\/it\/wp-json\/wp\/v2\/comments?post=27449"}],"wp:featuredmedia":[{"embeddable":true,"href":"https:\/\/alex-elec.eu\/it\/wp-json\/wp\/v2\/media\/27450"}],"wp:attachment":[{"href":"https:\/\/alex-elec.eu\/it\/wp-json\/wp\/v2\/media?parent=27449"}],"wp:term":[{"taxonomy":"product_cat","embeddable":true,"href":"https:\/\/alex-elec.eu\/it\/wp-json\/wp\/v2\/product_cat?post=27449"},{"taxonomy":"product_tag","embeddable":true,"href":"https:\/\/alex-elec.eu\/it\/wp-json\/wp\/v2\/product_tag?post=27449"}],"curies":[{"name":"wp","href":"https:\/\/api.w.org\/{rel}","templated":true}]}}