{"id":27438,"date":"2023-09-20T05:12:33","date_gmt":"2023-09-20T05:12:33","guid":{"rendered":"https:\/\/alex-elec.eu\/?post_type=product&#038;p=27438"},"modified":"2023-09-20T05:12:33","modified_gmt":"2023-09-20T05:12:33","slug":"container-10-pieds-isotherme-occasion-classe-a","status":"publish","type":"product","link":"https:\/\/alex-elec.eu\/it\/product\/container-10-pieds-isotherme-occasion-classe-a\/","title":{"rendered":"Container isolato di seconda mano da 10 piedi (Classe A)"},"content":{"rendered":"<p>Le\u00a0<strong>container isotermico di seconda mano da 10 piedi<\/strong>\u00a0conosciuto anche come\u00a0<strong>Contenitore isotermico refrigerato da 10 piedi<\/strong>\u00c8 ampiamente utilizzato per la conservazione di prodotti freschi. Con il suo ingombro ridotto, il contenitore isotermico da 10 piedi \u00e8 sicuramente adatto! Mantiene la temperatura all'interno del contenitore senza bisogno di un motore.<\/p>\n<p>&nbsp;<\/p>\n<p>&nbsp;<\/p>\n<p>Specifiche tecniche.<\/p>\n<p><strong>Dimensioni interne<\/strong><\/p>\n<p>-Lunghezza: 2.389 mm<\/p>\n<p>-Larghezza: 2 294 mm<\/p>\n<p>-Altezza: 2.273 mm<\/p>\n<p>-Altezza interna (fino al limite di carico): 2.173 mm<\/p>\n<p>&nbsp;<\/p>\n<p><strong>Dimensioni esterne<\/strong><\/p>\n<p>-Lunghezza: 2.991 mm<\/p>\n<p>-Larghezza: 2.438 mm<\/p>\n<p>-Altezza: 2 591 mm<\/p>\n<p>&nbsp;<\/p>\n<p><strong>Dimensioni della porta<\/strong><\/p>\n<p>-Larghezza: 2.292 mm<\/p>\n<p>-Altezza: 2.264 mm<\/p>\n<p><strong>Struttura :\u00a0<\/strong>CORTECCIA e ACCIAIO INOX<\/p>\n<p><strong>Piano<\/strong><\/p>\n<p>PAVIMENTO PIATTO IN ALLUMINIO<\/p>\n<p>Apertura porta a 270\u00b0<\/p>\n<p><strong>Ulteriori informazioni<\/strong><\/p>\n<p>- Superficie interna: 5,48 m2<\/p>\n<p>- Numero di pallet EURO: 4<\/p>\n<p>-Carico massimo: 15.000 kg<\/p>\n<p>-Peso a vuoto: 2.600 kg<\/p>\n<p>-Peso massimo: 12.400 kg<\/p>\n<p>-Volume interno totale: 12,45 m3<\/p>\n<p>-Volume interno utilizzabile (fino alla linea di ventilazione massima): 11,91 m3<\/p>\n<p>&nbsp;<\/p>\n<p>Vantaggi :<\/p>\n<p>&nbsp;<\/p>\n<p>- Consegnato e pronto all'uso<\/p>\n<p>- Unit\u00e0 di raffreddamento controllata<\/p>\n<p>- Spessore dell'isolamento 70 mm<\/p>\n<p>- Facile da usare<\/p>","protected":false},"excerpt":{"rendered":"<p>Le\u00a0conteneur 10 pieds isotherme occasion\u00a0ou appel\u00e9 \u00e9galement\u00a0container 10 pieds isotherme frigorifique, est tr\u00e8s utilis\u00e9 pour l\u2019activit\u00e9 de stockage de produit frais. Avec son faible encombrement, le conteneur 10 pieds isotherme trouve sa place ! Permet de conserver la temp\u00e9rature \u00e0 l\u2019int\u00e9rieur du container sans moteur. &nbsp; &nbsp; Caract\u00e9ristiques techniques. Dimensions int\u00e9rieures -Longueur : 2 389 [&hellip;]<\/p>","protected":false},"featured_media":27439,"comment_status":"open","ping_status":"closed","template":"","meta":{"_monsterinsights_skip_tracking":false,"_monsterinsights_sitenote_active":false,"_monsterinsights_sitenote_note":"","_monsterinsights_sitenote_category":0},"product_cat":[15,105],"product_tag":[],"aioseo_notices":[],"_links":{"self":[{"href":"https:\/\/alex-elec.eu\/it\/wp-json\/wp\/v2\/product\/27438"}],"collection":[{"href":"https:\/\/alex-elec.eu\/it\/wp-json\/wp\/v2\/product"}],"about":[{"href":"https:\/\/alex-elec.eu\/it\/wp-json\/wp\/v2\/types\/product"}],"replies":[{"embeddable":true,"href":"https:\/\/alex-elec.eu\/it\/wp-json\/wp\/v2\/comments?post=27438"}],"wp:featuredmedia":[{"embeddable":true,"href":"https:\/\/alex-elec.eu\/it\/wp-json\/wp\/v2\/media\/27439"}],"wp:attachment":[{"href":"https:\/\/alex-elec.eu\/it\/wp-json\/wp\/v2\/media?parent=27438"}],"wp:term":[{"taxonomy":"product_cat","embeddable":true,"href":"https:\/\/alex-elec.eu\/it\/wp-json\/wp\/v2\/product_cat?post=27438"},{"taxonomy":"product_tag","embeddable":true,"href":"https:\/\/alex-elec.eu\/it\/wp-json\/wp\/v2\/product_tag?post=27438"}],"curies":[{"name":"wp","href":"https:\/\/api.w.org\/{rel}","templated":true}]}}