{"id":27428,"date":"2023-09-19T23:45:40","date_gmt":"2023-09-19T23:45:40","guid":{"rendered":"https:\/\/alex-elec.eu\/?post_type=product&#038;p=27428"},"modified":"2023-09-19T23:45:40","modified_gmt":"2023-09-19T23:45:40","slug":"container-20-pieds-isotherme-occasion-classe-a","status":"publish","type":"product","link":"https:\/\/alex-elec.eu\/it\/product\/container-20-pieds-isotherme-occasion-classe-a\/","title":{"rendered":"Container isolato di seconda mano da 20 piedi (Classe A)"},"content":{"rendered":"<p>Le\u00a0<strong>container isotermico da 20 piedi usato<\/strong>\u00a0conosciuto anche come\u00a0<strong>Container isotermico refrigerato da 20 piedi<\/strong>\u00c8 ampiamente utilizzato per lo stoccaggio di prodotti alimentari o chimici. Il container isotermico da 20 piedi occupa pochissimo spazio! Mantiene una differenza di temperatura tra l'interno e l'esterno del contenitore.<\/p>\n<p>&nbsp;<\/p>\n<p>&nbsp;<\/p>\n<p>Specifiche tecniche.<\/p>\n<p><strong>Dimensioni interne<\/strong><\/p>\n<p>-Lunghezza: 5.456 mm<\/p>\n<p>-Larghezza: 2 294 mm<\/p>\n<p>-Altezza: 2.273 mm<\/p>\n<p>-Altezza interna (fino al limite di carico): 2.173 mm<\/p>\n<p>&nbsp;<\/p>\n<p><strong>Dimensioni esterne<\/strong><\/p>\n<p>-Lunghezza: 6.058 mm<\/p>\n<p>-Larghezza: 2.438 mm<\/p>\n<p>-Altezza: 2 591 mm<\/p>\n<p>&nbsp;<\/p>\n<p><strong>Dimensioni della porta<\/strong><\/p>\n<p>-Larghezza: 2.292 mm<\/p>\n<p>-Altezza: 2.264 mm<\/p>\n<p><strong>Struttura :\u00a0<\/strong>CORTECCIA e ACCIAIO INOX<\/p>\n<p><strong>Piano<\/strong><\/p>\n<p>PAVIMENTO PIATTO IN ALLUMINIO<\/p>\n<p>Apertura porta a 270\u00b0<\/p>\n<p><strong>Ulteriori informazioni<\/strong><\/p>\n<p>- Superficie interna: 12,51 m2<\/p>\n<p>- Numero di pallet EURO: 10<\/p>\n<p>-Carico massimo: 30.480 kg<\/p>\n<p>-Peso a vuoto: 2.900 kg<\/p>\n<p>-Peso massimo: 27.580 kg<\/p>\n<p>-Volume interno totale: 28,6 m3<\/p>\n<p>-Volume interno utilizzabile (fino alla linea di ventilazione massima): 27,20 m3<\/p>\n<p>&nbsp;<\/p>\n<p>Vantaggi :<\/p>\n<p>&nbsp;<\/p>\n<p>- Consegnato e pronto all'uso<\/p>\n<p>- Unit\u00e0 di raffreddamento controllata<\/p>\n<p>- Spessore dell'isolamento 70 mm<\/p>\n<p>- Facile da usare<\/p>","protected":false},"excerpt":{"rendered":"<p>Le\u00a0conteneur 20 pieds isotherme occasion\u00a0ou appel\u00e9 \u00e9galement\u00a0container 20 pieds isotherme frigorifique, est tr\u00e8s utilis\u00e9 pour l\u2019activit\u00e9 de stockage de produit\u00a0alimentaires ou chimiques. Avec son faible encombrement, le conteneur 20 pieds isotherme trouve sa place !\u00a0Il permet de conserver une diff\u00e9rence de temp\u00e9rature entre l\u2019int\u00e9rieur et l\u2019ext\u00e9rieur du container. &nbsp; &nbsp; Caract\u00e9ristiques techniques. Dimensions int\u00e9rieures -Longueur [&hellip;]<\/p>","protected":false},"featured_media":27429,"comment_status":"open","ping_status":"closed","template":"","meta":{"_monsterinsights_skip_tracking":false,"_monsterinsights_sitenote_active":false,"_monsterinsights_sitenote_note":"","_monsterinsights_sitenote_category":0},"product_cat":[15,105],"product_tag":[],"aioseo_notices":[],"_links":{"self":[{"href":"https:\/\/alex-elec.eu\/it\/wp-json\/wp\/v2\/product\/27428"}],"collection":[{"href":"https:\/\/alex-elec.eu\/it\/wp-json\/wp\/v2\/product"}],"about":[{"href":"https:\/\/alex-elec.eu\/it\/wp-json\/wp\/v2\/types\/product"}],"replies":[{"embeddable":true,"href":"https:\/\/alex-elec.eu\/it\/wp-json\/wp\/v2\/comments?post=27428"}],"wp:featuredmedia":[{"embeddable":true,"href":"https:\/\/alex-elec.eu\/it\/wp-json\/wp\/v2\/media\/27429"}],"wp:attachment":[{"href":"https:\/\/alex-elec.eu\/it\/wp-json\/wp\/v2\/media?parent=27428"}],"wp:term":[{"taxonomy":"product_cat","embeddable":true,"href":"https:\/\/alex-elec.eu\/it\/wp-json\/wp\/v2\/product_cat?post=27428"},{"taxonomy":"product_tag","embeddable":true,"href":"https:\/\/alex-elec.eu\/it\/wp-json\/wp\/v2\/product_tag?post=27428"}],"curies":[{"name":"wp","href":"https:\/\/api.w.org\/{rel}","templated":true}]}}