{"id":20288,"date":"2021-09-27T05:46:43","date_gmt":"2021-09-27T05:46:43","guid":{"rendered":"https:\/\/demo.xpeedstudio.com\/bajaar\/shoe-shop\/?page_id=20288"},"modified":"2023-09-22T01:31:49","modified_gmt":"2023-09-22T01:31:49","slug":"faq","status":"publish","type":"page","link":"https:\/\/alex-elec.eu\/it\/faq\/","title":{"rendered":"FAQ"},"content":{"rendered":"<div data-elementor-type=\"wp-page\" data-elementor-id=\"20288\" class=\"elementor elementor-20288\">\n\t\t\t\t\t\t\t<div class=\"elementor-element elementor-element-21e136a e-flex e-con-boxed e-con e-parent\" data-id=\"21e136a\" data-element_type=\"container\" data-settings=\"{&quot;content_width&quot;:&quot;boxed&quot;}\" data-core-v316-plus=\"true\">\n\t\t\t\t\t<div class=\"e-con-inner\">\n\t\t\t\t<div class=\"elementor-element elementor-element-f3de959 elementor-widget elementor-widget-text-editor\" data-id=\"f3de959\" data-element_type=\"widget\" data-settings=\"{&quot;ekit_we_effect_on&quot;:&quot;none&quot;}\" data-widget_type=\"text-editor.default\">\n\t\t\t\t<div class=\"elementor-widget-container\">\n\t\t\t<style>\/*! elementor - v3.16.0 - 09-10-2023 *\/\n.elementor-widget-text-editor.elementor-drop-cap-view-stacked .elementor-drop-cap{background-color:#69727d;color:#fff}.elementor-widget-text-editor.elementor-drop-cap-view-framed .elementor-drop-cap{color:#69727d;border:3px solid;background-color:transparent}.elementor-widget-text-editor:not(.elementor-drop-cap-view-default) .elementor-drop-cap{margin-top:8px}.elementor-widget-text-editor:not(.elementor-drop-cap-view-default) .elementor-drop-cap-letter{width:1em;height:1em}.elementor-widget-text-editor .elementor-drop-cap{float:left;text-align:center;line-height:1;font-size:50px}.elementor-widget-text-editor .elementor-drop-cap-letter{display:inline-block}<\/style>\t\t\t\t<div id=\"comp-larb6fno1\" class=\"BaOVQ8 tz5f0K comp-larb6fno1 wixui-rich-text\" data-testid=\"richTextElement\">\n<h1 class=\"font_4 wixui-rich-text__text\"><span class=\"color_15 wixui-rich-text__text\"><span class=\"wixui-rich-text__text\">DOMANDE FREQUENTI<\/span><\/span><\/h1>\n<\/div>\n<div id=\"comp-larb6fno2\" class=\"BaOVQ8 tz5f0K comp-larb6fno2 wixui-rich-text\" data-testid=\"richTextElement\">\n<p class=\"font_8 wixui-rich-text__text\"><span class=\"color_15 wixui-rich-text__text\">Le risposte alle vostre domande<\/span><\/p>\n<\/div>\n<div id=\"comp-larb6fno3\" class=\"KcpHeO tz5f0K comp-larb6fno3 wixui-rich-text\" data-testid=\"richTextElement\">\n<h2 class=\"font_6 wixui-rich-text__text\"><a class=\"wixui-rich-text__text\" href=\"https:\/\/www.container-z.com\/#\" target=\"_blank\" rel=\"noreferrer noopener\">Il contenitore \u00e8 robusto?<\/a><\/h2>\n<\/div>\n<div id=\"comp-larb6fnp\" class=\"KcpHeO tz5f0K comp-larb6fnp wixui-rich-text\" data-testid=\"richTextElement\">\n<p class=\"font_9 wixui-rich-text__text\">Un container \u00e8 progettato per durare pi\u00f9 di dieci anni in servizio durante i viaggi in mare. Va da s\u00e9 che la durata di un container \u00e8 ben dimostrata, soprattutto perch\u00e9 i nostri container, disponibili per l'acquisto e il noleggio e per l'allestimento, vengono ispezionati e riparati se necessario, o addirittura ristrutturati a seconda del progetto.<\/p>\n<\/div>\n<div id=\"comp-larb6fnp1\" class=\"KcpHeO tz5f0K comp-larb6fnp1 wixui-rich-text\" data-testid=\"richTextElement\">\n<h2 class=\"font_6 wixui-rich-text__text\"><span class=\"wixui-rich-text__text\"><span class=\"color_15 wixui-rich-text__text\"><a class=\"wixui-rich-text__text\" href=\"https:\/\/www.container-z.com\/#\" target=\"_blank\" rel=\"noreferrer noopener\">Come posso farmi consegnare un container?<\/a><\/span><\/span><\/h2>\n<\/div>\n<div id=\"comp-larb6fnp2\" class=\"KcpHeO tz5f0K comp-larb6fnp2 wixui-rich-text\" data-testid=\"richTextElement\">\n<p class=\"font_9 wixui-rich-text__text\"><span class=\"wixui-rich-text__text\"><span class=\"color_15 wixui-rich-text__text\">&nbsp;Alex-elec offre un servizio di consegna adattato alla vostra posizione, a seconda dell'accessibilit\u00e0 della zona. Per maggiori dettagli su questo servizio, visitate la pagina del nostro servizio di consegna.<\/span><\/span><\/p>\n<\/div>\n<div id=\"comp-larb6fnp3\" class=\"KcpHeO tz5f0K comp-larb6fnp3 wixui-rich-text\" data-testid=\"richTextElement\">\n<h2 class=\"font_6 wixui-rich-text__text\"><span class=\"wixui-rich-text__text\"><span class=\"color_15 wixui-rich-text__text\"><a class=\"wixui-rich-text__text\" href=\"https:\/\/www.container-z.com\/#\" target=\"_blank\" rel=\"noreferrer noopener\">Quali sono i diversi tipi di contenitore?<\/a><\/span><\/span><\/h2>\n<\/div>\n<div id=\"comp-larb6fnq\" class=\"KcpHeO tz5f0K comp-larb6fnq wixui-rich-text\" data-testid=\"richTextElement\">\n<p class=\"font_9 wixui-rich-text__text\"><span class=\"wixui-rich-text__text\"><span class=\"color_15 wixui-rich-text__text\">Esistono diversi tipi di container marittimi. Oltre ai container standard, ne esiste un'ampia variet\u00e0 adattata a determinati tipi di merci o processi. In questa pagina \u00e8 possibile conoscere tutti i container disponibili per la vendita e come supporto per allestimenti personalizzati.<\/span><\/span><\/p>\n<\/div>\n<div id=\"comp-laveclui\" class=\"KcpHeO tz5f0K comp-laveclui wixui-rich-text\" data-testid=\"richTextElement\">\n<h2 class=\"font_6 wixui-rich-text__text\"><span class=\"wixui-rich-text__text\"><span class=\"color_15 wixui-rich-text__text\"><a class=\"wixui-rich-text__text\" href=\"https:\/\/www.container-z.com\/#\" target=\"_blank\" rel=\"noreferrer noopener\">I vostri prezzi sono fissi o variano?<\/a><\/span><\/span><\/h2>\n<\/div>\n<div id=\"comp-lavedeln\" class=\"KcpHeO tz5f0K comp-lavedeln wixui-rich-text\" data-testid=\"richTextElement\">\n<p class=\"font_9 wixui-rich-text__text\">Le nostre tariffe variano in base alle condizioni del container, agli allestimenti richiesti, all'andamento del mercato e al luogo in cui viene messo a disposizione. Il prezzo di un container dipende da una serie di fattori esterni, come il trasporto via mare. Non esitate a&nbsp;<span class=\"wixui-rich-text__text\"><a class=\"wixui-rich-text__text\" href=\"https:\/\/www.containersbrilock.com\/contact-8\" target=\"_self\">contattateci<\/a><\/span>&nbsp;in modo da poter elaborare un preventivo personalizzato in base al vostro budget.<\/p>\n<\/div>\n<div id=\"comp-lavedvbh\" class=\"KcpHeO tz5f0K comp-lavedvbh wixui-rich-text\" data-testid=\"richTextElement\">\n<h2 class=\"font_6 wixui-rich-text__text\"><span class=\"wixui-rich-text__text\"><span class=\"color_15 wixui-rich-text__text\">Garantire l'assistenza post-vendita per i vostri container?<\/span><\/span><\/h2>\n<\/div>\n<div id=\"comp-lavee0wp\" class=\"KcpHeO tz5f0K comp-lavee0wp wixui-rich-text\" data-testid=\"richTextElement\">\n<p class=\"font_9 wixui-rich-text__text\">Forniamo un servizio di assistenza post-vendita per i container che forniamo. Possiamo anche recarci presso la vostra sede per effettuare qualsiasi tipo di riparazione sul vostro container.<\/p>\n<\/div>\n<div id=\"comp-lavehc2g\" class=\"KcpHeO tz5f0K comp-lavehc2g wixui-rich-text\" data-testid=\"richTextElement\">\n<h2 class=\"font_6 wixui-rich-text__text\"><span class=\"wixui-rich-text__text\"><span class=\"color_15 wixui-rich-text__text\">Supportate i vostri clienti nell'ottimizzazione dei loro progetti?<\/span><\/span><\/h2>\n<\/div>\n<div id=\"comp-lavehks5\" class=\"KcpHeO tz5f0K comp-lavehks5 wixui-rich-text\" data-testid=\"richTextElement\">\n<p class=\"font_9 wixui-rich-text__text\">Il monitoraggio dei progetti \u00e8 essenziale per il loro successo. Tutti i nostri team sono a vostra disposizione per monitorarvi e consigliarvi durante lo sviluppo e la realizzazione del vostro progetto.<\/p>\n<\/div>\n<div id=\"comp-lavel5pv\" class=\"KcpHeO tz5f0K comp-lavel5pv wixui-rich-text\" data-testid=\"richTextElement\">\n<h2 class=\"font_6 wixui-rich-text__text\"><span class=\"wixui-rich-text__text\"><span class=\"color_15 wixui-rich-text__text\">Qual \u00e8 il vantaggio di un container rispetto a una struttura permanente?<\/span><\/span><\/h2>\n<\/div>\n<div id=\"comp-lavelpy7\" class=\"KcpHeO tz5f0K comp-lavelpy7 wixui-rich-text\" data-testid=\"richTextElement\">\n<p class=\"font_9 wixui-rich-text__text\">I container presentano una serie di vantaggi: sono robusti, modulari e mobili e non necessitano necessariamente di permessi di costruzione per essere installati. Inoltre, con una regolare manutenzione, possono avere una durata di vita molto pi\u00f9 lunga di quelli utilizzati esclusivamente per il trasporto marittimo.<\/p>\n<\/div>\n<div id=\"comp-lavelwb7\" class=\"KcpHeO tz5f0K comp-lavelwb7 wixui-rich-text\" data-testid=\"richTextElement\">\n<h2 class=\"font_6 wixui-rich-text__text\"><span class=\"wixui-rich-text__text\"><span class=\"color_15 wixui-rich-text__text\">\u00c8 possibile personalizzare un contenitore in termini di abbigliamento?<\/span><\/span><\/h2>\n<\/div>\n<div id=\"comp-lavem1ut\" class=\"KcpHeO tz5f0K comp-lavem1ut wixui-rich-text\" data-testid=\"richTextElement\">\n<p class=\"font_9 wixui-rich-text__text\">Possiamo verniciare il vostro contenitore nei colori che desiderate, utilizzando un'ampia gamma di colori. Possiamo anche applicare il vostro logo o le vostre marcature (adesivi, stencil, dibond, ecc.). Visitate la pagina dedicata al nostro servizio di verniciatura per saperne di pi\u00f9 sui nostri servizi.<\/p>\n<\/div>\n<div id=\"comp-lavemg7j\" class=\"KcpHeO tz5f0K comp-lavemg7j wixui-rich-text\" data-testid=\"richTextElement\">\n<h2 class=\"font_6 wixui-rich-text__text\"><span class=\"wixui-rich-text__text\"><span class=\"color_15 wixui-rich-text__text\">Come si mantiene un contenitore?<\/span><\/span><\/h2>\n<\/div>\n<div id=\"comp-lavemn3l\" class=\"KcpHeO tz5f0K comp-lavemn3l wixui-rich-text\" data-testid=\"richTextElement\">\n<p class=\"font_9 wixui-rich-text__text\">Ci sono molti modi per mantenere e prolungare la vita del vostro container. I nostri team possono aiutarvi a mantenere il vostro container eseguendo, ad esempio, varie riparazioni o lavori di verniciatura anticorrosione, in modo da garantire che la vostra propriet\u00e0 duri per gli anni a venire.<\/p>\n<\/div>\n<div id=\"comp-lax3p6bh\" class=\"KcpHeO tz5f0K comp-lax3p6bh wixui-rich-text\" data-testid=\"richTextElement\">\n<h2 class=\"font_6 wixui-rich-text__text\"><span class=\"wixui-rich-text__text\"><span class=\"color_15 wixui-rich-text__text\">Qual \u00e8 la durata media di vita di un container?<\/span><\/span><\/h2>\n<\/div>\n<div id=\"comp-lax3pim1\" class=\"KcpHeO tz5f0K comp-lax3pim1 wixui-rich-text\" data-testid=\"richTextElement\">\n<p class=\"font_9 wixui-rich-text__text\">Non esiste una regola precisa per la durata di vita di un container marittimo. In linea di massima, dura dai 12 ai 15 anni quando compie una serie di viaggi regolari nelle condizioni estreme del trasporto in alto mare. Se invece lo si trasforma in un'unit\u00e0 non marittima, la sua durata pu\u00f2 andare ben oltre i 15 anni, a patto di sottoporlo a regolare manutenzione. Di recente abbiamo dovuto effettuare la manutenzione di un container del 1979, utilizzato come unit\u00e0 di stoccaggio statico, ed era in perfette condizioni!<\/p>\n<p class=\"font_9 wixui-rich-text__text\">Realizziamo&nbsp;<a class=\"wixui-rich-text__text\" href=\"https:\/\/www.container-z.com\/fr\/prestations-et-accessoires\/chaudronnerie\" target=\"_blank\" rel=\"noreferrer noopener\">manutenzione e riparazione dei vostri contenitori<\/a>&nbsp;in loco o nelle nostre officine, grazie ai nostri team di calderai. Possiamo inoltre prolungare la durata dei vostri contenitori contro le intemperie con&nbsp;<a class=\"wixui-rich-text__text\" href=\"https:\/\/www.container-z.com\/fr\/prestations-et-accessoires\/peinture\" target=\"_blank\" rel=\"noreferrer noopener\">il nostro servizio di verniciatura<\/a>&nbsp;che vi fornir\u00e0 un trattamento adeguato.<\/p>\n<\/div>\n<div id=\"comp-lax3pxd9\" class=\"KcpHeO tz5f0K comp-lax3pxd9 wixui-rich-text\" data-testid=\"richTextElement\">\n<h2 class=\"font_6 wixui-rich-text__text\"><span class=\"wixui-rich-text__text\"><span class=\"color_15 wixui-rich-text__text\">\u00c8 possibile mettere in sicurezza un container?<\/span><\/span><\/h2>\n<\/div>\n<div id=\"comp-lax3q6gd\" class=\"KcpHeO tz5f0K comp-lax3q6gd wixui-rich-text\" data-testid=\"richTextElement\">\n<p class=\"font_9 wixui-rich-text__text\">Offriamo diverse soluzioni per proteggere le vostre merci quando sono immagazzinate in un container. Dai tradizionali sigilli di sicurezza ai processi di sicurezza pi\u00f9 avanzati, potete facilmente garantire una sicurezza ottimale per il vostro container.<\/p>\n<p class=\"font_9 wixui-rich-text__text\">Date un'occhiata al nostro&nbsp;<a class=\"wixui-rich-text__text\" href=\"https:\/\/www.container-z.com\/fr\/prestations-et-accessoires\/securisation\" target=\"_blank\" rel=\"noreferrer noopener\">pagina speciale<\/a>&nbsp;su questo argomento per vedere i diversi strumenti disponibili.<\/p>\n<\/div>\n<div id=\"comp-lax3qk74\" class=\"KcpHeO tz5f0K comp-lax3qk74 wixui-rich-text\" data-testid=\"richTextElement\">\n<h2 class=\"font_6 wixui-rich-text__text\"><span class=\"wixui-rich-text__text\"><span class=\"color_15 wixui-rich-text__text\">Un contenitore refrigerato \u00e8 rumoroso?<\/span><\/span><\/h2>\n<\/div>\n<div id=\"comp-lax3qs39\" class=\"KcpHeO tz5f0K comp-lax3qs39 wixui-rich-text\" data-testid=\"richTextElement\">\n<p class=\"font_9 wixui-rich-text__text\">I container refrigerati sono relativamente rumorosi a causa dei loro motori esterni. Tuttavia, esistono motori che possono essere pi\u00f9 silenziosi.<\/p>\n<p class=\"font_9 wixui-rich-text__text\">Non esitate a contattarci per discutere le soluzioni che possiamo offrirvi.&nbsp;<a class=\"wixui-rich-text__text\" href=\"https:\/\/www.container-z.com\/fr\/vente-et-location\/containers-frigorifiques\" target=\"_blank\" rel=\"noreferrer noopener\">i nostri contenitori reefers<\/a>.<\/p>\n<\/div>\n<div id=\"comp-lax3r57k\" class=\"KcpHeO tz5f0K comp-lax3r57k wixui-rich-text\" data-testid=\"richTextElement\">\n<h2 class=\"font_6 wixui-rich-text__text\"><span class=\"wixui-rich-text__text\"><span class=\"color_15 wixui-rich-text__text\">Il gas utilizzato in un contenitore refrigerato \u00e8 conforme agli standard?<\/span><\/span><\/h2>\n<\/div>\n<div id=\"comp-lax3rmxp\" class=\"KcpHeO tz5f0K comp-lax3rmxp wixui-rich-text\" data-testid=\"richTextElement\">\n<p class=\"font_9 wixui-rich-text__text\">Tutti i gas utilizzati nei nostri frigoriferi sono conformi alle norme vigenti.<\/p>\n<\/div>\n<div id=\"comp-lax3yca4\" class=\"KcpHeO tz5f0K comp-lax3yca4 wixui-rich-text\" data-testid=\"richTextElement\">\n<h2 class=\"font_6 wixui-rich-text__text\"><span class=\"wixui-rich-text__text\"><span class=\"color_15 wixui-rich-text__text\">I vostri contenitori sono conformi agli standard attuali?<\/span><\/span><\/h2>\n<\/div>\n<div id=\"comp-lax3yivw\" class=\"KcpHeO tz5f0K comp-lax3yivw wixui-rich-text\" data-testid=\"richTextElement\">\n<p class=\"font_9 wixui-rich-text__text\">Tutti i nostri contenitori sono&nbsp;<a class=\"wixui-rich-text__text\" href=\"https:\/\/www.container-z.com\/fr\/informations-et-conseils\/les-normes\" target=\"_blank\" rel=\"noreferrer noopener\">standard attuali<\/a>&nbsp;nonch\u00e9 tutte le trasformazioni e le modifiche che apportiamo al vostro progetto.<\/p>\n<p class=\"font_9 wixui-rich-text__text\">Potete trovare maggiori informazioni su questi standard nella nostra pagina dedicata, che viene regolarmente aggiornata sull'argomento.<\/p>\n<\/div>\n<div id=\"comp-lax3yrtb\" class=\"KcpHeO tz5f0K comp-lax3yrtb wixui-rich-text\" data-testid=\"richTextElement\">\n<h2 class=\"font_6 wixui-rich-text__text\"><span class=\"wixui-rich-text__text\"><span class=\"color_15 wixui-rich-text__text\">I vostri contenitori sono prodotti in Francia?<\/span><\/span><\/h2>\n<\/div>\n<div id=\"comp-lax3z1j6\" class=\"KcpHeO tz5f0K comp-lax3z1j6 wixui-rich-text\" data-testid=\"richTextElement\">\n<p class=\"font_9 wixui-rich-text__text\">Quasi tutti i container marittimi sono ora prodotti in Cina.<\/p>\n<p class=\"font_9 wixui-rich-text__text\">L'allestimento e la riparazione dei contenitori, invece, vengono effettuati in&nbsp;<a class=\"wixui-rich-text__text\" href=\"https:\/\/www.container-z.com\/fr\/qui-sommes-nous\/nos-moyens\" target=\"_blank\" rel=\"noreferrer noopener\">i nostri laboratori<\/a>&nbsp;in Francia solo da personale qualificato e certificato.<\/p>\n<\/div>\n<div id=\"comp-lax3za3q\" class=\"KcpHeO tz5f0K comp-lax3za3q wixui-rich-text\" data-testid=\"richTextElement\">\n<h2 class=\"font_6 wixui-rich-text__text\"><span class=\"wixui-rich-text__text\"><span class=\"color_15 wixui-rich-text__text\">Sono un privato, posso usufruire dei vostri servizi?<\/span><\/span><\/h2>\n<\/div>\n<div id=\"comp-lax3zmr8\" class=\"KcpHeO tz5f0K comp-lax3zmr8 wixui-rich-text\" data-testid=\"richTextElement\">\n<p class=\"font_9 wixui-rich-text__text\">Se siete un privato, possiamo anche accogliere il vostro progetto. I nostri servizi sono aperti a tutti, quindi non esitate a contattarci.&nbsp;<span class=\"wixui-rich-text__text\"><a class=\"wixui-rich-text__text\" href=\"https:\/\/www.containersbrilock.com\/contact-8\" target=\"_self\">contattateci.<\/a><\/span><\/p>\n<\/div>\n<div id=\"comp-lax44pv5\" class=\"KcpHeO tz5f0K comp-lax44pv5 wixui-rich-text\" data-testid=\"richTextElement\">\n<h2 class=\"font_6 wixui-rich-text__text\"><span class=\"wixui-rich-text__text\"><span class=\"color_15 wixui-rich-text__text\">Come si trasporta un container marittimo?<\/span><\/span><\/h2>\n<\/div>\n<div id=\"comp-lax44vxt\" class=\"KcpHeO tz5f0K comp-lax44vxt wixui-rich-text\" data-testid=\"richTextElement\">\n<p class=\"font_9 wixui-rich-text__text\">Quasi 500 milioni&nbsp;<a class=\"wixui-rich-text__text\" href=\"https:\/\/www.container-z.com\/fr\/vente-et-location\/containers-standards\" target=\"_blank\" rel=\"noreferrer noopener\">contenitori<\/a>&nbsp;ogni anno nei porti, con carichi fino a 30 tonnellate che devono essere sollevati e depositati pi\u00f9 volte. Il trasporto di container via mare richiede quindi un sistema ben sviluppato e ancoraggi solidi! Ecco perch\u00e9 il trasporto di container \u00e8 soggetto a determinate regole di sicurezza.<\/p>\n<p class=\"font_9 wixui-rich-text__text\">Per la movimentazione, le macchine utilizzano principalmente&nbsp;<a class=\"wixui-rich-text__text\" href=\"https:\/\/www.container-z.com\/fr\/accessoires\/calage-et-arrimage\" target=\"_blank\" rel=\"noreferrer noopener\">gli angoli ISO del contenitore<\/a>Pi\u00f9 raramente, i passaggi laterali in basso sono progettati per la movimentazione di contenitori vuoti con carrelli elevatori.<\/p>\n<\/div>\n<div id=\"comp-lax454uq\" class=\"KcpHeO tz5f0K comp-lax454uq wixui-rich-text\" data-testid=\"richTextElement\">\n<h2 class=\"font_6 wixui-rich-text__text\"><span class=\"wixui-rich-text__text\"><span class=\"color_15 wixui-rich-text__text\">Angolo di isolamento su un contenitore<\/span><\/span><\/h2>\n<\/div>\n<div id=\"comp-lax459lk\" class=\"KcpHeO tz5f0K comp-lax459lk wixui-rich-text\" data-testid=\"richTextElement\">\n<p class=\"font_9 wixui-rich-text__text\">Gli angoli ISO si trovano in ogni angolo di un container. Sono pezzi di acciaio con aperture su 3 lati. Sono in realt\u00e0 parti femminili. Le parti maschio, note come twist lock, si inseriscono all'interno e si bloccano in posizione. Una volta montate insieme, queste due parti possono essere utilizzate per fissare i container l'uno all'altro, su una gru, una barca, un camion, ecc.<\/p>\n<p class=\"font_9 wixui-rich-text__text\">Esistono anche twist lock automatici, montati su gru, e twist lock manuali, che si trovano ad esempio sui camion o per collegare tra loro due container.<\/p>\n<\/div>\n<div id=\"comp-lax45n0l\" class=\"KcpHeO tz5f0K comp-lax45n0l wixui-rich-text\" data-testid=\"richTextElement\">\n<h2 class=\"font_6 wixui-rich-text__text\"><span class=\"wixui-rich-text__text\"><span class=\"color_15 wixui-rich-text__text\">Un contenitore pu\u00f2 trasportare elementi radioattivi (ad esempio, scorie nucleari)?<\/span><\/span><\/h2>\n<\/div>\n<div id=\"comp-lax45rwy\" class=\"KcpHeO tz5f0K comp-lax45rwy wixui-rich-text\" data-testid=\"richTextElement\">\n<p class=\"font_9 wixui-rich-text__text\">S\u00ec, ma solo se il contenitore \u00e8 di tipo IP2 o di tipo A. Questi contenitori sono appositamente attrezzati per contenere questo tipo di materiale. \u00c8 quindi impossibile stoccare materiali radioattivi in un contenitore standard.<\/p>\n<\/div>\t\t\t\t\t\t<\/div>\n\t\t\t\t<\/div>\n\t\t\t\t\t<\/div>\n\t\t\t\t<\/div>\n\t\t\t\t\t\t\t<\/div>","protected":false},"excerpt":{"rendered":"<p>QUESTIONS FR\u00c9QUENTES Les r\u00e9ponses \u00e0 vos questions Est-ce qu&rsquo;un container c&rsquo;est r\u00e9sistant? Un conteneur est adapt\u00e9 pour durer plus d\u2019une dizaine d\u2019ann\u00e9es en service lors de trajets maritimes. Il va sans dire que la r\u00e9sistance d\u2019un container n\u2019est plus \u00e0 prouver, d\u2019autant que nos containers disponibles \u00e0 l\u2019achat et \u00e0 la location et pour les [&hellip;]<\/p>","protected":false},"author":1,"featured_media":0,"parent":0,"menu_order":0,"comment_status":"closed","ping_status":"closed","template":"elementor_header_footer","meta":{"_monsterinsights_skip_tracking":false,"_monsterinsights_sitenote_active":false,"_monsterinsights_sitenote_note":"","_monsterinsights_sitenote_category":0,"footnotes":""},"aioseo_notices":[],"_links":{"self":[{"href":"https:\/\/alex-elec.eu\/it\/wp-json\/wp\/v2\/pages\/20288"}],"collection":[{"href":"https:\/\/alex-elec.eu\/it\/wp-json\/wp\/v2\/pages"}],"about":[{"href":"https:\/\/alex-elec.eu\/it\/wp-json\/wp\/v2\/types\/page"}],"author":[{"embeddable":true,"href":"https:\/\/alex-elec.eu\/it\/wp-json\/wp\/v2\/users\/1"}],"replies":[{"embeddable":true,"href":"https:\/\/alex-elec.eu\/it\/wp-json\/wp\/v2\/comments?post=20288"}],"version-history":[{"count":7,"href":"https:\/\/alex-elec.eu\/it\/wp-json\/wp\/v2\/pages\/20288\/revisions"}],"predecessor-version":[{"id":28321,"href":"https:\/\/alex-elec.eu\/it\/wp-json\/wp\/v2\/pages\/20288\/revisions\/28321"}],"wp:attachment":[{"href":"https:\/\/alex-elec.eu\/it\/wp-json\/wp\/v2\/media?parent=20288"}],"curies":[{"name":"wp","href":"https:\/\/api.w.org\/{rel}","templated":true}]}}