{"id":14143,"date":"2021-09-09T11:07:54","date_gmt":"2021-09-09T11:07:54","guid":{"rendered":"https:\/\/demo.xpeedstudio.com\/bajaar\/?page_id=14143"},"modified":"2023-09-22T01:16:26","modified_gmt":"2023-09-22T01:16:26","slug":"about-us","status":"publish","type":"page","link":"https:\/\/alex-elec.eu\/it\/about-us\/","title":{"rendered":"Chi siamo"},"content":{"rendered":"<div data-elementor-type=\"wp-page\" data-elementor-id=\"14143\" class=\"elementor elementor-14143\">\n\t\t\t\t\t\t\t\t\t<section class=\"elementor-section elementor-top-section elementor-element elementor-element-110c208a elementor-section-boxed elementor-section-height-default elementor-section-height-default\" data-id=\"110c208a\" data-element_type=\"section\">\n\t\t\t\t\t\t<div class=\"elementor-container elementor-column-gap-default\">\n\t\t\t\t\t<div class=\"elementor-column elementor-col-50 elementor-top-column elementor-element elementor-element-3b39a748\" data-id=\"3b39a748\" data-element_type=\"column\">\n\t\t\t<div class=\"elementor-widget-wrap elementor-element-populated\">\n\t\t\t\t\t\t\t\t<div class=\"elementor-element elementor-element-6c29409e elementor-invisible elementor-widget elementor-widget-image\" data-id=\"6c29409e\" data-element_type=\"widget\" data-settings=\"{&quot;_animation&quot;:&quot;fadeInUp&quot;,&quot;_animation_mobile&quot;:&quot;none&quot;,&quot;ekit_we_effect_on&quot;:&quot;none&quot;}\" data-widget_type=\"image.default\">\n\t\t\t\t<div class=\"elementor-widget-container\">\n\t\t\t<style>\/*! elementor - v3.16.0 - 09-10-2023 *\/\n.elementor-widget-image{text-align:center}.elementor-widget-image a{display:inline-block}.elementor-widget-image a img[src$=\".svg\"]{width:48px}.elementor-widget-image img{vertical-align:middle;display:inline-block}<\/style>\t\t\t\t\t\t\t\t\t\t\t\t<img loading=\"lazy\" decoding=\"async\" width=\"500\" height=\"500\" src=\"https:\/\/alex-elec.eu\/wp-content\/uploads\/2023\/09\/3f9fb6_07f7721e92ae4151b07d6bd106c9a0ffmv2.webp\" class=\"attachment-full size-full wp-image-27872\" alt=\"\" srcset=\"https:\/\/alex-elec.eu\/wp-content\/uploads\/2023\/09\/3f9fb6_07f7721e92ae4151b07d6bd106c9a0ffmv2.webp 500w, https:\/\/alex-elec.eu\/wp-content\/uploads\/2023\/09\/3f9fb6_07f7721e92ae4151b07d6bd106c9a0ffmv2-300x300.webp 300w, https:\/\/alex-elec.eu\/wp-content\/uploads\/2023\/09\/3f9fb6_07f7721e92ae4151b07d6bd106c9a0ffmv2-100x100.webp 100w, https:\/\/alex-elec.eu\/wp-content\/uploads\/2023\/09\/3f9fb6_07f7721e92ae4151b07d6bd106c9a0ffmv2-150x150.webp 150w\" sizes=\"(max-width: 500px) 100vw, 500px\" \/>\t\t\t\t\t\t\t\t\t\t\t\t\t\t\t<\/div>\n\t\t\t\t<\/div>\n\t\t\t\t<div class=\"elementor-element elementor-element-7980d798 elementor-widget__width-auto elementor-absolute elementor-hidden-tablet elementor-hidden-phone elementor-invisible elementor-widget elementor-widget-image\" data-id=\"7980d798\" data-element_type=\"widget\" data-settings=\"{&quot;_animation&quot;:&quot;fadeInLeft&quot;,&quot;_position&quot;:&quot;absolute&quot;,&quot;ekit_we_effect_on&quot;:&quot;none&quot;}\" data-widget_type=\"image.default\">\n\t\t\t\t<div class=\"elementor-widget-container\">\n\t\t\t\t\t\t\t\t\t\t\t\t\t\t\t<img decoding=\"async\" src=\"https:\/\/demo.xpeedstudio.com\/bajaar\/bakery\/bakerybakery\/bakery\/wp-content\/uploads\/2021\/09\/st_about_shape.png\" title=\"\" alt=\"\" loading=\"lazy\" \/>\t\t\t\t\t\t\t\t\t\t\t\t\t\t\t<\/div>\n\t\t\t\t<\/div>\n\t\t\t\t\t<\/div>\n\t\t<\/div>\n\t\t\t\t<div class=\"elementor-column elementor-col-50 elementor-top-column elementor-element elementor-element-272e3eaf\" data-id=\"272e3eaf\" data-element_type=\"column\">\n\t\t\t<div class=\"elementor-widget-wrap elementor-element-populated\">\n\t\t\t\t\t\t\t\t<div class=\"elementor-element elementor-element-3aa6803a elementor-widget elementor-widget-elementskit-heading\" data-id=\"3aa6803a\" data-element_type=\"widget\" data-settings=\"{&quot;ekit_we_effect_on&quot;:&quot;none&quot;}\" data-widget_type=\"elementskit-heading.default\">\n\t\t\t\t<div class=\"elementor-widget-container\">\n\t\t\t<div class=\"ekit-wid-con\" ><div class=\"ekit-heading elementskit-section-title-wraper text_left   ekit_heading_tablet-   ekit_heading_mobile-\"><h2 class=\"ekit-heading--title elementskit-section-title\">Presentazione di ALEX ELEC - CH CONTENEUR<\/h2>\t\t\t\t<div class='ekit-heading__description'>\n\t\t\t\t\t<p>ALEXELEC - CH CONTENEUR, societ\u00e0 per azioni semplificata con capitale sociale di 1.000,00 euro, con sede legale in 6 RUE DE L'EGLISE, 88510 ELOYES, iscritta al Registro del Commercio e delle Imprese di Epinal con il numero 903 493 591, rappresentata dal sig. Alexandre CLAUDOT che agisce e ha i poteri necessari come Presidente.<\/p>\n\t\t\t\t<\/div>\n\t\t\t<\/div><\/div>\t\t<\/div>\n\t\t\t\t<\/div>\n\t\t\t\t<div class=\"elementor-element elementor-element-67fa7221 elementor-widget__width-auto elementor-widget elementor-widget-image\" data-id=\"67fa7221\" data-element_type=\"widget\" data-settings=\"{&quot;ekit_we_effect_on&quot;:&quot;none&quot;}\" data-widget_type=\"image.default\">\n\t\t\t\t<div class=\"elementor-widget-container\">\n\t\t\t\t\t\t\t\t\t\t\t\t\t\t\t<img decoding=\"async\" src=\"https:\/\/demo.xpeedstudio.com\/bajaar\/bakery\/bakerybakery\/bakery\/wp-content\/uploads\/2021\/09\/st_about_signature.png\" title=\"\" alt=\"\" loading=\"lazy\" \/>\t\t\t\t\t\t\t\t\t\t\t\t\t\t\t<\/div>\n\t\t\t\t<\/div>\n\t\t\t\t\t<\/div>\n\t\t<\/div>\n\t\t\t\t\t\t\t<\/div>\n\t\t<\/section>\n\t\t\t\t\t\t\t<\/div>","protected":false},"excerpt":{"rendered":"<p>Pr\u00e9sentation de la soci\u00e9t\u00e9 ALEX ELEC &#8211; CH CONTENEUR ALEXELEC &#8211; CH CONTENEUR, soci\u00e9t\u00e9 par actions simplifi\u00e9e, au capital social de 1 000,00 \u20ac, dont le si\u00e8ge social est situ\u00e9 au 6 RUE DE L&rsquo;EGLISE, 88510 ELOYES, immatricul\u00e9e au Registre du Commerce et des Soci\u00e9t\u00e9s de Epinal sous le num\u00e9ro 903 493 591 repr\u00e9sent\u00e9e par [&hellip;]<\/p>","protected":false},"author":1,"featured_media":0,"parent":0,"menu_order":0,"comment_status":"closed","ping_status":"closed","template":"elementor_header_footer","meta":{"_monsterinsights_skip_tracking":false,"_monsterinsights_sitenote_active":false,"_monsterinsights_sitenote_note":"","_monsterinsights_sitenote_category":0,"footnotes":""},"aioseo_notices":[],"_links":{"self":[{"href":"https:\/\/alex-elec.eu\/it\/wp-json\/wp\/v2\/pages\/14143"}],"collection":[{"href":"https:\/\/alex-elec.eu\/it\/wp-json\/wp\/v2\/pages"}],"about":[{"href":"https:\/\/alex-elec.eu\/it\/wp-json\/wp\/v2\/types\/page"}],"author":[{"embeddable":true,"href":"https:\/\/alex-elec.eu\/it\/wp-json\/wp\/v2\/users\/1"}],"replies":[{"embeddable":true,"href":"https:\/\/alex-elec.eu\/it\/wp-json\/wp\/v2\/comments?post=14143"}],"version-history":[{"count":5,"href":"https:\/\/alex-elec.eu\/it\/wp-json\/wp\/v2\/pages\/14143\/revisions"}],"predecessor-version":[{"id":28299,"href":"https:\/\/alex-elec.eu\/it\/wp-json\/wp\/v2\/pages\/14143\/revisions\/28299"}],"wp:attachment":[{"href":"https:\/\/alex-elec.eu\/it\/wp-json\/wp\/v2\/media?parent=14143"}],"curies":[{"name":"wp","href":"https:\/\/api.w.org\/{rel}","templated":true}]}}