{"id":28033,"date":"2023-09-21T18:13:30","date_gmt":"2023-09-21T18:13:30","guid":{"rendered":"https:\/\/alex-elec.eu\/?post_type=product&#038;p=28033"},"modified":"2023-09-21T18:13:31","modified_gmt":"2023-09-21T18:13:31","slug":"container-high-cube-pallet-wide-40-pieds-occasion-classe-a","status":"publish","type":"product","link":"https:\/\/alex-elec.eu\/hu\/product\/container-high-cube-pallet-wide-40-pieds-occasion-classe-a\/","title":{"rendered":"Kont\u00e9ner High Cube raklap sz\u00e9les 40 l\u00e1b haszn\u00e1lt (A oszt\u00e1ly)"},"content":{"rendered":"<p><strong>A kont\u00e9ner magas kocka raklap sz\u00e9les 40 l\u00e1b sz\u00e9les m\u00e1sodik k\u00e9zb\u0151l\u00a0<\/strong>rakt\u00e1roz\u00e1sra, rakt\u00e1r\u00e9p\u00edt\u00e9sre \u00e9s lakhat\u00e1sra is haszn\u00e1lj\u00e1k. A 40 l\u00e1bas kont\u00e9ner k\u00fcl\u00f6n\u00f6sen er\u0151s, mivel a teljes Corten ac\u00e9lszerkezet\u00e9t hull\u00e1mlemez falak \u00e9s oldals\u00ednek alkotj\u00e1k, amelyekre 28 mm-es tengeri r\u00e9tegelt lemez padl\u00f3t fektetnek.<\/p>\n<p>&nbsp;<\/p>\n<p>&nbsp;<\/p>\n<p>M\u0171szaki adatok.<\/p>\n<p>Bels\u0151 m\u00e9retek:<\/p>\n<p>- Hossz: 12,029 mm<br \/>\n- Sz\u00e9less\u00e9g: 2 350 mm<br \/>\n- Magass\u00e1g: 2690 mm<\/p>\n<p>K\u00fcls\u0151 m\u00e9retek:<\/p>\n<p>- Hossz:12,192 mm<br \/>\n- Sz\u00e9less\u00e9g: 2,438 mm<br \/>\n- Magass\u00e1g: 2890 mm<\/p>\n<p>Ajt\u00f3 m\u00e9retei:<\/p>\n<p>- Sz\u00e9less\u00e9g: 2 340 mm<br \/>\n- Magass\u00e1g: 2580 mm<\/p>\n<p>Szerkezet: Teljesen hegesztett CORTEN<\/p>\n<p>Padl\u00f3: 28 mm MARINE r\u00e9tegelt lemez<\/p>\n<p>K\u00e9t robusztus ajt\u00f3 ny\u00edlik kifel\u00e9<br \/>\nNagy teherb\u00edr\u00e1s\u00fa reteszel\u00e9s 4 f\u00fcgg\u0151leges csavarral<br \/>\nAz ajt\u00f3k 270\u00b0-ra ny\u00edlnak.<\/p>\n<p>Tov\u00e1bbi inform\u00e1ci\u00f3k:<\/p>\n<p>- Maxim\u00e1lis terhel\u00e9s: 26,460 kg<br \/>\n- Saj\u00e1t t\u00f6meg: 3,940 kg<br \/>\n- Maxim\u00e1lis s\u00faly: 30,480 kg<\/p>","protected":false},"excerpt":{"rendered":"<p>Le Container high cube pallet wide 40 pieds occasion\u00a0est \u00e9galement utilis\u00e9 pour l\u2019activit\u00e9 de stockage, pour la construction d\u2019entrep\u00f4t et de base de vie. Le conteneur 40 pieds est particuli\u00e8rement r\u00e9sistant, car l\u2019int\u00e9gralit\u00e9 de sa structure en acier Corten est compos\u00e9e de parois en t\u00f4le ondul\u00e9e et de longerons sur lesquels r\u00e9side un plancher en [&hellip;]<\/p>","protected":false},"featured_media":28034,"comment_status":"open","ping_status":"closed","template":"","meta":{"_monsterinsights_skip_tracking":false,"_monsterinsights_sitenote_active":false,"_monsterinsights_sitenote_note":"","_monsterinsights_sitenote_category":0},"product_cat":[15,101],"product_tag":[],"aioseo_notices":[],"_links":{"self":[{"href":"https:\/\/alex-elec.eu\/hu\/wp-json\/wp\/v2\/product\/28033"}],"collection":[{"href":"https:\/\/alex-elec.eu\/hu\/wp-json\/wp\/v2\/product"}],"about":[{"href":"https:\/\/alex-elec.eu\/hu\/wp-json\/wp\/v2\/types\/product"}],"replies":[{"embeddable":true,"href":"https:\/\/alex-elec.eu\/hu\/wp-json\/wp\/v2\/comments?post=28033"}],"wp:featuredmedia":[{"embeddable":true,"href":"https:\/\/alex-elec.eu\/hu\/wp-json\/wp\/v2\/media\/28034"}],"wp:attachment":[{"href":"https:\/\/alex-elec.eu\/hu\/wp-json\/wp\/v2\/media?parent=28033"}],"wp:term":[{"taxonomy":"product_cat","embeddable":true,"href":"https:\/\/alex-elec.eu\/hu\/wp-json\/wp\/v2\/product_cat?post=28033"},{"taxonomy":"product_tag","embeddable":true,"href":"https:\/\/alex-elec.eu\/hu\/wp-json\/wp\/v2\/product_tag?post=28033"}],"curies":[{"name":"wp","href":"https:\/\/api.w.org\/{rel}","templated":true}]}}