{"id":27995,"date":"2023-09-21T17:53:42","date_gmt":"2023-09-21T17:53:42","guid":{"rendered":"https:\/\/alex-elec.eu\/?post_type=product&#038;p=27995"},"modified":"2023-09-21T17:53:42","modified_gmt":"2023-09-21T17:53:42","slug":"snack-box-20%e2%80%b2-3-faces","status":"publish","type":"product","link":"https:\/\/alex-elec.eu\/hu\/product\/snack-box-20%e2%80%b2-3-faces\/","title":{"rendered":"Snack-BOX 20\u2032 \"3 arcok"},"content":{"rendered":"<p><strong>Felszerel\u00e9s:<\/strong>\u00a0Snack-BOX tart\u00e1ly<br \/>\n<strong>Modell:<\/strong>\u00a020\u2032 ft DRY Transformed<br \/>\n<strong>\u00c1llam:<\/strong>\u00a0EX 1. utaz\u00e1s<br \/>\n<strong>Az \u00e9v:<\/strong>\u00a02017<\/p>\n<p><strong>Sz\u00edn:<\/strong>\u00a09010 (feh\u00e9r)<br \/>\n<strong>Hivatkoz\u00e1s:<\/strong>\u00a0FAMU202168-5<br \/>\n<strong>Opci\u00f3k:<\/strong>\u00a0Lakatv\u00e9delem + szerelv\u00e9nyek + alum\u00edniummal p\u00e1nc\u00e9lozott padl\u00f3lemezek<br \/>\n<strong>Az elrendez\u00e9s r\u00e9szletei:<\/strong><br \/>\n- 5 felemelhet\u0151 levelek 2.50m x 1.10m<br \/>\n- K\u00fcls\u0151 magass\u00e1g: 1.10m Bels\u0151 magass\u00e1g: 0.90m<br \/>\n- A levelek z\u00e1r\u00e1sa bel\u00fclr\u0151l<br \/>\n- 4 \u00e1ll\u00edthat\u00f3 henger (negat\u00edv kompresszi\u00f3)<br \/>\n- 3 Emelhet\u0151 r\u00fadtart\u00f3k 0,30 m, bele\u00e9rtve a PMR-t is<br \/>\n- 1 Szerelv\u00e9ny a PRM fogad\u00e1s\u00e1hoz<br \/>\n- Rozsdamentes ac\u00e9l r\u00fadtart\u00f3k burkol\u00e1sa<br \/>\n- A mozg\u00e1skorl\u00e1tozottakra vonatkoz\u00f3 szakaszba tartoz\u00f3 bel\u00e9ptet\u0151 kapu<br \/>\n- A m\u00f3dos\u00edtott elemek fest\u00e9se<br \/>\n<strong>K\u00fcls\u0151 m\u00e9retek:<\/strong>\u00a06.05m X 2.43m X 2.59m<br \/>\n<strong>S\u00faly:<\/strong>\u00a02350 kg<br \/>\n<strong>K\u00f6tet:<\/strong>\u00a033 m3<br \/>\n<strong>Fel\u00fclet:\u00a0<\/strong>15 m2<br \/>\n<strong>Max. terhel\u00e9s<\/strong>\u00a028,000 kg<\/p>","protected":false},"excerpt":{"rendered":"<p>Mat\u00e9riel:\u00a0Container Snack-BOX Mod\u00e8le:\u00a020\u2032 ft DRY Transform\u00e9 Etat:\u00a0EX 1er voyage Ann\u00e9e:\u00a02017 Couleur:\u00a09010 (blanc) R\u00e9f\u00e9rence:\u00a0FAMU202168-5 Options incluses:\u00a0Protection cadenas + Am\u00e9nagement + rev\u00eatement de sol en t\u00f4le larm\u00e9e aluminium D\u00e9tails de l\u2019am\u00e9nagement: \u2013 5 Vantaux relevables 2.50m x 1.10m \u2013 \u00c9l\u00e9vation ext: 1.10m int: 0.90m \u2013 Verrouillage des vantaux depuis l\u2019int\u00e9rieur \u2013 4 V\u00e9rins r\u00e9glables (en compression n\u00e9gative) [&hellip;]<\/p>","protected":false},"featured_media":27996,"comment_status":"open","ping_status":"closed","template":"","meta":{"_monsterinsights_skip_tracking":false,"_monsterinsights_sitenote_active":false,"_monsterinsights_sitenote_note":"","_monsterinsights_sitenote_category":0},"product_cat":[15,101],"product_tag":[],"aioseo_notices":[],"_links":{"self":[{"href":"https:\/\/alex-elec.eu\/hu\/wp-json\/wp\/v2\/product\/27995"}],"collection":[{"href":"https:\/\/alex-elec.eu\/hu\/wp-json\/wp\/v2\/product"}],"about":[{"href":"https:\/\/alex-elec.eu\/hu\/wp-json\/wp\/v2\/types\/product"}],"replies":[{"embeddable":true,"href":"https:\/\/alex-elec.eu\/hu\/wp-json\/wp\/v2\/comments?post=27995"}],"wp:featuredmedia":[{"embeddable":true,"href":"https:\/\/alex-elec.eu\/hu\/wp-json\/wp\/v2\/media\/27996"}],"wp:attachment":[{"href":"https:\/\/alex-elec.eu\/hu\/wp-json\/wp\/v2\/media?parent=27995"}],"wp:term":[{"taxonomy":"product_cat","embeddable":true,"href":"https:\/\/alex-elec.eu\/hu\/wp-json\/wp\/v2\/product_cat?post=27995"},{"taxonomy":"product_tag","embeddable":true,"href":"https:\/\/alex-elec.eu\/hu\/wp-json\/wp\/v2\/product_tag?post=27995"}],"curies":[{"name":"wp","href":"https:\/\/api.w.org\/{rel}","templated":true}]}}