{"id":27991,"date":"2023-09-21T17:51:58","date_gmt":"2023-09-21T17:51:58","guid":{"rendered":"https:\/\/alex-elec.eu\/?post_type=product&#038;p=27991"},"modified":"2023-09-21T17:51:58","modified_gmt":"2023-09-21T17:51:58","slug":"container-maritime-10%e2%80%b2-dry-1er-voyage","status":"publish","type":"product","link":"https:\/\/alex-elec.eu\/hu\/product\/container-maritime-10%e2%80%b2-dry-1er-voyage\/","title":{"rendered":"Tengeri kont\u00e9ner 10\u2032 DRY 1. \u00fat"},"content":{"rendered":"<p><strong>Felszerel\u00e9s:<\/strong>\u00a0Tengeri kont\u00e9ner<br \/>\n<strong>Modell:<\/strong>\u00a010\u2032 ft<br \/>\n<strong>V\u00e1ltozat:<\/strong>\u00a01. utaz\u00e1s*<br \/>\n<strong>Az \u00e9v:<\/strong>\u00a0NC<br \/>\n<strong>K\u00fcls\u0151 m\u00e9retek:<\/strong>\u00a0L.2.99 x W.2.44 x H.2.59m<\/p>\n<p><strong>Bels\u0151 m\u00e9retek:<\/strong>\u00a0L.2.82 x W.2.35 x H.2.39m<\/p>\n<p><strong>Fel\u00fclet:<\/strong>\u00a06,62m\u00b2<\/p>\n<p><strong>K\u00f6tet:<\/strong>\u00a016m\u00b3<\/p>\n<p><strong>Taras\u00faly:<\/strong>\u00a01380kg<\/p>\n<p><strong>Teherb\u00edr\u00e1s:<\/strong>\u00a08860 kg<\/p>","protected":false},"excerpt":{"rendered":"<p>Mat\u00e9riel:\u00a0Container maritime Mod\u00e8le:\u00a010\u2032 ft Version:\u00a01er Voyage* Ann\u00e9e:\u00a0NC Dimensions ext\u00e9rieures:\u00a0L.2.99 x l.2.44 x H.2.59m Dimensions int\u00e9rieures:\u00a0L.2.82 x l.2.35 x H.2.39m Surface:\u00a06,62m\u00b2 Volume:\u00a016m\u00b3 Poids \u00e0 vide:\u00a01380kg Charge admissible:\u00a08860 kg<\/p>","protected":false},"featured_media":27994,"comment_status":"open","ping_status":"closed","template":"","meta":{"_monsterinsights_skip_tracking":false,"_monsterinsights_sitenote_active":false,"_monsterinsights_sitenote_note":"","_monsterinsights_sitenote_category":0},"product_cat":[15,101],"product_tag":[],"aioseo_notices":[],"_links":{"self":[{"href":"https:\/\/alex-elec.eu\/hu\/wp-json\/wp\/v2\/product\/27991"}],"collection":[{"href":"https:\/\/alex-elec.eu\/hu\/wp-json\/wp\/v2\/product"}],"about":[{"href":"https:\/\/alex-elec.eu\/hu\/wp-json\/wp\/v2\/types\/product"}],"replies":[{"embeddable":true,"href":"https:\/\/alex-elec.eu\/hu\/wp-json\/wp\/v2\/comments?post=27991"}],"wp:featuredmedia":[{"embeddable":true,"href":"https:\/\/alex-elec.eu\/hu\/wp-json\/wp\/v2\/media\/27994"}],"wp:attachment":[{"href":"https:\/\/alex-elec.eu\/hu\/wp-json\/wp\/v2\/media?parent=27991"}],"wp:term":[{"taxonomy":"product_cat","embeddable":true,"href":"https:\/\/alex-elec.eu\/hu\/wp-json\/wp\/v2\/product_cat?post=27991"},{"taxonomy":"product_tag","embeddable":true,"href":"https:\/\/alex-elec.eu\/hu\/wp-json\/wp\/v2\/product_tag?post=27991"}],"curies":[{"name":"wp","href":"https:\/\/api.w.org\/{rel}","templated":true}]}}