{"id":27980,"date":"2023-09-21T17:38:19","date_gmt":"2023-09-21T17:38:19","guid":{"rendered":"https:\/\/alex-elec.eu\/?post_type=product&#038;p=27980"},"modified":"2023-09-21T17:38:19","modified_gmt":"2023-09-21T17:38:19","slug":"container-maritime-20%e2%80%b2-dry-ex-1er-voyage","status":"publish","type":"product","link":"https:\/\/alex-elec.eu\/hu\/product\/container-maritime-20%e2%80%b2-dry-ex-1er-voyage\/","title":{"rendered":"Tengeri kont\u00e9ner 20\u2032 DRY \"ex\" 1. utaz\u00e1s"},"content":{"rendered":"<p><strong>Felszerel\u00e9s:<\/strong>\u00a0Tengeri kont\u00e9ner<br \/>\n<strong>Modell:<\/strong>\u00a020\u2032 SZ\u00c1RAZ<br \/>\n<strong>\u00c1llam:<\/strong>\u00a0Ex 1. utaz\u00e1s<br \/>\n<strong>Az \u00e9v:<\/strong>\u00a0NC<br \/>\n<strong>Sz\u00edn:<\/strong>\u00a0Red<br \/>\n<strong>K\u00fcls\u0151 m\u00e9retek:<\/strong>\u00a0L.6.05m x W.2.44m x H.2.59m<br \/>\n<strong>Bels\u0151 m\u00e9retek:<\/strong>\u00a0L.5.90m x W.2.35m x H.2.39m<br \/>\n<strong>Fel\u00fclet:<\/strong>\u00a015m\u00b2<br \/>\n<strong>K\u00f6tet:<\/strong>\u00a033m\u00b3<br \/>\n<strong>Taras\u00faly:<\/strong>\u00a02300 kg<br \/>\n<strong>Teherb\u00edr\u00e1s:<\/strong>\u00a028,000 kg<\/p>","protected":false},"excerpt":{"rendered":"<p>Mat\u00e9riel:\u00a0Container maritime Mod\u00e8le:\u00a020\u2032 DRY Etat:\u00a0Ex 1er voyage* Ann\u00e9e:\u00a0NC Couleur:\u00a0Rouge Dimensions ext\u00e9rieures:\u00a0L.6.05m x l.2.44m x H.2.59m Dimensions int\u00e9rieures:\u00a0L.5.90m x l.2.35m x H.2.39m Surface:\u00a015m\u00b2 Volume:\u00a033m\u00b3 Poids \u00e0 vide:\u00a02300 kg Charge admissible:\u00a028000 kg<\/p>","protected":false},"featured_media":27983,"comment_status":"open","ping_status":"closed","template":"","meta":{"_monsterinsights_skip_tracking":false,"_monsterinsights_sitenote_active":false,"_monsterinsights_sitenote_note":"","_monsterinsights_sitenote_category":0},"product_cat":[15,101],"product_tag":[],"aioseo_notices":[],"_links":{"self":[{"href":"https:\/\/alex-elec.eu\/hu\/wp-json\/wp\/v2\/product\/27980"}],"collection":[{"href":"https:\/\/alex-elec.eu\/hu\/wp-json\/wp\/v2\/product"}],"about":[{"href":"https:\/\/alex-elec.eu\/hu\/wp-json\/wp\/v2\/types\/product"}],"replies":[{"embeddable":true,"href":"https:\/\/alex-elec.eu\/hu\/wp-json\/wp\/v2\/comments?post=27980"}],"wp:featuredmedia":[{"embeddable":true,"href":"https:\/\/alex-elec.eu\/hu\/wp-json\/wp\/v2\/media\/27983"}],"wp:attachment":[{"href":"https:\/\/alex-elec.eu\/hu\/wp-json\/wp\/v2\/media?parent=27980"}],"wp:term":[{"taxonomy":"product_cat","embeddable":true,"href":"https:\/\/alex-elec.eu\/hu\/wp-json\/wp\/v2\/product_cat?post=27980"},{"taxonomy":"product_tag","embeddable":true,"href":"https:\/\/alex-elec.eu\/hu\/wp-json\/wp\/v2\/product_tag?post=27980"}],"curies":[{"name":"wp","href":"https:\/\/api.w.org\/{rel}","templated":true}]}}